{"id":8658,"date":"2026-05-01T11:53:51","date_gmt":"2026-05-01T11:53:51","guid":{"rendered":"https:\/\/pinedesign.nl\/product\/esszimmerstuhl-morris\/"},"modified":"2026-05-01T11:53:51","modified_gmt":"2026-05-01T11:53:51","slug":"esszimmerstuhl-morris","status":"publish","type":"product","link":"https:\/\/pinedesign.nl\/de\/product\/esszimmerstuhl-morris\/","title":{"rendered":"Esszimmerstuhl Morris"},"content":{"rendered":"<p class=\"isSelectedEnd\">Lerne Morris kennen. Kein gew\u00f6hnlicher Esszimmerstuhl, sondern ein Statement in deinem Interieur. Mit seiner eigenwilligen Drehfunktion bewegt er sich m\u00fchelos bei jedem Moment am Tisch mit, von langen Dinners bis hin zu schnellen Kaffeepausen. Morris l\u00e4dt dazu ein, Platz zu nehmen, heranzur\u00fccken und vor allem: sitzen zu bleiben.   <\/p>\n<p class=\"isSelectedEnd\">Funktionalit\u00e4t und Stil gehen bei Morris Hand in Hand. Seine flie\u00dfenden Formen und komfortablen Armlehnen sorgen f\u00fcr eine entspannte Sitzhaltung, w\u00e4hrend der spielerische Charakter deinem Esszimmer das gewisse Etwas verleiht. Offen, zug\u00e4nglich und immer in Bewegung \u2013 genau so, wie dein Lebensraum sein sollte.  <\/p>\n<p class=\"isSelectedEnd\">Verleihe Morris deine pers\u00f6nliche Note. W\u00e4hle aus einem Gestell in Anodic Brown, Schwarz oder Sand und kombiniere es mit einer umfangreichen Auswahl an Stoffen und Farben. So stellst du einen Stuhl zusammen, der nahtlos zu deinem Stil und deiner Einrichtung passt.  <\/p>\n<p>Komm im Gesch\u00e4ft vorbei und erlebe es selbst. Setz dich, dreh dich und entdecke, warum Morris der perfekte Ausgangspunkt f\u00fcr jede Tischrunde ist. <\/p>\n","protected":false},"excerpt":{"rendered":"<p class=\"isSelectedEnd\">Lerne Morris kennen. Kein gew\u00f6hnlicher Esszimmerstuhl, sondern ein Statement in deinem Interieur. Mit seiner eigenwilligen Drehfunktion bewegt er sich m\u00fchelos bei jedem Moment am Tisch mit, von langen Dinners bis hin zu schnellen Kaffeepausen. Morris l\u00e4dt dazu ein, Platz zu nehmen, heranzur\u00fccken und vor allem: sitzen zu bleiben.   <\/p>\n<p class=\"isSelectedEnd\">Funktionalit\u00e4t und Stil gehen bei Morris Hand in Hand. Seine flie\u00dfenden Formen und komfortablen Armlehnen sorgen f\u00fcr eine entspannte Sitzhaltung, w\u00e4hrend der spielerische Charakter deinem Esszimmer das gewisse Etwas verleiht. Offen, zug\u00e4nglich und immer in Bewegung \u2013 genau so, wie dein Lebensraum sein sollte.  <\/p>\n<p class=\"isSelectedEnd\">Verleihe Morris deine pers\u00f6nliche Note. W\u00e4hle aus einem Gestell in Anodic Brown, Schwarz oder Sand und kombiniere es mit einer umfangreichen Auswahl an Stoffen und Farben. So stellst du einen Stuhl zusammen, der nahtlos zu deinem Stil und deiner Einrichtung passt.  <\/p>\n<p>Komm im Gesch\u00e4ft vorbei und erlebe es selbst. Setz dich, dreh dich und entdecke, warum Morris der perfekte Ausgangspunkt f\u00fcr jede Tischrunde ist. <\/p>\n","protected":false},"featured_media":8653,"template":"","meta":{"_joinchat":[]},"product_brand":[],"product_cat":[137,128,136,124],"product_tag":[],"class_list":{"0":"post-8658","1":"product","2":"type-product","3":"status-publish","4":"has-post-thumbnail","6":"product_cat-dyyk","7":"product_cat-esszimmerstuhle","8":"product_cat-marken","9":"product_cat-sitzmobel","11":"first","12":"instock","13":"shipping-taxable","14":"product-type-simple"},"_links":{"self":[{"href":"https:\/\/pinedesign.nl\/de\/wp-json\/wp\/v2\/product\/8658","targetHints":{"allow":["GET"]}}],"collection":[{"href":"https:\/\/pinedesign.nl\/de\/wp-json\/wp\/v2\/product"}],"about":[{"href":"https:\/\/pinedesign.nl\/de\/wp-json\/wp\/v2\/types\/product"}],"wp:featuredmedia":[{"embeddable":true,"href":"https:\/\/pinedesign.nl\/de\/wp-json\/wp\/v2\/media\/8653"}],"wp:attachment":[{"href":"https:\/\/pinedesign.nl\/de\/wp-json\/wp\/v2\/media?parent=8658"}],"wp:term":[{"taxonomy":"product_brand","embeddable":true,"href":"https:\/\/pinedesign.nl\/de\/wp-json\/wp\/v2\/product_brand?post=8658"},{"taxonomy":"product_cat","embeddable":true,"href":"https:\/\/pinedesign.nl\/de\/wp-json\/wp\/v2\/product_cat?post=8658"},{"taxonomy":"product_tag","embeddable":true,"href":"https:\/\/pinedesign.nl\/de\/wp-json\/wp\/v2\/product_tag?post=8658"}],"curies":[{"name":"wp","href":"https:\/\/api.w.org\/{rel}","templated":true}]}}