{"id":8648,"date":"2026-04-30T10:15:51","date_gmt":"2026-04-30T10:15:51","guid":{"rendered":"https:\/\/pinedesign.nl\/product\/esstisch-sherman\/"},"modified":"2026-04-30T10:15:51","modified_gmt":"2026-04-30T10:15:51","slug":"esstisch-sherman","status":"publish","type":"product","link":"https:\/\/pinedesign.nl\/de\/product\/esstisch-sherman\/","title":{"rendered":"Esstisch Sherman"},"content":{"rendered":"<p class=\"isSelectedEnd\">Entdecke den Esstisch Sherman von Richmond, einen echten Blickfang f\u00fcr dein Interieur. Dieser stilvolle Esstisch ist aus hochwertigem Akazienholz gefertigt und strahlt W\u00e4rme, Charakter und Qualit\u00e4t aus. Dank der nat\u00fcrlichen Holzmaserung ist jeder Tisch ein Unikat.  <\/p>\n<p class=\"isSelectedEnd\">Der Sherman ist in zwei Formaten lieferbar: 230 x 139 cm und 150 x 150 cm, sodass es immer eine passende Gr\u00f6\u00dfe f\u00fcr deinen Raum gibt. Die organisch geformte Tischplatte verleiht dem Tisch eine spielerische und zeitgem\u00e4\u00dfe Ausstrahlung. In Kombination mit der robusten, dicken Platte sorgt dies f\u00fcr ein kraftvolles und luxuri\u00f6ses Gesamtbild.  <\/p>\n<p class=\"isSelectedEnd\">Das auff\u00e4llige Holzbein macht diesen Esstisch besonders und verleiht ihm ein einzigartiges Design, das sofort ins Auge f\u00e4llt.<\/p>\n<p>Neugierig, wie dieser Eyecatcher in echt aussieht? Komm in unserem Gesch\u00e4ft vorbei und bewundere den Esstisch Sherman selbst! <\/p>\n","protected":false},"excerpt":{"rendered":"<p class=\"isSelectedEnd\">Entdecke den Esstisch Sherman von Richmond, einen echten Blickfang f\u00fcr dein Interieur. Dieser stilvolle Esstisch ist aus hochwertigem Akazienholz gefertigt und strahlt W\u00e4rme, Charakter und Qualit\u00e4t aus. Dank der nat\u00fcrlichen Holzmaserung ist jeder Tisch ein Unikat.  <\/p>\n<p class=\"isSelectedEnd\">Der Sherman ist in zwei Formaten lieferbar: 230 x 139 cm und 150 x 150 cm, sodass es immer eine passende Gr\u00f6\u00dfe f\u00fcr deinen Raum gibt. Die organisch geformte Tischplatte verleiht dem Tisch eine spielerische und zeitgem\u00e4\u00dfe Ausstrahlung. In Kombination mit der robusten, dicken Platte sorgt dies f\u00fcr ein kraftvolles und luxuri\u00f6ses Gesamtbild.  <\/p>\n<p class=\"isSelectedEnd\">Das auff\u00e4llige Holzbein macht diesen Esstisch besonders und verleiht ihm ein einzigartiges Design, das sofort ins Auge f\u00e4llt.<\/p>\n<p>Neugierig, wie dieser Eyecatcher in echt aussieht? Komm in unserem Gesch\u00e4ft vorbei und bewundere den Esstisch Sherman selbst! <\/p>\n","protected":false},"featured_media":8649,"template":"","meta":{"_joinchat":[]},"product_brand":[],"product_cat":[122,158,121],"product_tag":[],"class_list":{"0":"post-8648","1":"product","2":"type-product","3":"status-publish","4":"has-post-thumbnail","6":"product_cat-esstische","7":"product_cat-richmond","8":"product_cat-tische","10":"first","11":"instock","12":"shipping-taxable","13":"product-type-simple"},"_links":{"self":[{"href":"https:\/\/pinedesign.nl\/de\/wp-json\/wp\/v2\/product\/8648","targetHints":{"allow":["GET"]}}],"collection":[{"href":"https:\/\/pinedesign.nl\/de\/wp-json\/wp\/v2\/product"}],"about":[{"href":"https:\/\/pinedesign.nl\/de\/wp-json\/wp\/v2\/types\/product"}],"wp:featuredmedia":[{"embeddable":true,"href":"https:\/\/pinedesign.nl\/de\/wp-json\/wp\/v2\/media\/8649"}],"wp:attachment":[{"href":"https:\/\/pinedesign.nl\/de\/wp-json\/wp\/v2\/media?parent=8648"}],"wp:term":[{"taxonomy":"product_brand","embeddable":true,"href":"https:\/\/pinedesign.nl\/de\/wp-json\/wp\/v2\/product_brand?post=8648"},{"taxonomy":"product_cat","embeddable":true,"href":"https:\/\/pinedesign.nl\/de\/wp-json\/wp\/v2\/product_cat?post=8648"},{"taxonomy":"product_tag","embeddable":true,"href":"https:\/\/pinedesign.nl\/de\/wp-json\/wp\/v2\/product_tag?post=8648"}],"curies":[{"name":"wp","href":"https:\/\/api.w.org\/{rel}","templated":true}]}}