{"id":8597,"date":"2026-04-16T12:22:18","date_gmt":"2026-04-16T12:22:18","guid":{"rendered":"https:\/\/pinedesign.nl\/product\/couchtisch-slice\/"},"modified":"2026-04-16T12:23:20","modified_gmt":"2026-04-16T12:23:20","slug":"couchtisch-slice","status":"publish","type":"product","link":"https:\/\/pinedesign.nl\/de\/product\/couchtisch-slice\/","title":{"rendered":"Couchtisch Slice"},"content":{"rendered":"<p>Entdecke die perfekte Balance zwischen Natur und Design mit dem Slice Couchtisch von Ethnicraft.<\/p>\n<p>Dieser besondere Tisch vereint das Beste aus zwei Welten: die warmen, organischen Formen der Natur und eine zeitgem\u00e4\u00dfe, raffinierte Ausstrahlung. Das Ergebnis ist ein Design, das sich m\u00fchelos in moderne sowie klassische Interieurs und alles dazwischen einf\u00fcgt. <\/p>\n<p>Die flie\u00dfende Form des Slice wird von Hand gefertigt und mit einem robusten Minerals-Finish versehen. Das macht den Tisch nicht nur stilvoll, sondern auch \u00fcberraschend praktisch und alltagstauglich. <\/p>\n<p>Als dezenter Mittelpunkt in deiner Sitzecke strahlt der Slice Ruhe aus, w\u00e4hrend das Design dennoch fasziniert. Ein Tisch, den du jeden Tag aufs Neue entdeckst. <\/p>\n<p>Neugierig auf die Optik und das Material? Komm in unserem Gesch\u00e4ft vorbei und erlebe den Slice Couchtisch selbst. <\/p>\n","protected":false},"excerpt":{"rendered":"<p>Entdecke die perfekte Balance zwischen Natur und Design mit dem Slice Couchtisch von Ethnicraft.<\/p>\n<p>Dieser besondere Tisch vereint das Beste aus zwei Welten: die warmen, organischen Formen der Natur und eine zeitgem\u00e4\u00dfe, raffinierte Ausstrahlung. Das Ergebnis ist ein Design, das sich m\u00fchelos in moderne sowie klassische Interieurs und alles dazwischen einf\u00fcgt. <\/p>\n<p>Die flie\u00dfende Form des Slice wird von Hand gefertigt und mit einem robusten Minerals-Finish versehen. Das macht den Tisch nicht nur stilvoll, sondern auch \u00fcberraschend praktisch und alltagstauglich. <\/p>\n<p>Als dezenter Mittelpunkt in deiner Sitzecke strahlt der Slice Ruhe aus, w\u00e4hrend das Design dennoch fasziniert. Ein Tisch, den du jeden Tag aufs Neue entdeckst. <\/p>\n<p>In 2 Gr\u00f6\u00dfen lieferbar.<\/p>\n<p>Neugierig auf die Optik und das Material? Komm in unserem Gesch\u00e4ft vorbei und erlebe den Slice Couchtisch selbst. <\/p>\n","protected":false},"featured_media":8598,"template":"","meta":{"_joinchat":[]},"product_brand":[],"product_cat":[135,145,136,121],"product_tag":[],"class_list":{"0":"post-8597","1":"product","2":"type-product","3":"status-publish","4":"has-post-thumbnail","6":"product_cat-couchtische","7":"product_cat-ethnicraft","8":"product_cat-marken","9":"product_cat-tische","11":"first","12":"instock","13":"shipping-taxable","14":"product-type-simple"},"_links":{"self":[{"href":"https:\/\/pinedesign.nl\/de\/wp-json\/wp\/v2\/product\/8597","targetHints":{"allow":["GET"]}}],"collection":[{"href":"https:\/\/pinedesign.nl\/de\/wp-json\/wp\/v2\/product"}],"about":[{"href":"https:\/\/pinedesign.nl\/de\/wp-json\/wp\/v2\/types\/product"}],"wp:featuredmedia":[{"embeddable":true,"href":"https:\/\/pinedesign.nl\/de\/wp-json\/wp\/v2\/media\/8598"}],"wp:attachment":[{"href":"https:\/\/pinedesign.nl\/de\/wp-json\/wp\/v2\/media?parent=8597"}],"wp:term":[{"taxonomy":"product_brand","embeddable":true,"href":"https:\/\/pinedesign.nl\/de\/wp-json\/wp\/v2\/product_brand?post=8597"},{"taxonomy":"product_cat","embeddable":true,"href":"https:\/\/pinedesign.nl\/de\/wp-json\/wp\/v2\/product_cat?post=8597"},{"taxonomy":"product_tag","embeddable":true,"href":"https:\/\/pinedesign.nl\/de\/wp-json\/wp\/v2\/product_tag?post=8597"}],"curies":[{"name":"wp","href":"https:\/\/api.w.org\/{rel}","templated":true}]}}