{"id":8588,"date":"2026-04-16T12:10:04","date_gmt":"2026-04-16T12:10:04","guid":{"rendered":"https:\/\/pinedesign.nl\/product\/couchtisch-grooves\/"},"modified":"2026-04-16T12:10:04","modified_gmt":"2026-04-16T12:10:04","slug":"couchtisch-grooves","status":"publish","type":"product","link":"https:\/\/pinedesign.nl\/de\/product\/couchtisch-grooves\/","title":{"rendered":"Couchtisch Grooves"},"content":{"rendered":"<p>Bring W\u00e4rme und Charakter in dein Interieur mit dem Grooves Couchtisch von Ethnicraft.<\/p>\n<p>Was diesen Tisch so besonders macht? Jede Linie wird von Hand geschnitzt, wodurch kein St\u00fcck dem anderen gleicht. Die subtilen Unvollkommenheiten sind keine Fehler, sondern der Beweis f\u00fcr echte Handwerkskunst \u2013 sie verleihen dem Tisch einen eigenen Rhythmus und eine lebendige Ausstrahlung.  <\/p>\n<p>Das Spiel aus Linien und Texturen sorgt f\u00fcr eine einzigartige Oberfl\u00e4che, die fasziniert, w\u00e4hrend das Design selbst ruhig und zur\u00fcckhaltend bleibt. So wird der Grooves Couchtisch m\u00fchelos zum stilvollen Mittelpunkt deines Wohnzimmers oder deiner Lounge. <\/p>\n<p>Erh\u00e4ltlich in 3 Gr\u00f6\u00dfen, damit du immer die perfekte Balance f\u00fcr deinen Raum findest.<\/p>\n<p>Erlebe die Details und das Handwerk selbst. Komm in unserem Gesch\u00e4ft vorbei und entdecke, wie besonders der Grooves Couchtisch in echt ist. <\/p>\n","protected":false},"excerpt":{"rendered":"<p>Bring W\u00e4rme und Charakter in dein Interieur mit dem Grooves Couchtisch von Ethnicraft.<\/p>\n<p>Was diesen Tisch so besonders macht? Jede Linie wird von Hand geschnitzt, wodurch kein St\u00fcck dem anderen gleicht. Die subtilen Unvollkommenheiten sind keine Fehler, sondern der Beweis f\u00fcr echte Handwerkskunst \u2013 sie verleihen dem Tisch einen eigenen Rhythmus und eine lebendige Ausstrahlung.  <\/p>\n<p>Das Spiel aus Linien und Texturen sorgt f\u00fcr eine einzigartige Oberfl\u00e4che, die fasziniert, w\u00e4hrend das Design selbst ruhig und zur\u00fcckhaltend bleibt. So wird der Grooves Couchtisch m\u00fchelos zum stilvollen Mittelpunkt deines Wohnzimmers oder deiner Lounge. <\/p>\n<p>Erh\u00e4ltlich in 3 Gr\u00f6\u00dfen, damit du immer die perfekte Balance f\u00fcr deinen Raum findest.<\/p>\n<p>Erlebe die Details und das Handwerk selbst. Komm in unserem Gesch\u00e4ft vorbei und entdecke, wie besonders der Grooves Couchtisch in echt ist. <\/p>\n","protected":false},"featured_media":8584,"template":"","meta":{"_joinchat":[]},"product_brand":[],"product_cat":[135,145,136],"product_tag":[],"class_list":{"0":"post-8588","1":"product","2":"type-product","3":"status-publish","4":"has-post-thumbnail","6":"product_cat-couchtische","7":"product_cat-ethnicraft","8":"product_cat-marken","10":"first","11":"instock","12":"shipping-taxable","13":"product-type-simple"},"_links":{"self":[{"href":"https:\/\/pinedesign.nl\/de\/wp-json\/wp\/v2\/product\/8588","targetHints":{"allow":["GET"]}}],"collection":[{"href":"https:\/\/pinedesign.nl\/de\/wp-json\/wp\/v2\/product"}],"about":[{"href":"https:\/\/pinedesign.nl\/de\/wp-json\/wp\/v2\/types\/product"}],"wp:featuredmedia":[{"embeddable":true,"href":"https:\/\/pinedesign.nl\/de\/wp-json\/wp\/v2\/media\/8584"}],"wp:attachment":[{"href":"https:\/\/pinedesign.nl\/de\/wp-json\/wp\/v2\/media?parent=8588"}],"wp:term":[{"taxonomy":"product_brand","embeddable":true,"href":"https:\/\/pinedesign.nl\/de\/wp-json\/wp\/v2\/product_brand?post=8588"},{"taxonomy":"product_cat","embeddable":true,"href":"https:\/\/pinedesign.nl\/de\/wp-json\/wp\/v2\/product_cat?post=8588"},{"taxonomy":"product_tag","embeddable":true,"href":"https:\/\/pinedesign.nl\/de\/wp-json\/wp\/v2\/product_tag?post=8588"}],"curies":[{"name":"wp","href":"https:\/\/api.w.org\/{rel}","templated":true}]}}