{"id":8577,"date":"2026-04-16T11:57:30","date_gmt":"2026-04-16T11:57:30","guid":{"rendered":"https:\/\/pinedesign.nl\/product\/tv-sideboard-pi\/"},"modified":"2026-04-16T11:57:30","modified_gmt":"2026-04-16T11:57:30","slug":"tv-sideboard-pi","status":"publish","type":"product","link":"https:\/\/pinedesign.nl\/de\/product\/tv-sideboard-pi\/","title":{"rendered":"TV-Sideboard PI"},"content":{"rendered":"<p class=\"isSelectedEnd\">Lerne das PI TV-Sideboard von Ethnicraft kennen, eine perfekte Balance zwischen nat\u00fcrlicher Eleganz und praktischem Design.<\/p>\n<p class=\"isSelectedEnd\">Die PI-Kollektion l\u00e4sst sich direkt von der Natur inspirieren. Keine strengen Linien, sondern flie\u00dfende Formen, sanfte Rundungen und eine Ausstrahlung, die sich rein und ehrlich anf\u00fchlt. Das subtil unvollkommene Finish verleiht jedem M\u00f6belst\u00fcck einen eigenen Charakter, mit Respekt vor der nat\u00fcrlichen Sch\u00f6nheit des Holzes.  <\/p>\n<p class=\"isSelectedEnd\">Auch das PI TV-Sideboard wird von Hand gefertigt, wodurch kein St\u00fcck dem anderen gleicht. Das Ergebnis ist ein markantes und stilvolles M\u00f6belst\u00fcck, das Ruhe in dein Interieur bringt und gleichzeitig viel Platz f\u00fcr deine Ger\u00e4te und Accessoires bietet. <\/p>\n<p class=\"isSelectedEnd\">Dank des praktischen Stauraums und des raffinierten Designs ist dieses TV-M\u00f6bel nicht nur funktional, sondern auch ein echter Blickfang \u2013 ob im Wohnzimmer oder in einem anderen Raum. In 2 Gr\u00f6\u00dfen lieferbar. <\/p>\n<p>Neugierig, wie dieses einzigartige Design in echt aussieht? Komm in unserem Gesch\u00e4ft vorbei und lass dich von den Details und der Handwerkskunst \u00fcberraschen. <\/p>\n","protected":false},"excerpt":{"rendered":"<p class=\"isSelectedEnd\">Lerne das PI TV-Sideboard von Ethnicraft kennen, eine perfekte Balance zwischen nat\u00fcrlicher Eleganz und praktischem Design.<\/p>\n<p class=\"isSelectedEnd\">Die PI-Kollektion l\u00e4sst sich direkt von der Natur inspirieren. Keine strengen Linien, sondern flie\u00dfende Formen, sanfte Rundungen und eine Ausstrahlung, die sich rein und ehrlich anf\u00fchlt. Das subtil unvollkommene Finish verleiht jedem M\u00f6belst\u00fcck einen eigenen Charakter, mit Respekt vor der nat\u00fcrlichen Sch\u00f6nheit des Holzes.  <\/p>\n<p class=\"isSelectedEnd\">Auch das PI TV-Sideboard wird von Hand gefertigt, wodurch kein St\u00fcck dem anderen gleicht. Das Ergebnis ist ein markantes und stilvolles M\u00f6belst\u00fcck, das Ruhe in dein Interieur bringt und gleichzeitig viel Platz f\u00fcr deine Ger\u00e4te und Accessoires bietet. <\/p>\n<p class=\"isSelectedEnd\">Dank des praktischen Stauraums und des raffinierten Designs ist dieses TV-M\u00f6bel nicht nur funktional, sondern auch ein echter Blickfang \u2013 ob im Wohnzimmer oder in einem anderen Raum. In 2 Gr\u00f6\u00dfen lieferbar. <\/p>\n<p>Neugierig, wie dieses einzigartige Design in echt aussieht? Komm in unserem Gesch\u00e4ft vorbei und lass dich von den Details und der Handwerkskunst \u00fcberraschen. <\/p>\n","protected":false},"featured_media":8572,"template":"","meta":{"_joinchat":[]},"product_brand":[],"product_cat":[145,136,115,120],"product_tag":[],"class_list":{"0":"post-8577","1":"product","2":"type-product","3":"status-publish","4":"has-post-thumbnail","6":"product_cat-ethnicraft","7":"product_cat-marken","8":"product_cat-schranke","9":"product_cat-tv-mobel","11":"first","12":"instock","13":"shipping-taxable","14":"product-type-simple"},"_links":{"self":[{"href":"https:\/\/pinedesign.nl\/de\/wp-json\/wp\/v2\/product\/8577","targetHints":{"allow":["GET"]}}],"collection":[{"href":"https:\/\/pinedesign.nl\/de\/wp-json\/wp\/v2\/product"}],"about":[{"href":"https:\/\/pinedesign.nl\/de\/wp-json\/wp\/v2\/types\/product"}],"wp:featuredmedia":[{"embeddable":true,"href":"https:\/\/pinedesign.nl\/de\/wp-json\/wp\/v2\/media\/8572"}],"wp:attachment":[{"href":"https:\/\/pinedesign.nl\/de\/wp-json\/wp\/v2\/media?parent=8577"}],"wp:term":[{"taxonomy":"product_brand","embeddable":true,"href":"https:\/\/pinedesign.nl\/de\/wp-json\/wp\/v2\/product_brand?post=8577"},{"taxonomy":"product_cat","embeddable":true,"href":"https:\/\/pinedesign.nl\/de\/wp-json\/wp\/v2\/product_cat?post=8577"},{"taxonomy":"product_tag","embeddable":true,"href":"https:\/\/pinedesign.nl\/de\/wp-json\/wp\/v2\/product_tag?post=8577"}],"curies":[{"name":"wp","href":"https:\/\/api.w.org\/{rel}","templated":true}]}}