{"id":8566,"date":"2026-04-16T11:47:14","date_gmt":"2026-04-16T11:47:14","guid":{"rendered":"https:\/\/pinedesign.nl\/product\/wandregal-pi\/"},"modified":"2026-04-16T11:47:14","modified_gmt":"2026-04-16T11:47:14","slug":"wandregal-pi","status":"publish","type":"product","link":"https:\/\/pinedesign.nl\/de\/product\/wandregal-pi\/","title":{"rendered":"Wandregal PI"},"content":{"rendered":"<p class=\"isSelectedEnd\">Hol dir die Ruhe und Sch\u00f6nheit der Natur ins Haus mit dem PI Wandregal von Ethnicraft.<\/p>\n<p class=\"isSelectedEnd\">Die PI-Kollektion ist eine Hommage an organisches Design: flie\u00dfende Linien, sanfte Kurven und Formen, die nicht erzwungen sind, sondern so entstehen, wie die Natur es vorgesehen hat. Gerade diese subtilen Unvollkommenheiten machen jedes St\u00fcck besonders. Das Wandregal wird von Hand gefertigt, wodurch die einzigartige Maserung und der Charakter des Holzes vollst\u00e4ndig erhalten bleiben.  <\/p>\n<p class=\"isSelectedEnd\">Schlank, stilvoll und dennoch von warmer Ausstrahlung \u2013 das PI Wandregal ist der perfekte Ort, um deinen Lieblingsst\u00fccken eine B\u00fchne zu geben. Von kostbaren Erinnerungen bis hin zu sch\u00f6nen Accessoires: Hier bekommt alles die Aufmerksamkeit, die es verdient. <\/p>\n<p class=\"isSelectedEnd\">Erh\u00e4ltlich in 3 Farben und 3 Gr\u00f6\u00dfen, sodass es immer eine Ausf\u00fchrung gibt, die zu deinem Raum und Stil passt.<\/p>\n<p>Neugierig, wie dieses nat\u00fcrliche Design in echt aussieht? Komm in unserem Gesch\u00e4ft vorbei und entdecke es selbst. <\/p>\n","protected":false},"excerpt":{"rendered":"<p class=\"isSelectedEnd\">Hol dir die Ruhe und Sch\u00f6nheit der Natur ins Haus mit dem PI Wandregal von Ethnicraft.<\/p>\n<p class=\"isSelectedEnd\">Die PI-Kollektion ist eine Hommage an organisches Design: flie\u00dfende Linien, sanfte Kurven und Formen, die nicht erzwungen sind, sondern so entstehen, wie die Natur es vorgesehen hat. Gerade diese subtilen Unvollkommenheiten machen jedes St\u00fcck besonders. Das Wandregal wird von Hand gefertigt, wodurch die einzigartige Maserung und der Charakter des Holzes vollst\u00e4ndig erhalten bleiben.  <\/p>\n<p class=\"isSelectedEnd\">Schlank, stilvoll und dennoch von warmer Ausstrahlung \u2013 das PI Wandregal ist der perfekte Ort, um deinen Lieblingsst\u00fccken eine B\u00fchne zu geben. Von kostbaren Erinnerungen bis hin zu sch\u00f6nen Accessoires: Hier bekommt alles die Aufmerksamkeit, die es verdient. <\/p>\n<p class=\"isSelectedEnd\">Erh\u00e4ltlich in 3 Farben und 3 Gr\u00f6\u00dfen, sodass es immer eine Ausf\u00fchrung gibt, die zu deinem Raum und Stil passt.<\/p>\n<p>Neugierig, wie dieses nat\u00fcrliche Design in echt aussieht? Komm in unserem Gesch\u00e4ft vorbei und entdecke es selbst. <\/p>\n","protected":false},"featured_media":8562,"template":"","meta":{"_joinchat":[]},"product_brand":[],"product_cat":[145,136,115,131],"product_tag":[],"class_list":{"0":"post-8566","1":"product","2":"type-product","3":"status-publish","4":"has-post-thumbnail","6":"product_cat-ethnicraft","7":"product_cat-marken","8":"product_cat-schranke","9":"product_cat-wandschranke","11":"first","12":"instock","13":"shipping-taxable","14":"product-type-simple"},"_links":{"self":[{"href":"https:\/\/pinedesign.nl\/de\/wp-json\/wp\/v2\/product\/8566","targetHints":{"allow":["GET"]}}],"collection":[{"href":"https:\/\/pinedesign.nl\/de\/wp-json\/wp\/v2\/product"}],"about":[{"href":"https:\/\/pinedesign.nl\/de\/wp-json\/wp\/v2\/types\/product"}],"wp:featuredmedia":[{"embeddable":true,"href":"https:\/\/pinedesign.nl\/de\/wp-json\/wp\/v2\/media\/8562"}],"wp:attachment":[{"href":"https:\/\/pinedesign.nl\/de\/wp-json\/wp\/v2\/media?parent=8566"}],"wp:term":[{"taxonomy":"product_brand","embeddable":true,"href":"https:\/\/pinedesign.nl\/de\/wp-json\/wp\/v2\/product_brand?post=8566"},{"taxonomy":"product_cat","embeddable":true,"href":"https:\/\/pinedesign.nl\/de\/wp-json\/wp\/v2\/product_cat?post=8566"},{"taxonomy":"product_tag","embeddable":true,"href":"https:\/\/pinedesign.nl\/de\/wp-json\/wp\/v2\/product_tag?post=8566"}],"curies":[{"name":"wp","href":"https:\/\/api.w.org\/{rel}","templated":true}]}}