{"id":8556,"date":"2026-04-16T11:22:27","date_gmt":"2026-04-16T11:22:27","guid":{"rendered":"https:\/\/pinedesign.nl\/product\/esstisch-pi\/"},"modified":"2026-04-16T11:22:27","modified_gmt":"2026-04-16T11:22:27","slug":"esstisch-pi","status":"publish","type":"product","link":"https:\/\/pinedesign.nl\/de\/product\/esstisch-pi\/","title":{"rendered":"Esstisch PI"},"content":{"rendered":"<p class=\"isSelectedEnd\">Entdecke die Kraft von purem Design mit dem PI Esstisch von Ethnicraft. Ein Tisch, der nicht nur einen Platz zum Essen bietet, sondern zum Zusammenkommen, Erleben und Erinnerungen schaffen. <\/p>\n<p class=\"isSelectedEnd\">Die PI-Kollektion l\u00e4sst sich von der Natur in ihrer ehrlichsten Form inspirieren. Keine strenge Perfektion, sondern gerade die Sch\u00f6nheit organischer Linien, sanfter Rundungen und subtiler Unvollkommenheiten. Jeder Tisch erz\u00e4hlt seine eigene Geschichte, geformt durch den Charakter des Holzes und von Hand veredelt, um diese einzigartige Ausstrahlung zu bewahren.  <\/p>\n<p class=\"isSelectedEnd\">Das Ergebnis? Ein schlankes und stilvolles Design, das Ruhe und W\u00e4rme ausstrahlt und m\u00fchelos zum Herzst\u00fcck deines Interieurs wird. Der PI Esstisch l\u00e4dt dazu ein, l\u00e4nger sitzen zu bleiben, Gespr\u00e4che entstehen zu lassen und Momente zu teilen, die in Erinnerung bleiben.  <\/p>\n<p>Komm vorbei und erlebe den PI Esstisch selbst in unserem Gesch\u00e4ft. Sp\u00fcre das Holz, sieh die Details und entdecke, wie besonders Einfachheit sein kann. Der Esstisch ist in 3 verschiedenen Farben &amp; diversen Gr\u00f6\u00dfen lieferbar.  <\/p>\n","protected":false},"excerpt":{"rendered":"<p class=\"isSelectedEnd\">Entdecke die Kraft von purem Design mit dem PI Esstisch von Ethnicraft. Ein Tisch, der nicht nur einen Platz zum Essen bietet, sondern zum Zusammenkommen, Erleben und Erinnerungen schaffen. <\/p>\n<p class=\"isSelectedEnd\">Die PI-Kollektion l\u00e4sst sich von der Natur in ihrer ehrlichsten Form inspirieren. Keine strenge Perfektion, sondern gerade die Sch\u00f6nheit organischer Linien, sanfter Rundungen und subtiler Unvollkommenheiten. Jeder Tisch erz\u00e4hlt seine eigene Geschichte, geformt durch den Charakter des Holzes und von Hand veredelt, um diese einzigartige Ausstrahlung zu bewahren.  <\/p>\n<p class=\"isSelectedEnd\">Das Ergebnis? Ein schlankes und stilvolles Design, das Ruhe und W\u00e4rme ausstrahlt und m\u00fchelos zum Herzst\u00fcck deines Interieurs wird. Der PI Esstisch l\u00e4dt dazu ein, l\u00e4nger sitzen zu bleiben, Gespr\u00e4che entstehen zu lassen und Momente zu teilen, die in Erinnerung bleiben.  <\/p>\n<p>Komm vorbei und erlebe den PI Esstisch selbst in unserem Gesch\u00e4ft. Sp\u00fcre das Holz, sieh die Details und entdecke, wie besonders Einfachheit sein kann. Der Esstisch ist in 3 verschiedenen Farben &amp; diversen Gr\u00f6\u00dfen lieferbar.  <\/p>\n","protected":false},"featured_media":8552,"template":"","meta":{"_joinchat":[]},"product_brand":[],"product_cat":[122,145,136,121],"product_tag":[],"class_list":{"0":"post-8556","1":"product","2":"type-product","3":"status-publish","4":"has-post-thumbnail","6":"product_cat-esstische","7":"product_cat-ethnicraft","8":"product_cat-marken","9":"product_cat-tische","11":"first","12":"instock","13":"shipping-taxable","14":"product-type-simple"},"_links":{"self":[{"href":"https:\/\/pinedesign.nl\/de\/wp-json\/wp\/v2\/product\/8556","targetHints":{"allow":["GET"]}}],"collection":[{"href":"https:\/\/pinedesign.nl\/de\/wp-json\/wp\/v2\/product"}],"about":[{"href":"https:\/\/pinedesign.nl\/de\/wp-json\/wp\/v2\/types\/product"}],"wp:featuredmedia":[{"embeddable":true,"href":"https:\/\/pinedesign.nl\/de\/wp-json\/wp\/v2\/media\/8552"}],"wp:attachment":[{"href":"https:\/\/pinedesign.nl\/de\/wp-json\/wp\/v2\/media?parent=8556"}],"wp:term":[{"taxonomy":"product_brand","embeddable":true,"href":"https:\/\/pinedesign.nl\/de\/wp-json\/wp\/v2\/product_brand?post=8556"},{"taxonomy":"product_cat","embeddable":true,"href":"https:\/\/pinedesign.nl\/de\/wp-json\/wp\/v2\/product_cat?post=8556"},{"taxonomy":"product_tag","embeddable":true,"href":"https:\/\/pinedesign.nl\/de\/wp-json\/wp\/v2\/product_tag?post=8556"}],"curies":[{"name":"wp","href":"https:\/\/api.w.org\/{rel}","templated":true}]}}