{"id":8484,"date":"2026-03-07T12:14:50","date_gmt":"2026-03-07T12:14:50","guid":{"rendered":"https:\/\/pinedesign.nl\/product\/couchtisch-bono\/"},"modified":"2026-03-07T12:14:50","modified_gmt":"2026-03-07T12:14:50","slug":"couchtisch-bono","status":"publish","type":"product","link":"https:\/\/pinedesign.nl\/de\/product\/couchtisch-bono\/","title":{"rendered":"Couchtisch Bono"},"content":{"rendered":"<p class=\"isSelectedEnd\">Der <strong>Bono Couchtisch aus der Brute Collection von Cartel Living<\/strong> ist eine perfekte Kombination aus kraftvollem Design und edlen Materialien. Mit seinen klaren Linien und der robusten Ausstrahlung ist dieser Tisch ein echter Blickfang in jedem Wohnzimmer. <\/p>\n<p class=\"isSelectedEnd\">Was den Bono so besonders macht, sind die vielen M\u00f6glichkeiten, den Tisch ganz nach deinem Geschmack zu gestalten. Die Platte ist in verschiedenen hochwertigen Ausf\u00fchrungen erh\u00e4ltlich, wie warmem <strong>Eichenholz<\/strong>, stilvollem <strong>Nussbaum<\/strong> oder modernen Materialien wie <strong>HPL<\/strong> und <strong>Fenix<\/strong>. Jede Ausf\u00fchrung verleiht dem Tisch einen eigenen Charakter, von nat\u00fcrlich und zeitlos bis hin zu schlicht und modern.  <\/p>\n<p class=\"isSelectedEnd\">Auch das Untergestell ist in verschiedenen Farben erh\u00e4ltlich, sodass du ganz einfach eine Kombination kreieren kannst, die perfekt zu deiner Einrichtung passt.<\/p>\n<p class=\"isSelectedEnd\">Neugierig auf alle M\u00f6glichkeiten? In unserem Gesch\u00e4ft zeigen wir dir gerne die verschiedenen Materialien, Farben und Kombinationen. So kannst du den <strong>Bono Couchtisch<\/strong> nicht nur ansehen, sondern auch wirklich erleben.  <\/p>\n<p><strong>Komm in unserem Gesch\u00e4ft vorbei und lass dich von der Brute Collection von Cartel Living inspirieren.<\/strong><\/p>\n","protected":false},"excerpt":{"rendered":"<p class=\"isSelectedEnd\">Der <strong>Bono Couchtisch aus der Brute Collection von Cartel Living<\/strong> ist eine perfekte Kombination aus kraftvollem Design und edlen Materialien. Mit seinen klaren Linien und der robusten Ausstrahlung ist dieser Tisch ein echter Blickfang in jedem Wohnzimmer. <\/p>\n<p class=\"isSelectedEnd\">Was den Bono so besonders macht, sind die vielen M\u00f6glichkeiten, den Tisch ganz nach deinem Geschmack zu gestalten. Die Platte ist in verschiedenen hochwertigen Ausf\u00fchrungen erh\u00e4ltlich, wie warmem <strong>Eichenholz<\/strong>, stilvollem <strong>Nussbaum<\/strong> oder modernen Materialien wie <strong>HPL<\/strong> und <strong>Fenix<\/strong>. Jede Ausf\u00fchrung verleiht dem Tisch einen eigenen Charakter, von nat\u00fcrlich und zeitlos bis hin zu schlicht und modern.  <\/p>\n<p class=\"isSelectedEnd\">Auch das Untergestell ist in verschiedenen Farben erh\u00e4ltlich, sodass du ganz einfach eine Kombination kreieren kannst, die perfekt zu deiner Einrichtung passt.<\/p>\n<p class=\"isSelectedEnd\">Neugierig auf alle M\u00f6glichkeiten? In unserem Gesch\u00e4ft zeigen wir dir gerne die verschiedenen Materialien, Farben und Kombinationen. So kannst du den <strong>Bono Couchtisch<\/strong> nicht nur ansehen, sondern auch wirklich erleben.  <\/p>\n<p><strong>Komm in unserem Gesch\u00e4ft vorbei und lass dich von der Brute Collection von Cartel Living inspirieren.<\/strong><\/p>\n","protected":false},"featured_media":8480,"template":"","meta":{"_joinchat":[]},"product_brand":[],"product_cat":[133,135,136,121],"product_tag":[],"class_list":{"0":"post-8484","1":"product","2":"type-product","3":"status-publish","4":"has-post-thumbnail","6":"product_cat-cartel-living","7":"product_cat-couchtische","8":"product_cat-marken","9":"product_cat-tische","11":"first","12":"instock","13":"shipping-taxable","14":"product-type-simple"},"_links":{"self":[{"href":"https:\/\/pinedesign.nl\/de\/wp-json\/wp\/v2\/product\/8484","targetHints":{"allow":["GET"]}}],"collection":[{"href":"https:\/\/pinedesign.nl\/de\/wp-json\/wp\/v2\/product"}],"about":[{"href":"https:\/\/pinedesign.nl\/de\/wp-json\/wp\/v2\/types\/product"}],"wp:featuredmedia":[{"embeddable":true,"href":"https:\/\/pinedesign.nl\/de\/wp-json\/wp\/v2\/media\/8480"}],"wp:attachment":[{"href":"https:\/\/pinedesign.nl\/de\/wp-json\/wp\/v2\/media?parent=8484"}],"wp:term":[{"taxonomy":"product_brand","embeddable":true,"href":"https:\/\/pinedesign.nl\/de\/wp-json\/wp\/v2\/product_brand?post=8484"},{"taxonomy":"product_cat","embeddable":true,"href":"https:\/\/pinedesign.nl\/de\/wp-json\/wp\/v2\/product_cat?post=8484"},{"taxonomy":"product_tag","embeddable":true,"href":"https:\/\/pinedesign.nl\/de\/wp-json\/wp\/v2\/product_tag?post=8484"}],"curies":[{"name":"wp","href":"https:\/\/api.w.org\/{rel}","templated":true}]}}