{"id":8477,"date":"2026-02-28T14:56:57","date_gmt":"2026-02-28T14:56:57","guid":{"rendered":"https:\/\/pinedesign.nl\/product\/sofa-sylara\/"},"modified":"2026-02-28T14:56:57","modified_gmt":"2026-02-28T14:56:57","slug":"sofa-sylara","status":"publish","type":"product","link":"https:\/\/pinedesign.nl\/de\/product\/sofa-sylara\/","title":{"rendered":"Sofa Sylara"},"content":{"rendered":"<p data-start=\"54\" data-end=\"295\">Lerne das <strong data-start=\"73\" data-end=\"83\">Sylara<\/strong> kennen: ein Sofa, das sofort die Aufmerksamkeit auf sich zieht und dein Interieur auf ein neues Level hebt. Mit seinen eleganten Linien und dem einzigartigen Design ist Sylara nicht nur ein Sitzm\u00f6bel, sondern ein echter Blickfang in deinem Wohnraum. <\/p>\n<p data-start=\"297\" data-end=\"643\">Neben dem wundersch\u00f6nen Design bietet Sylara viele M\u00f6glichkeiten, es ganz nach deinem Geschmack zu gestalten. W\u00e4hle aus einer gro\u00dfen Kollektion an Stoffen und Farben und stelle das Sofa in der Konfiguration zusammen, die perfekt zu deinem Raum und Wohnstil passt. Ob kompakt und stilvoll oder gro\u00dfz\u00fcgig und einladend \u2013 mit Sylara ist alles m\u00f6glich.  <\/p>\n<p data-start=\"645\" data-end=\"859\">Und das Beste? Der Sitzkomfort ist mindestens so beeindruckend wie die Optik. Die weichen, st\u00fctzenden Kissen sorgen daf\u00fcr, dass du nicht nur stilvoll wohnst, sondern auch herrlich entspannt sitzt, jeden Tag aufs Neue.  <\/p>\n<p data-start=\"861\" data-end=\"945\">Willst du ein Statement in deinem Interieur setzen? Dann ist das <strong data-start=\"916\" data-end=\"926\">Sylara<\/strong> die perfekte Wahl. <\/p>\n<p data-start=\"947\" data-end=\"1148\" data-is-last-node=\"\" data-is-only-node=\"\"><strong data-start=\"947\" data-end=\"1006\">Komm in unserem Gesch\u00e4ft vorbei und erlebe das Sofa Sylara selbst.<\/strong><br data-start=\"1006\" data-end=\"1009\">F\u00fchle die Stoffe, entdecke die M\u00f6glichkeiten und erlebe den Komfort live. Wir helfen dir gerne bei der Gestaltung deines idealen Sylara. <\/p>\n","protected":false},"excerpt":{"rendered":"<p data-start=\"54\" data-end=\"295\">Lerne das <strong data-start=\"73\" data-end=\"83\">Sylara<\/strong> kennen: ein Sofa, das sofort die Aufmerksamkeit auf sich zieht und dein Interieur auf ein neues Level hebt. Mit seinen eleganten Linien und dem einzigartigen Design ist Sylara nicht nur ein Sitzm\u00f6bel, sondern ein echter Blickfang in deinem Wohnraum. <\/p>\n<p data-start=\"297\" data-end=\"643\">Neben dem wundersch\u00f6nen Design bietet Sylara viele M\u00f6glichkeiten, es ganz nach deinem Geschmack zu gestalten. W\u00e4hle aus einer gro\u00dfen Kollektion an Stoffen und Farben und stelle das Sofa in der Konfiguration zusammen, die perfekt zu deinem Raum und Wohnstil passt. Ob kompakt und stilvoll oder gro\u00dfz\u00fcgig und einladend \u2013 mit Sylara ist alles m\u00f6glich.  <\/p>\n<p data-start=\"645\" data-end=\"859\">Und das Beste? Der Sitzkomfort ist mindestens so beeindruckend wie die Optik. Die weichen, st\u00fctzenden Kissen sorgen daf\u00fcr, dass du nicht nur stilvoll wohnst, sondern auch herrlich entspannt sitzt, jeden Tag aufs Neue.  <\/p>\n<p data-start=\"861\" data-end=\"945\">Willst du ein Statement in deinem Interieur setzen? Dann ist das <strong data-start=\"916\" data-end=\"926\">Sylara<\/strong> die perfekte Wahl. <\/p>\n<p data-start=\"947\" data-end=\"1148\" data-is-last-node=\"\" data-is-only-node=\"\"><strong data-start=\"947\" data-end=\"1006\">Komm in unserem Gesch\u00e4ft vorbei und erlebe das Sofa Sylara selbst.<\/strong><br data-start=\"1006\" data-end=\"1009\">F\u00fchle die Stoffe, entdecke die M\u00f6glichkeiten und erlebe den Komfort live. Wir helfen dir gerne bei der Gestaltung deines idealen Sylara. <\/p>\n","protected":false},"featured_media":8476,"template":"","meta":{"_joinchat":[]},"product_brand":[],"product_cat":[124,125,134],"product_tag":[],"class_list":{"0":"post-8477","1":"product","2":"type-product","3":"status-publish","4":"has-post-thumbnail","6":"product_cat-sitzmobel","7":"product_cat-sofa","8":"product_cat-sofas","10":"first","11":"instock","12":"shipping-taxable","13":"product-type-simple"},"_links":{"self":[{"href":"https:\/\/pinedesign.nl\/de\/wp-json\/wp\/v2\/product\/8477","targetHints":{"allow":["GET"]}}],"collection":[{"href":"https:\/\/pinedesign.nl\/de\/wp-json\/wp\/v2\/product"}],"about":[{"href":"https:\/\/pinedesign.nl\/de\/wp-json\/wp\/v2\/types\/product"}],"wp:featuredmedia":[{"embeddable":true,"href":"https:\/\/pinedesign.nl\/de\/wp-json\/wp\/v2\/media\/8476"}],"wp:attachment":[{"href":"https:\/\/pinedesign.nl\/de\/wp-json\/wp\/v2\/media?parent=8477"}],"wp:term":[{"taxonomy":"product_brand","embeddable":true,"href":"https:\/\/pinedesign.nl\/de\/wp-json\/wp\/v2\/product_brand?post=8477"},{"taxonomy":"product_cat","embeddable":true,"href":"https:\/\/pinedesign.nl\/de\/wp-json\/wp\/v2\/product_cat?post=8477"},{"taxonomy":"product_tag","embeddable":true,"href":"https:\/\/pinedesign.nl\/de\/wp-json\/wp\/v2\/product_tag?post=8477"}],"curies":[{"name":"wp","href":"https:\/\/api.w.org\/{rel}","templated":true}]}}