{"id":8472,"date":"2026-02-27T15:12:49","date_gmt":"2026-02-27T15:12:49","guid":{"rendered":"https:\/\/pinedesign.nl\/product\/tv-moebel-cubio\/"},"modified":"2026-02-27T15:12:49","modified_gmt":"2026-02-27T15:12:49","slug":"tv-moebel-cubio","status":"publish","type":"product","link":"https:\/\/pinedesign.nl\/de\/product\/tv-moebel-cubio\/","title":{"rendered":"TV-M\u00f6bel Cubio"},"content":{"rendered":"<p data-start=\"63\" data-end=\"437\">Das <strong data-start=\"67\" data-end=\"86\">Cubio TV-M\u00f6bel<\/strong> zeigt, wie Rhythmus und Ruhe perfekt harmonieren. Inspiriert vom charakteristischen Fliesenmuster englischer U-Bahn-Stationen, spielt dieses Design subtil mit Linien, Fl\u00e4chen und Struktur. Die grafische Aufteilung sorgt f\u00fcr ein klares, harmonisches Gesamtbild und verleiht deinem Interieur eine zeitgem\u00e4\u00dfe, stilvolle Ausstrahlung.  <\/p>\n<h3 data-start=\"439\" data-end=\"474\">Klares Design mit Charakter<\/h3>\n<p data-start=\"475\" data-end=\"704\">Die St\u00e4rke von Cubio liegt in der Balance zwischen Design und Schlichtheit. Das rhythmische Linienspiel schafft Tiefe und Dynamik, w\u00e4hrend die ruhige Formgebung daf\u00fcr sorgt, dass sich das M\u00f6belst\u00fcck m\u00fchelos in moderne sowie gem\u00fctliche Wohnstile einf\u00fcgt. <\/p>\n<h3 data-start=\"706\" data-end=\"751\">Vollst\u00e4ndig an dein Interieur anpassbar<\/h3>\n<p data-start=\"752\" data-end=\"1043\">Das Cubio TV-M\u00f6bel ist in verschiedenen Gr\u00f6\u00dfen erh\u00e4ltlich, sodass es immer eine Ausf\u00fchrung gibt, die perfekt in deinen Raum passt. Zudem hast du die Wahl aus einem breiten Sortiment an Holzfarben, von hell und naturbelassen bis hin zu warm und dunkel. So stimmst du das M\u00f6belst\u00fcck einfach auf deinen pers\u00f6nlichen Wohnstil ab.  <\/p>\n<h3 data-start=\"1045\" data-end=\"1066\">Stehend oder schwebend<\/h3>\n<p data-start=\"1067\" data-end=\"1106\">Cubio bietet Flexibilit\u00e4t bei der Platzierung:<\/p>\n<ul data-start=\"1107\" data-end=\"1220\">\n<li data-start=\"1107\" data-end=\"1160\">\n<p data-start=\"1109\" data-end=\"1160\">Auf eleganten F\u00fc\u00dfen f\u00fcr eine luftige Optik<\/p>\n<\/li>\n<li data-start=\"1161\" data-end=\"1220\">\n<p data-start=\"1163\" data-end=\"1220\">Schwebend an der Wand f\u00fcr einen klaren, r\u00e4umlichen Effekt<\/p>\n<\/li>\n<\/ul>\n<p data-start=\"1222\" data-end=\"1310\">Egal f\u00fcr welche Ausf\u00fchrung du dich entscheidest, Cubio kombiniert Funktionalit\u00e4t mit raffiniertem Design.<\/p>\n<p data-start=\"1312\" data-end=\"1429\" data-is-last-node=\"\" data-is-only-node=\"\">\n","protected":false},"excerpt":{"rendered":"<p data-start=\"63\" data-end=\"437\">Das <strong data-start=\"67\" data-end=\"86\">Cubio TV-M\u00f6bel<\/strong> zeigt, wie Rhythmus und Ruhe perfekt harmonieren. Inspiriert vom charakteristischen Fliesenmuster englischer U-Bahn-Stationen, spielt dieses Design subtil mit Linien, Fl\u00e4chen und Struktur. Die grafische Aufteilung sorgt f\u00fcr ein klares, harmonisches Gesamtbild und verleiht deinem Interieur eine zeitgem\u00e4\u00dfe, stilvolle Ausstrahlung.  <\/p>\n<h3 data-start=\"439\" data-end=\"474\">Klares Design mit Charakter<\/h3>\n<p data-start=\"475\" data-end=\"704\">Die St\u00e4rke von Cubio liegt in der Balance zwischen Design und Schlichtheit. Das rhythmische Linienspiel schafft Tiefe und Dynamik, w\u00e4hrend die ruhige Formgebung daf\u00fcr sorgt, dass sich das M\u00f6belst\u00fcck m\u00fchelos in moderne sowie gem\u00fctliche Wohnstile einf\u00fcgt. <\/p>\n<h3 data-start=\"706\" data-end=\"751\">Vollst\u00e4ndig an dein Interieur anpassbar<\/h3>\n<p data-start=\"752\" data-end=\"1043\">Das Cubio TV-M\u00f6bel ist in verschiedenen Gr\u00f6\u00dfen erh\u00e4ltlich, sodass es immer eine Ausf\u00fchrung gibt, die perfekt in deinen Raum passt. Zudem hast du die Wahl aus einem breiten Sortiment an Holzfarben, von hell und naturbelassen bis hin zu warm und dunkel. So stimmst du das M\u00f6belst\u00fcck einfach auf deinen pers\u00f6nlichen Wohnstil ab.  <\/p>\n<h3 data-start=\"1045\" data-end=\"1066\">Stehend oder schwebend<\/h3>\n<p data-start=\"1067\" data-end=\"1106\">Cubio bietet Flexibilit\u00e4t bei der Platzierung:<\/p>\n<ul data-start=\"1107\" data-end=\"1220\">\n<li data-start=\"1107\" data-end=\"1160\">\n<p data-start=\"1109\" data-end=\"1160\">Auf eleganten F\u00fc\u00dfen f\u00fcr eine luftige Optik<\/p>\n<\/li>\n<li data-start=\"1161\" data-end=\"1220\">\n<p data-start=\"1163\" data-end=\"1220\">Schwebend an der Wand f\u00fcr einen klaren, r\u00e4umlichen Effekt<\/p>\n<\/li>\n<\/ul>\n<p data-start=\"1222\" data-end=\"1310\">Egal f\u00fcr welche Ausf\u00fchrung du dich entscheidest, Cubio kombiniert Funktionalit\u00e4t mit raffiniertem Design.<\/p>\n<p data-start=\"1312\" data-end=\"1429\" data-is-last-node=\"\" data-is-only-node=\"\">\n","protected":false},"featured_media":8470,"template":"","meta":{"_joinchat":[]},"product_brand":[],"product_cat":[137,136,115,120],"product_tag":[],"class_list":{"0":"post-8472","1":"product","2":"type-product","3":"status-publish","4":"has-post-thumbnail","6":"product_cat-dyyk","7":"product_cat-marken","8":"product_cat-schranke","9":"product_cat-tv-mobel","11":"first","12":"instock","13":"shipping-taxable","14":"product-type-simple"},"_links":{"self":[{"href":"https:\/\/pinedesign.nl\/de\/wp-json\/wp\/v2\/product\/8472","targetHints":{"allow":["GET"]}}],"collection":[{"href":"https:\/\/pinedesign.nl\/de\/wp-json\/wp\/v2\/product"}],"about":[{"href":"https:\/\/pinedesign.nl\/de\/wp-json\/wp\/v2\/types\/product"}],"wp:featuredmedia":[{"embeddable":true,"href":"https:\/\/pinedesign.nl\/de\/wp-json\/wp\/v2\/media\/8470"}],"wp:attachment":[{"href":"https:\/\/pinedesign.nl\/de\/wp-json\/wp\/v2\/media?parent=8472"}],"wp:term":[{"taxonomy":"product_brand","embeddable":true,"href":"https:\/\/pinedesign.nl\/de\/wp-json\/wp\/v2\/product_brand?post=8472"},{"taxonomy":"product_cat","embeddable":true,"href":"https:\/\/pinedesign.nl\/de\/wp-json\/wp\/v2\/product_cat?post=8472"},{"taxonomy":"product_tag","embeddable":true,"href":"https:\/\/pinedesign.nl\/de\/wp-json\/wp\/v2\/product_tag?post=8472"}],"curies":[{"name":"wp","href":"https:\/\/api.w.org\/{rel}","templated":true}]}}