{"id":8459,"date":"2026-02-21T11:05:35","date_gmt":"2026-02-21T11:05:35","guid":{"rendered":"https:\/\/pinedesign.nl\/product\/couchtisch-pepp\/"},"modified":"2026-02-21T11:05:35","modified_gmt":"2026-02-21T11:05:35","slug":"couchtisch-pepp","status":"publish","type":"product","link":"https:\/\/pinedesign.nl\/de\/product\/couchtisch-pepp\/","title":{"rendered":"Couchtisch Pepp"},"content":{"rendered":"<p data-start=\"62\" data-end=\"299\">Verleihe deiner Sitzecke ein modisches Upgrade mit dem <strong data-start=\"106\" data-end=\"163\"><span class=\"hover:entity-accent entity-underline inline cursor-pointer align-baseline\"><span class=\"whitespace-normal\">Dyyk<\/span><\/span> Couchtisch Pepp<\/strong>. Dieser zeitgem\u00e4\u00dfe Tisch kombiniert St\u00e4rke und Eleganz in einem spielerischen Design, das m\u00fchelos in moderne sowie gem\u00fctliche Interieurs passt. Die Tischplatte von Pepp ist ein echter Blickfang.  <\/p>\n<p data-start=\"965\" data-end=\"1297\">Der Couchtisch Pepp ist in verschiedenen Materialien wie Holz, HPL und Keramik sowie in diversen Farben erh\u00e4ltlich. So stellst du dir ganz einfach eine Ausf\u00fchrung zusammen, die perfekt zu deinem Wohnstil passt. <\/p>\n<p data-start=\"1299\" data-end=\"1407\" data-is-last-node=\"\" data-is-only-node=\"\"><strong data-start=\"1299\" data-end=\"1407\" data-is-last-node=\"\">Pepp ist spielerisch, geschmeidig und stilvoll \u2013 ein belebendes M\u00f6belst\u00fcck, das deinem Wohnzimmer das gewisse Extra verleiht. <\/strong><\/p>\n","protected":false},"excerpt":{"rendered":"<p data-start=\"62\" data-end=\"299\">Verleihe deiner Sitzecke ein modisches Upgrade mit dem <strong data-start=\"106\" data-end=\"163\"><span class=\"hover:entity-accent entity-underline inline cursor-pointer align-baseline\"><span class=\"whitespace-normal\">Dyyk<\/span><\/span> Couchtisch Pepp<\/strong>. Dieser zeitgem\u00e4\u00dfe Tisch kombiniert St\u00e4rke und Eleganz in einem spielerischen Design, das m\u00fchelos in moderne sowie gem\u00fctliche Interieurs passt. Die Tischplatte von Pepp ist ein echter Blickfang.  <\/p>\n<p data-start=\"965\" data-end=\"1297\">Der Couchtisch Pepp ist in verschiedenen Materialien wie Holz, HPL und Keramik sowie in diversen Farben erh\u00e4ltlich. So stellst du dir ganz einfach eine Ausf\u00fchrung zusammen, die perfekt zu deinem Wohnstil passt. <\/p>\n<p data-start=\"1299\" data-end=\"1407\" data-is-last-node=\"\" data-is-only-node=\"\"><strong data-start=\"1299\" data-end=\"1407\" data-is-last-node=\"\">Pepp ist spielerisch, geschmeidig und stilvoll \u2013 ein belebendes M\u00f6belst\u00fcck, das deinem Wohnzimmer das gewisse Extra verleiht. <\/strong><\/p>\n","protected":false},"featured_media":8458,"template":"","meta":{"_joinchat":[]},"product_brand":[],"product_cat":[126,135,137,136,121],"product_tag":[],"class_list":{"0":"post-8459","1":"product","2":"type-product","3":"status-publish","4":"has-post-thumbnail","6":"product_cat-beistelltische","7":"product_cat-couchtische","8":"product_cat-dyyk","9":"product_cat-marken","10":"product_cat-tische","12":"first","13":"instock","14":"shipping-taxable","15":"product-type-simple"},"_links":{"self":[{"href":"https:\/\/pinedesign.nl\/de\/wp-json\/wp\/v2\/product\/8459","targetHints":{"allow":["GET"]}}],"collection":[{"href":"https:\/\/pinedesign.nl\/de\/wp-json\/wp\/v2\/product"}],"about":[{"href":"https:\/\/pinedesign.nl\/de\/wp-json\/wp\/v2\/types\/product"}],"wp:featuredmedia":[{"embeddable":true,"href":"https:\/\/pinedesign.nl\/de\/wp-json\/wp\/v2\/media\/8458"}],"wp:attachment":[{"href":"https:\/\/pinedesign.nl\/de\/wp-json\/wp\/v2\/media?parent=8459"}],"wp:term":[{"taxonomy":"product_brand","embeddable":true,"href":"https:\/\/pinedesign.nl\/de\/wp-json\/wp\/v2\/product_brand?post=8459"},{"taxonomy":"product_cat","embeddable":true,"href":"https:\/\/pinedesign.nl\/de\/wp-json\/wp\/v2\/product_cat?post=8459"},{"taxonomy":"product_tag","embeddable":true,"href":"https:\/\/pinedesign.nl\/de\/wp-json\/wp\/v2\/product_tag?post=8459"}],"curies":[{"name":"wp","href":"https:\/\/api.w.org\/{rel}","templated":true}]}}