{"id":8415,"date":"2026-01-30T12:28:52","date_gmt":"2026-01-30T12:28:52","guid":{"rendered":"https:\/\/pinedesign.nl\/product\/sofa-friss\/"},"modified":"2026-01-30T12:28:52","modified_gmt":"2026-01-30T12:28:52","slug":"sofa-friss","status":"publish","type":"product","link":"https:\/\/pinedesign.nl\/de\/product\/sofa-friss\/","title":{"rendered":"Sofa Friss"},"content":{"rendered":"<p data-start=\"148\" data-end=\"406\">Lerne <strong data-start=\"164\" data-end=\"178\">Sofa Friss<\/strong> kennen: ein wundersch\u00f6nes Loungesofa, bei dem Komfort und Design perfekt verschmelzen. Dank der gro\u00dfz\u00fcgigen Sitztiefe von <strong data-start=\"288\" data-end=\"298\">110 cm<\/strong> l\u00e4dt das Friss zum Entspannen ein, egal ob du gem\u00fctlich liegen oder beisammensitzen m\u00f6chtest. <\/p>\n<p data-start=\"408\" data-end=\"726\">Die sch\u00f6nen <strong data-start=\"417\" data-end=\"435\">Zierkissen<\/strong> verleihen dem Sofa einen warmen, einladenden Look und sorgen f\u00fcr extra Komfort. Friss ist zudem unglaublich vielseitig: erh\u00e4ltlich in <strong data-start=\"564\" data-end=\"588\">verschiedenen Konfigurationen<\/strong>, vom schlichten Einzelsofa bis hin zum <strong data-start=\"625\" data-end=\"644\">gro\u00dfz\u00fcgigen Ecksofa<\/strong>. Es ist \u00fcberraschend viel m\u00f6glich, ganz abgestimmt auf deinen Wohnraum und deine W\u00fcnsche.  <\/p>\n<p data-start=\"728\" data-end=\"895\">Auch beim Design hast du die volle Auswahl. Das Friss ist in <strong data-start=\"810\" data-end=\"851\">vielen verschiedenen Stoffen und Farben<\/strong> erh\u00e4ltlich, sodass es perfekt zu deiner Einrichtung passt. <\/p>\n<p data-start=\"897\" data-end=\"1021\">Neugierig auf den Sitzkomfort dieses Sofas?<br data-start=\"940\" data-end=\"943\"><strong data-start=\"943\" data-end=\"993\">Komm vorbei und erlebe das Friss selbst bei uns im Gesch\u00e4ft<\/strong><\/p>\n","protected":false},"excerpt":{"rendered":"<p data-start=\"148\" data-end=\"406\">Lerne <strong data-start=\"164\" data-end=\"178\">Sofa Friss<\/strong> kennen: ein wundersch\u00f6nes Loungesofa, bei dem Komfort und Design perfekt verschmelzen. Dank der gro\u00dfz\u00fcgigen Sitztiefe von <strong data-start=\"288\" data-end=\"298\">110 cm<\/strong> l\u00e4dt das Friss zum Entspannen ein, egal ob du gem\u00fctlich liegen oder beisammensitzen m\u00f6chtest. <\/p>\n<p data-start=\"408\" data-end=\"726\">Die sch\u00f6nen <strong data-start=\"417\" data-end=\"435\">Zierkissen<\/strong> verleihen dem Sofa einen warmen, einladenden Look und sorgen f\u00fcr extra Komfort. Friss ist zudem unglaublich vielseitig: erh\u00e4ltlich in <strong data-start=\"564\" data-end=\"588\">verschiedenen Konfigurationen<\/strong>, vom schlichten Einzelsofa bis hin zum <strong data-start=\"625\" data-end=\"644\">gro\u00dfz\u00fcgigen Ecksofa<\/strong>. Es ist \u00fcberraschend viel m\u00f6glich, ganz abgestimmt auf deinen Wohnraum und deine W\u00fcnsche.  <\/p>\n<p data-start=\"728\" data-end=\"895\">Auch beim Design hast du die volle Auswahl. Das Friss ist in <strong data-start=\"810\" data-end=\"851\">vielen verschiedenen Stoffen und Farben<\/strong> erh\u00e4ltlich, sodass es perfekt zu deiner Einrichtung passt. <\/p>\n<p data-start=\"897\" data-end=\"1021\">Neugierig auf den Sitzkomfort dieses Sofas?<br data-start=\"940\" data-end=\"943\"><strong data-start=\"943\" data-end=\"993\">Komm vorbei und erlebe das Friss selbst bei uns im Gesch\u00e4ft<\/strong><\/p>\n","protected":false},"featured_media":7258,"template":"","meta":{"_joinchat":[]},"product_brand":[],"product_cat":[124,125,134],"product_tag":[],"class_list":{"0":"post-8415","1":"product","2":"type-product","3":"status-publish","4":"has-post-thumbnail","6":"product_cat-sitzmobel","7":"product_cat-sofa","8":"product_cat-sofas","10":"first","11":"instock","12":"shipping-taxable","13":"product-type-simple"},"_links":{"self":[{"href":"https:\/\/pinedesign.nl\/de\/wp-json\/wp\/v2\/product\/8415","targetHints":{"allow":["GET"]}}],"collection":[{"href":"https:\/\/pinedesign.nl\/de\/wp-json\/wp\/v2\/product"}],"about":[{"href":"https:\/\/pinedesign.nl\/de\/wp-json\/wp\/v2\/types\/product"}],"wp:featuredmedia":[{"embeddable":true,"href":"https:\/\/pinedesign.nl\/de\/wp-json\/wp\/v2\/media\/7258"}],"wp:attachment":[{"href":"https:\/\/pinedesign.nl\/de\/wp-json\/wp\/v2\/media?parent=8415"}],"wp:term":[{"taxonomy":"product_brand","embeddable":true,"href":"https:\/\/pinedesign.nl\/de\/wp-json\/wp\/v2\/product_brand?post=8415"},{"taxonomy":"product_cat","embeddable":true,"href":"https:\/\/pinedesign.nl\/de\/wp-json\/wp\/v2\/product_cat?post=8415"},{"taxonomy":"product_tag","embeddable":true,"href":"https:\/\/pinedesign.nl\/de\/wp-json\/wp\/v2\/product_tag?post=8415"}],"curies":[{"name":"wp","href":"https:\/\/api.w.org\/{rel}","templated":true}]}}