{"id":8409,"date":"2026-01-31T11:35:55","date_gmt":"2026-01-31T11:35:55","guid":{"rendered":"https:\/\/pinedesign.nl\/product\/sofa-fez\/"},"modified":"2026-01-31T11:35:55","modified_gmt":"2026-01-31T11:35:55","slug":"sofa-fez","status":"publish","type":"product","link":"https:\/\/pinedesign.nl\/de\/product\/sofa-fez\/","title":{"rendered":"Sofa Fez"},"content":{"rendered":"<p data-start=\"159\" data-end=\"462\">Entdecke das raffinierte Sitzerlebnis des Sofas <strong data-start=\"200\" data-end=\"207\">Fez<\/strong> von Cartel Living. Ein einladendes Design, in dem zierliche Formen, lose Sitz- und R\u00fcckenkissen und entspannter Komfort perfekt zusammenkommen. Fez wurde f\u00fcr Liebhaber weicher, organischer Linien und einer nonchalanten, aber stilvollen Ausstrahlung entworfen.  <\/p>\n<p data-start=\"464\" data-end=\"681\">Bei uns steht die Auswahl im Mittelpunkt. Das Sofa Fez ist in verschiedenen Konfigurationen, Ma\u00dfen und Bez\u00fcgen erh\u00e4ltlich, sodass du das Sofa m\u00fchelos auf dein Interieur abstimmst \u2013 von modern und minimalistisch bis hin zu warm und zeitlos. <\/p>\n<p data-start=\"683\" data-end=\"812\">Neugierig auf den Komfort und die Ausstrahlung von Fez?<br data-start=\"735\" data-end=\"738\">Komm in unserem Gesch\u00e4ft vorbei und erlebe selbst, wie dieses Sofa sitzt!<\/p>\n","protected":false},"excerpt":{"rendered":"<p data-start=\"159\" data-end=\"462\">Entdecke das raffinierte Sitzerlebnis des Sofas <strong data-start=\"200\" data-end=\"207\">Fez<\/strong> von Cartel Living. Ein einladendes Design, in dem zierliche Formen, lose Sitz- und R\u00fcckenkissen und entspannter Komfort perfekt zusammenkommen. Fez wurde f\u00fcr Liebhaber weicher, organischer Linien und einer nonchalanten, aber stilvollen Ausstrahlung entworfen.  <\/p>\n<p data-start=\"464\" data-end=\"681\">Bei uns steht die Auswahl im Mittelpunkt. Das Sofa Fez ist in verschiedenen Konfigurationen, Ma\u00dfen und Bez\u00fcgen erh\u00e4ltlich, sodass du das Sofa m\u00fchelos auf dein Interieur abstimmst \u2013 von modern und minimalistisch bis hin zu warm und zeitlos. <\/p>\n<p data-start=\"683\" data-end=\"812\">Neugierig auf den Komfort und die Ausstrahlung von Fez?<br data-start=\"735\" data-end=\"738\">Komm in unserem Gesch\u00e4ft vorbei und erlebe selbst, wie dieses Sofa sitzt!<\/p>\n","protected":false},"featured_media":7260,"template":"","meta":{"_joinchat":[]},"product_brand":[],"product_cat":[133,136,124,125,134],"product_tag":[],"class_list":{"0":"post-8409","1":"product","2":"type-product","3":"status-publish","4":"has-post-thumbnail","6":"product_cat-cartel-living","7":"product_cat-marken","8":"product_cat-sitzmobel","9":"product_cat-sofa","10":"product_cat-sofas","12":"first","13":"instock","14":"shipping-taxable","15":"product-type-simple"},"_links":{"self":[{"href":"https:\/\/pinedesign.nl\/de\/wp-json\/wp\/v2\/product\/8409","targetHints":{"allow":["GET"]}}],"collection":[{"href":"https:\/\/pinedesign.nl\/de\/wp-json\/wp\/v2\/product"}],"about":[{"href":"https:\/\/pinedesign.nl\/de\/wp-json\/wp\/v2\/types\/product"}],"wp:featuredmedia":[{"embeddable":true,"href":"https:\/\/pinedesign.nl\/de\/wp-json\/wp\/v2\/media\/7260"}],"wp:attachment":[{"href":"https:\/\/pinedesign.nl\/de\/wp-json\/wp\/v2\/media?parent=8409"}],"wp:term":[{"taxonomy":"product_brand","embeddable":true,"href":"https:\/\/pinedesign.nl\/de\/wp-json\/wp\/v2\/product_brand?post=8409"},{"taxonomy":"product_cat","embeddable":true,"href":"https:\/\/pinedesign.nl\/de\/wp-json\/wp\/v2\/product_cat?post=8409"},{"taxonomy":"product_tag","embeddable":true,"href":"https:\/\/pinedesign.nl\/de\/wp-json\/wp\/v2\/product_tag?post=8409"}],"curies":[{"name":"wp","href":"https:\/\/api.w.org\/{rel}","templated":true}]}}