{"id":8361,"date":"2026-01-29T16:07:46","date_gmt":"2026-01-29T16:07:46","guid":{"rendered":"https:\/\/pinedesign.nl\/product\/esszimmerstuhl-quby\/"},"modified":"2026-01-29T16:07:46","modified_gmt":"2026-01-29T16:07:46","slug":"esszimmerstuhl-quby","status":"publish","type":"product","link":"https:\/\/pinedesign.nl\/de\/product\/esszimmerstuhl-quby\/","title":{"rendered":"Esszimmerstuhl Quby"},"content":{"rendered":"<p data-start=\"152\" data-end=\"339\">Der Esszimmerstuhl <strong data-start=\"169\" data-end=\"177\">Quby<\/strong> von <em data-start=\"182\" data-end=\"200\">Bree\u2019s New World<\/em> ist ein echter Eyecatcher an jedem Esstisch. Dieser Stuhl kombiniert zeitgem\u00e4\u00dfes Design mit \u00fcberraschendem Komfort und hochwertiger Verarbeitung. <\/p>\n<p data-start=\"341\" data-end=\"572\">Quby ist in <strong data-start=\"362\" data-end=\"381\">verschiedenen Stoffen<\/strong> erh\u00e4ltlich, sodass du den Stuhl perfekt auf dein Interieur abstimmen kannst. Zudem hast du die Wahl zwischen einem <strong data-start=\"480\" data-end=\"494\">festen Bein<\/strong> oder einem <strong data-start=\"502\" data-end=\"515\">Drehfu\u00df<\/strong>, was Quby nicht nur stilvoll, sondern auch praktisch macht. <\/p>\n<p data-start=\"574\" data-end=\"887\">Was sofort auff\u00e4llt, ist das <strong data-start=\"599\" data-end=\"628\">wundersch\u00f6n gestaltete Bein<\/strong>. Schlank, modern und charaktervoll \u2013 ein Detail, das dem Stuhl eine einzigartige Ausstrahlung verleiht. Und dann haben wir noch gar nicht \u00fcber die <strong data-start=\"764\" data-end=\"772\">Sitzschale<\/strong> gesprochen: elegant geformt, mit sch\u00f6nen sanften Rundungen, die f\u00fcr einen einladenden Look und herrlichen Sitzkomfort sorgen.  <\/p>\n<p data-start=\"889\" data-end=\"1040\">Neugierig, wie er sitzt? <strong data-start=\"911\" data-end=\"932\">Komm bei uns vorbei<\/strong> und erlebe den gro\u00dfartigen Sitzkomfort des Esszimmerstuhls Quby selbst. Ein Stuhl, den du siehst, f\u00fchlst und erlebst. <\/p>\n","protected":false},"excerpt":{"rendered":"<p data-start=\"152\" data-end=\"339\">Der Esszimmerstuhl <strong data-start=\"169\" data-end=\"177\">Quby<\/strong> von <em data-start=\"182\" data-end=\"200\">Bree\u2019s New World<\/em> ist ein echter Eyecatcher an jedem Esstisch. Dieser Stuhl kombiniert zeitgem\u00e4\u00dfes Design mit \u00fcberraschendem Komfort und hochwertiger Verarbeitung. <\/p>\n<p data-start=\"341\" data-end=\"572\">Quby ist in <strong data-start=\"362\" data-end=\"381\">verschiedenen Stoffen<\/strong> erh\u00e4ltlich, sodass du den Stuhl perfekt auf dein Interieur abstimmen kannst. Zudem hast du die Wahl zwischen einem <strong data-start=\"480\" data-end=\"494\">festen Bein<\/strong> oder einem <strong data-start=\"502\" data-end=\"515\">Drehfu\u00df<\/strong>, was Quby nicht nur stilvoll, sondern auch praktisch macht. <\/p>\n<p data-start=\"574\" data-end=\"887\">Was sofort auff\u00e4llt, ist das <strong data-start=\"599\" data-end=\"628\">wundersch\u00f6n gestaltete Bein<\/strong>. Schlank, modern und charaktervoll \u2013 ein Detail, das dem Stuhl eine einzigartige Ausstrahlung verleiht. Und dann haben wir noch gar nicht \u00fcber die <strong data-start=\"764\" data-end=\"772\">Sitzschale<\/strong> gesprochen: elegant geformt, mit sch\u00f6nen sanften Rundungen, die f\u00fcr einen einladenden Look und herrlichen Sitzkomfort sorgen.  <\/p>\n<p data-start=\"889\" data-end=\"1040\">Neugierig, wie er sitzt? <strong data-start=\"911\" data-end=\"932\">Komm bei uns vorbei<\/strong> und erlebe den gro\u00dfartigen Sitzkomfort des Esszimmerstuhls Quby selbst. Ein Stuhl, den du siehst, f\u00fchlst und erlebst. <\/p>\n","protected":false},"featured_media":7251,"template":"","meta":{"_joinchat":[]},"product_brand":[],"product_cat":[148,128,136,124],"product_tag":[],"class_list":{"0":"post-8361","1":"product","2":"type-product","3":"status-publish","4":"has-post-thumbnail","6":"product_cat-brees-new-world","7":"product_cat-esszimmerstuhle","8":"product_cat-marken","9":"product_cat-sitzmobel","11":"first","12":"instock","13":"shipping-taxable","14":"product-type-simple"},"_links":{"self":[{"href":"https:\/\/pinedesign.nl\/de\/wp-json\/wp\/v2\/product\/8361","targetHints":{"allow":["GET"]}}],"collection":[{"href":"https:\/\/pinedesign.nl\/de\/wp-json\/wp\/v2\/product"}],"about":[{"href":"https:\/\/pinedesign.nl\/de\/wp-json\/wp\/v2\/types\/product"}],"wp:featuredmedia":[{"embeddable":true,"href":"https:\/\/pinedesign.nl\/de\/wp-json\/wp\/v2\/media\/7251"}],"wp:attachment":[{"href":"https:\/\/pinedesign.nl\/de\/wp-json\/wp\/v2\/media?parent=8361"}],"wp:term":[{"taxonomy":"product_brand","embeddable":true,"href":"https:\/\/pinedesign.nl\/de\/wp-json\/wp\/v2\/product_brand?post=8361"},{"taxonomy":"product_cat","embeddable":true,"href":"https:\/\/pinedesign.nl\/de\/wp-json\/wp\/v2\/product_cat?post=8361"},{"taxonomy":"product_tag","embeddable":true,"href":"https:\/\/pinedesign.nl\/de\/wp-json\/wp\/v2\/product_tag?post=8361"}],"curies":[{"name":"wp","href":"https:\/\/api.w.org\/{rel}","templated":true}]}}