{"id":8359,"date":"2026-01-29T16:11:18","date_gmt":"2026-01-29T16:11:18","guid":{"rendered":"https:\/\/pinedesign.nl\/product\/sessel-beer\/"},"modified":"2026-01-29T16:11:18","modified_gmt":"2026-01-29T16:11:18","slug":"sessel-beer","status":"publish","type":"product","link":"https:\/\/pinedesign.nl\/de\/product\/sessel-beer\/","title":{"rendered":"Sessel Beer"},"content":{"rendered":"<p data-start=\"112\" data-end=\"360\">Der <strong data-start=\"115\" data-end=\"132\">Sessel Beer<\/strong> ist so ein Stuhl, der dich automatisch anzieht. Gro\u00df, einladend und herrlich bequem \u2013 ein Sessel, in den du dich wirklich hineinsetzen willst\u2026 und aus dem du am liebsten nicht mehr aufstehen m\u00f6chtest. So gut sitzt er sich.  <\/p>\n<p data-start=\"362\" data-end=\"560\">Dank der gro\u00dfz\u00fcgigen Form und der komfortablen Sitzfl\u00e4che bietet Sessel Beer pure Entspannung. Ob du ein Buch liest, einen Film schaust oder einfach nur relaxen willst \u2013 dieser Sessel umarmt dich f\u00f6rmlich. <\/p>\n<p data-start=\"562\" data-end=\"756\">Sessel Beer ist in <strong data-start=\"592\" data-end=\"608\">vielen Stoffen<\/strong> lieferbar, von weich und anschmiegsam bis hin zu robust und modern. So stellst du dir einfach eine Ausf\u00fchrung zusammen, die perfekt zu deinem Interieur und deinem pers\u00f6nlichen Geschmack passt. <\/p>\n<p data-start=\"758\" data-end=\"906\">Neugierig auf den Sitzkomfort? <strong data-start=\"792\" data-end=\"813\">Komm bei uns vorbei<\/strong> und erlebe selbst, wie bequem Sessel Beer ist. Die Chancen stehen gut, dass du eine Weile sitzen bleiben m\u00f6chtest. <\/p>\n","protected":false},"excerpt":{"rendered":"<p data-start=\"112\" data-end=\"360\">Der <strong data-start=\"115\" data-end=\"132\">Sessel Beer<\/strong> ist so ein Stuhl, der dich automatisch anzieht. Gro\u00df, einladend und herrlich bequem \u2013 ein Sessel, in den du dich wirklich hineinsetzen willst\u2026 und aus dem du am liebsten nicht mehr aufstehen m\u00f6chtest. So gut sitzt er sich.  <\/p>\n<p data-start=\"362\" data-end=\"560\">Dank der gro\u00dfz\u00fcgigen Form und der komfortablen Sitzfl\u00e4che bietet Sessel Beer pure Entspannung. Ob du ein Buch liest, einen Film schaust oder einfach nur relaxen willst \u2013 dieser Sessel umarmt dich f\u00f6rmlich. <\/p>\n<p data-start=\"562\" data-end=\"756\">Sessel Beer ist in <strong data-start=\"592\" data-end=\"608\">vielen Stoffen<\/strong> lieferbar, von weich und anschmiegsam bis hin zu robust und modern. So stellst du dir einfach eine Ausf\u00fchrung zusammen, die perfekt zu deinem Interieur und deinem pers\u00f6nlichen Geschmack passt. <\/p>\n<p data-start=\"758\" data-end=\"906\">Neugierig auf den Sitzkomfort? <strong data-start=\"792\" data-end=\"813\">Komm bei uns vorbei<\/strong> und erlebe selbst, wie bequem Sessel Beer ist. Die Chancen stehen gut, dass du eine Weile sitzen bleiben m\u00f6chtest. <\/p>\n","protected":false},"featured_media":7256,"template":"","meta":{"_joinchat":[]},"product_brand":[],"product_cat":[146,136,130,124],"product_tag":[],"class_list":{"0":"post-8359","1":"product","2":"type-product","3":"status-publish","4":"has-post-thumbnail","6":"product_cat-ds-meubel","7":"product_cat-marken","8":"product_cat-sessel","9":"product_cat-sitzmobel","11":"first","12":"instock","13":"shipping-taxable","14":"product-type-simple"},"_links":{"self":[{"href":"https:\/\/pinedesign.nl\/de\/wp-json\/wp\/v2\/product\/8359","targetHints":{"allow":["GET"]}}],"collection":[{"href":"https:\/\/pinedesign.nl\/de\/wp-json\/wp\/v2\/product"}],"about":[{"href":"https:\/\/pinedesign.nl\/de\/wp-json\/wp\/v2\/types\/product"}],"wp:featuredmedia":[{"embeddable":true,"href":"https:\/\/pinedesign.nl\/de\/wp-json\/wp\/v2\/media\/7256"}],"wp:attachment":[{"href":"https:\/\/pinedesign.nl\/de\/wp-json\/wp\/v2\/media?parent=8359"}],"wp:term":[{"taxonomy":"product_brand","embeddable":true,"href":"https:\/\/pinedesign.nl\/de\/wp-json\/wp\/v2\/product_brand?post=8359"},{"taxonomy":"product_cat","embeddable":true,"href":"https:\/\/pinedesign.nl\/de\/wp-json\/wp\/v2\/product_cat?post=8359"},{"taxonomy":"product_tag","embeddable":true,"href":"https:\/\/pinedesign.nl\/de\/wp-json\/wp\/v2\/product_tag?post=8359"}],"curies":[{"name":"wp","href":"https:\/\/api.w.org\/{rel}","templated":true}]}}