{"id":8211,"date":"2026-01-06T13:28:56","date_gmt":"2026-01-06T13:28:56","guid":{"rendered":"https:\/\/pinedesign.nl\/product\/sofa-silver\/"},"modified":"2026-01-06T13:28:56","modified_gmt":"2026-01-06T13:28:56","slug":"sofa-silver","status":"publish","type":"product","link":"https:\/\/pinedesign.nl\/de\/product\/sofa-silver\/","title":{"rendered":"Sofa Silver"},"content":{"rendered":"<p data-start=\"168\" data-end=\"465\">Suchst du nach einem Sofa, das wirklich Eindruck macht? Lerne <strong data-start=\"229\" data-end=\"244\">Sofa Silver<\/strong> kennen. Dieses stilvolle Design-Sofa ist ein echter Eyecatcher und kombiniert eine kraftvolle Ausstrahlung mit herrlichem Sitzkomfort. Die gro\u00dfz\u00fcgigen Formen und die luxuri\u00f6se Verarbeitung sorgen daf\u00fcr, dass Silver in jedem Wohnzimmer sofort die Blicke auf sich zieht.   <\/p>\n<p data-start=\"467\" data-end=\"709\">Dank der <strong data-start=\"478\" data-end=\"509\">vielen m\u00f6glichen Konfigurationen<\/strong> stellst du das Sofa ganz nach deinem Raum und Wohnstil zusammen. Zudem ist Silver in <strong data-start=\"605\" data-end=\"653\">einer gro\u00dfen Auswahl an Stoffen und Farben<\/strong> lieferbar, sodass dein Sofa so individuell wie deine Einrichtung wird. <\/p>\n<p data-start=\"711\" data-end=\"903\">Willst du den Komfort selbst erleben?  <strong data-start=\"744\" data-end=\"823\">Komm vorbei, um Sofa Silver in unserem Gesch\u00e4ft zu bewundern, und nimm f\u00fcr ein Probesitzen Platz.<\/strong>  Wir helfen dir gerne dabei, die perfekte Ausf\u00fchrung zusammenzustellen.<\/p>\n<p data-start=\"905\" data-end=\"947\"><strong data-start=\"905\" data-end=\"947\">Sofa Silver: sehen, f\u00fchlen und erleben.<\/strong><\/p>\n","protected":false},"excerpt":{"rendered":"<p data-start=\"168\" data-end=\"465\">Suchst du nach einem Sofa, das wirklich Eindruck macht? Lerne <strong data-start=\"229\" data-end=\"244\">Sofa Silver<\/strong> kennen. Dieses stilvolle Design-Sofa ist ein echter Eyecatcher und kombiniert eine kraftvolle Ausstrahlung mit herrlichem Sitzkomfort. Die gro\u00dfz\u00fcgigen Formen und die luxuri\u00f6se Verarbeitung sorgen daf\u00fcr, dass Silver in jedem Wohnzimmer sofort die Blicke auf sich zieht.   <\/p>\n<p data-start=\"467\" data-end=\"709\">Dank der <strong data-start=\"478\" data-end=\"509\">vielen m\u00f6glichen Konfigurationen<\/strong> stellst du das Sofa ganz nach deinem Raum und Wohnstil zusammen. Zudem ist Silver in <strong data-start=\"605\" data-end=\"653\">einer gro\u00dfen Auswahl an Stoffen und Farben<\/strong> lieferbar, sodass dein Sofa so individuell wie deine Einrichtung wird. <\/p>\n<p data-start=\"711\" data-end=\"903\">Willst du den Komfort selbst erleben?  <strong data-start=\"744\" data-end=\"823\">Komm vorbei, um Sofa Silver in unserem Gesch\u00e4ft zu bewundern, und nimm f\u00fcr ein Probesitzen Platz.<\/strong>  Wir helfen dir gerne dabei, die perfekte Ausf\u00fchrung zusammenzustellen.<\/p>\n<p data-start=\"905\" data-end=\"947\"><strong data-start=\"905\" data-end=\"947\">Sofa Silver: sehen, f\u00fchlen und erleben.<\/strong><\/p>\n","protected":false},"featured_media":6944,"template":"","meta":{"_joinchat":[]},"product_brand":[],"product_cat":[124,125,134],"product_tag":[],"class_list":{"0":"post-8211","1":"product","2":"type-product","3":"status-publish","4":"has-post-thumbnail","6":"product_cat-sitzmobel","7":"product_cat-sofa","8":"product_cat-sofas","10":"first","11":"instock","12":"shipping-taxable","13":"product-type-simple"},"_links":{"self":[{"href":"https:\/\/pinedesign.nl\/de\/wp-json\/wp\/v2\/product\/8211","targetHints":{"allow":["GET"]}}],"collection":[{"href":"https:\/\/pinedesign.nl\/de\/wp-json\/wp\/v2\/product"}],"about":[{"href":"https:\/\/pinedesign.nl\/de\/wp-json\/wp\/v2\/types\/product"}],"wp:featuredmedia":[{"embeddable":true,"href":"https:\/\/pinedesign.nl\/de\/wp-json\/wp\/v2\/media\/6944"}],"wp:attachment":[{"href":"https:\/\/pinedesign.nl\/de\/wp-json\/wp\/v2\/media?parent=8211"}],"wp:term":[{"taxonomy":"product_brand","embeddable":true,"href":"https:\/\/pinedesign.nl\/de\/wp-json\/wp\/v2\/product_brand?post=8211"},{"taxonomy":"product_cat","embeddable":true,"href":"https:\/\/pinedesign.nl\/de\/wp-json\/wp\/v2\/product_cat?post=8211"},{"taxonomy":"product_tag","embeddable":true,"href":"https:\/\/pinedesign.nl\/de\/wp-json\/wp\/v2\/product_tag?post=8211"}],"curies":[{"name":"wp","href":"https:\/\/api.w.org\/{rel}","templated":true}]}}