{"id":8204,"date":"2025-12-09T15:58:24","date_gmt":"2025-12-09T15:58:24","guid":{"rendered":"https:\/\/pinedesign.nl\/product\/esszimmerstuehle-porto\/"},"modified":"2025-12-09T15:58:24","modified_gmt":"2025-12-09T15:58:24","slug":"esszimmerstuehle-porto","status":"publish","type":"product","link":"https:\/\/pinedesign.nl\/de\/product\/esszimmerstuehle-porto\/","title":{"rendered":"Esszimmerst\u00fchle Porto"},"content":{"rendered":"<article class=\"text-token-text-primary w-full focus:outline-none [--shadow-height:45px] has-data-writing-block:pointer-events-none has-data-writing-block:-mt-(--shadow-height) has-data-writing-block:pt-(--shadow-height) [&amp;:has([data-writing-block])&gt;*]:pointer-events-auto [content-visibility:auto] supports-[content-visibility:auto]:[contain-intrinsic-size:auto_100lvh] scroll-mt-[calc(var(--header-height)+min(200px,max(70px,20svh)))]\" dir=\"auto\" style=\"font-style: normal; font-variant-caps: normal; font-weight: 400; letter-spacing: normal; orphans: auto; text-align: start; text-indent: 0px; text-transform: none; white-space: normal; widows: auto; word-spacing: 0px; -webkit-text-stroke-width: 0px; text-decoration: none; caret-color: #000000; color: #000000;\" tabindex=\"-1\" data-turn-id=\"request-WEB:312adb4f-c537-4a6c-8da4-bb7a07fed443-0\" data-testid=\"conversation-turn-2\" data-scroll-anchor=\"true\" data-turn=\"assistant\">\n<div class=\"text-base my-auto mx-auto pb-10 [--thread-content-margin:--spacing(4)] @w-sm\/main:[--thread-content-margin:--spacing(6)] @w-lg\/main:[--thread-content-margin:--spacing(16)] px-(--thread-content-margin)\">\n<div class=\"[--thread-content-max-width:40rem] @w-lg\/main:[--thread-content-max-width:48rem] mx-auto max-w-(--thread-content-max-width) flex-1 group\/turn-messages focus-visible:outline-hidden relative flex w-full min-w-0 flex-col agent-turn\" tabindex=\"-1\">\n<div class=\"flex max-w-full flex-col grow\">\n<div class=\"min-h-8 text-message relative flex w-full flex-col items-end gap-2 text-start break-words whitespace-normal [.text-message+&amp;]:mt-1\" dir=\"auto\" data-message-author-role=\"assistant\" data-message-id=\"c692b062-b0f5-482d-a1a1-0bf13dd6bc65\" data-message-model-slug=\"gpt-5-1\">\n<div class=\"flex w-full flex-col gap-1 empty:hidden first:pt-[1px]\">\n<div class=\"markdown prose dark:prose-invert w-full break-words light markdown-new-styling\">\n<p data-start=\"158\" data-end=\"413\">Suchst du einen Esszimmerstuhl, der nicht nur toll aussieht, sondern auch super bequem ist? <strong data-start=\"243\" data-end=\"298\">Lerne unseren beliebten Esszimmerstuhl Porto kennen!<\/strong><br data-start=\"298\" data-end=\"301\">Dieser Stuhl kombiniert moderne Eleganz mit ultimativem Sitzkomfort. Perfekt f\u00fcr lange, gem\u00fctliche Abende am Tisch. <\/p>\n<p data-start=\"415\" data-end=\"709\"><strong data-start=\"415\" data-end=\"441\">Dein Stil, deine Wahl<\/strong><br data-start=\"441\" data-end=\"444\">Der Porto ist <strong data-start=\"456\" data-end=\"529\">in einer riesigen Auswahl an Stoffen, Farben und Fu\u00dfvarianten erh\u00e4ltlich<\/strong>. Ob du dich f\u00fcr warmes Boucl\u00e9, luxuri\u00f6sen Samt oder einen grob gewebten Stoff entscheidest: Mit dem Porto gestaltest du ihn ganz nach deinem Geschmack. So passt er immer perfekt in dein Interieur.  <\/p>\n<p data-start=\"711\" data-end=\"751\"><strong data-start=\"711\" data-end=\"751\">Warum Kunden sich f\u00fcr den Porto entscheiden:<\/strong><\/p>\n<ul data-start=\"752\" data-end=\"973\">\n<li data-start=\"752\" data-end=\"811\">\n<p data-start=\"754\" data-end=\"811\">\u2714\ufe0f <strong data-start=\"757\" data-end=\"780\">Herrlicher Sitzkomfort<\/strong><\/p>\n<\/li>\n<li data-start=\"812\" data-end=\"855\">\n<p data-start=\"814\" data-end=\"855\">\u2714\ufe0f <strong data-start=\"817\" data-end=\"853\">Viele Stoff- und Farbm\u00f6glichkeiten<\/strong><\/p>\n<\/li>\n<li data-start=\"856\" data-end=\"896\">\n<p data-start=\"858\" data-end=\"896\">\u2714\ufe0f <strong data-start=\"861\" data-end=\"894\">Auswahl aus verschiedenen Fu\u00dffarben<\/strong><\/p>\n<\/li>\n<li data-start=\"897\" data-end=\"933\">\n<p data-start=\"899\" data-end=\"933\">\u2714\ufe0f <strong data-start=\"902\" data-end=\"931\">Stilvolles, zeitloses Design<\/strong><\/p>\n<\/li>\n<\/ul>\n<p data-start=\"975\" data-end=\"1192\"><strong data-start=\"975\" data-end=\"1008\">Komm zum Probesitzen im Gesch\u00e4ft vorbei!<\/strong><br data-start=\"1008\" data-end=\"1011\">Willst du erleben, wie bequem der Porto wirklich ist? Besuche unser Gesch\u00e4ft und entdecke alle tollen Kombinationen. Wir helfen dir gerne dabei, deinen idealen Stuhl zusammenzustellen.  <\/p>\n<p data-start=\"1194\" data-end=\"1257\"><strong data-start=\"1194\" data-end=\"1257\">Esszimmerstuhl Porto: dein neuer Favorit am Esstisch.<\/strong><\/p>\n<\/div>\n<\/div>\n<\/div>\n<\/div>\n<\/div>\n<\/div>\n<\/article>\n","protected":false},"excerpt":{"rendered":"<p data-start=\"158\" data-end=\"413\">Suchst du einen Esszimmerstuhl, der nicht nur toll aussieht, sondern auch super bequem ist? <strong data-start=\"243\" data-end=\"298\">Lerne unseren beliebten Esszimmerstuhl Porto kennen!<\/strong><br data-start=\"298\" data-end=\"301\">Dieser Stuhl kombiniert moderne Eleganz mit ultimativem Sitzkomfort. Perfekt f\u00fcr lange, gem\u00fctliche Abende am Tisch. <\/p>\n<p data-start=\"415\" data-end=\"709\"><strong data-start=\"415\" data-end=\"441\">Dein Stil, deine Wahl<\/strong><br data-start=\"441\" data-end=\"444\">Der Porto ist <strong data-start=\"456\" data-end=\"529\">in einer riesigen Auswahl an Stoffen, Farben und Fu\u00dfvarianten erh\u00e4ltlich<\/strong>. Ob du dich f\u00fcr warmes Boucl\u00e9, luxuri\u00f6sen Samt oder einen grob gewebten Stoff entscheidest: Mit dem Porto gestaltest du ihn ganz nach deinem Geschmack. So passt er immer perfekt in dein Interieur.  <\/p>\n<p data-start=\"711\" data-end=\"751\"><strong data-start=\"711\" data-end=\"751\">Warum Kunden sich f\u00fcr den Porto entscheiden:<\/strong><\/p>\n<ul data-start=\"752\" data-end=\"973\">\n<li data-start=\"752\" data-end=\"811\">\n<p data-start=\"754\" data-end=\"811\">\u2714\ufe0f <strong data-start=\"757\" data-end=\"780\">Herrlicher Sitzkomfort<\/strong><\/p>\n<\/li>\n<li data-start=\"812\" data-end=\"855\">\n<p data-start=\"814\" data-end=\"855\">\u2714\ufe0f <strong data-start=\"817\" data-end=\"853\">Viele Stoff- und Farbm\u00f6glichkeiten<\/strong><\/p>\n<\/li>\n<li data-start=\"856\" data-end=\"896\">\n<p data-start=\"858\" data-end=\"896\">\u2714\ufe0f <strong data-start=\"861\" data-end=\"894\">Auswahl aus verschiedenen Fu\u00dffarben<\/strong><\/p>\n<\/li>\n<li data-start=\"897\" data-end=\"933\">\n<p data-start=\"899\" data-end=\"933\">\u2714\ufe0f <strong data-start=\"902\" data-end=\"931\">Stilvolles, zeitloses Design<\/strong><\/p>\n<\/li>\n<\/ul>\n<p data-start=\"975\" data-end=\"1192\"><strong data-start=\"975\" data-end=\"1008\">Komm zum Probesitzen im Gesch\u00e4ft vorbei!<\/strong><br data-start=\"1008\" data-end=\"1011\">Willst du erleben, wie bequem der Porto wirklich ist? Besuche unser Gesch\u00e4ft und entdecke alle tollen Kombinationen. Wir helfen dir gerne dabei, deinen idealen Stuhl zusammenzustellen.  <\/p>\n<p data-start=\"1194\" data-end=\"1257\"><strong data-start=\"1194\" data-end=\"1257\">Esszimmerstuhl Porto: dein neuer Favorit am Esstisch.<\/strong><\/p>\n","protected":false},"featured_media":6932,"template":"","meta":{"_joinchat":[]},"product_brand":[],"product_cat":[128,124],"product_tag":[],"class_list":{"0":"post-8204","1":"product","2":"type-product","3":"status-publish","4":"has-post-thumbnail","6":"product_cat-esszimmerstuhle","7":"product_cat-sitzmobel","9":"first","10":"instock","11":"shipping-taxable","12":"product-type-simple"},"_links":{"self":[{"href":"https:\/\/pinedesign.nl\/de\/wp-json\/wp\/v2\/product\/8204","targetHints":{"allow":["GET"]}}],"collection":[{"href":"https:\/\/pinedesign.nl\/de\/wp-json\/wp\/v2\/product"}],"about":[{"href":"https:\/\/pinedesign.nl\/de\/wp-json\/wp\/v2\/types\/product"}],"wp:featuredmedia":[{"embeddable":true,"href":"https:\/\/pinedesign.nl\/de\/wp-json\/wp\/v2\/media\/6932"}],"wp:attachment":[{"href":"https:\/\/pinedesign.nl\/de\/wp-json\/wp\/v2\/media?parent=8204"}],"wp:term":[{"taxonomy":"product_brand","embeddable":true,"href":"https:\/\/pinedesign.nl\/de\/wp-json\/wp\/v2\/product_brand?post=8204"},{"taxonomy":"product_cat","embeddable":true,"href":"https:\/\/pinedesign.nl\/de\/wp-json\/wp\/v2\/product_cat?post=8204"},{"taxonomy":"product_tag","embeddable":true,"href":"https:\/\/pinedesign.nl\/de\/wp-json\/wp\/v2\/product_tag?post=8204"}],"curies":[{"name":"wp","href":"https:\/\/api.w.org\/{rel}","templated":true}]}}