{"id":8201,"date":"2025-12-09T15:32:15","date_gmt":"2025-12-09T15:32:15","guid":{"rendered":"https:\/\/pinedesign.nl\/product\/esstisch-chelsea\/"},"modified":"2025-12-09T15:32:15","modified_gmt":"2025-12-09T15:32:15","slug":"esstisch-chelsea","status":"publish","type":"product","link":"https:\/\/pinedesign.nl\/de\/product\/esstisch-chelsea\/","title":{"rendered":"Esstisch Chelsea"},"content":{"rendered":"<h3 data-start=\"92\" data-end=\"155\"><strong data-start=\"96\" data-end=\"155\">Stilvoll, modern und komplett nach Ma\u00df<\/strong><\/h3>\n<p data-start=\"157\" data-end=\"446\">Lerne den <strong data-start=\"176\" data-end=\"187\">Chelsea<\/strong> kennen: ein eleganter Esstisch mit flie\u00dfendem, ovalem Design und einzigartigen, geschwungenen Beinen, die sofort ins Auge fallen. Dieser Tisch kombiniert modernen Minimalismus mit einer luxuri\u00f6sen Ausstrahlung und passt perfekt in sowohl schlichte als auch warme, gem\u00fctliche Einrichtungen. <\/p>\n<p data-start=\"448\" data-end=\"726\">Der Chelsea ist <strong data-start=\"462\" data-end=\"479\">100 % Ma\u00dfarbeit<\/strong>.<br data-start=\"480\" data-end=\"483\">W\u00e4hle selbst die <strong data-start=\"496\" data-end=\"508\">Ma\u00dfe<\/strong>, die <strong data-start=\"513\" data-end=\"522\">Farbe<\/strong> und das <strong data-start=\"529\" data-end=\"542\">Finish<\/strong>, die zu deiner Einrichtung passen. So wird jeder Chelsea zu einem Unikat, das speziell f\u00fcr dich gefertigt wird. Hast du andere W\u00fcnsche? Wir beraten dich gerne, um den perfekten Tisch zusammenzustellen.   <\/p>\n<p data-start=\"728\" data-end=\"917\">Komm in unserem Gesch\u00e4ft vorbei und lass dich vom Design, der Qualit\u00e4t und den M\u00f6glichkeiten des Chelsea inspirieren.<br data-start=\"837\" data-end=\"840\"><strong data-start=\"840\" data-end=\"917\">Wir helfen dir gerne dabei, deinen idealen Esstisch zu kreieren.<\/strong><\/p>\n<p data-start=\"919\" data-end=\"993\"><strong data-start=\"919\" data-end=\"993\">Chelsea: der perfekte Mix aus Design, Komfort und pers\u00f6nlicher Ma\u00dfarbeit.<\/strong><\/p>\n","protected":false},"excerpt":{"rendered":"<h3 data-start=\"92\" data-end=\"155\"><strong data-start=\"96\" data-end=\"155\">Stilvoll, modern und komplett nach Ma\u00df<\/strong><\/h3>\n<p data-start=\"157\" data-end=\"446\">Lerne den <strong data-start=\"176\" data-end=\"187\">Chelsea<\/strong> kennen: ein eleganter Esstisch mit flie\u00dfendem, ovalem Design und einzigartigen, geschwungenen Beinen, die sofort ins Auge fallen. Dieser Tisch kombiniert modernen Minimalismus mit einer luxuri\u00f6sen Ausstrahlung und passt perfekt in sowohl schlichte als auch warme, gem\u00fctliche Einrichtungen. <\/p>\n<p data-start=\"448\" data-end=\"726\">Der Chelsea ist <strong data-start=\"462\" data-end=\"479\">100 % Ma\u00dfarbeit<\/strong>.<br data-start=\"480\" data-end=\"483\">W\u00e4hle selbst die <strong data-start=\"496\" data-end=\"508\">Ma\u00dfe<\/strong>, die <strong data-start=\"513\" data-end=\"522\">Farbe<\/strong> und das <strong data-start=\"529\" data-end=\"542\">Finish<\/strong>, die zu deiner Einrichtung passen. So wird jeder Chelsea zu einem Unikat, das speziell f\u00fcr dich gefertigt wird. Hast du andere W\u00fcnsche? Wir beraten dich gerne, um den perfekten Tisch zusammenzustellen.   <\/p>\n<p data-start=\"728\" data-end=\"917\">Komm in unserem Gesch\u00e4ft vorbei und lass dich vom Design, der Qualit\u00e4t und den M\u00f6glichkeiten des Chelsea inspirieren.<br data-start=\"837\" data-end=\"840\"><strong data-start=\"840\" data-end=\"917\">Wir helfen dir gerne dabei, deinen idealen Esstisch zu kreieren.<\/strong><\/p>\n<p data-start=\"919\" data-end=\"993\"><strong data-start=\"919\" data-end=\"993\">Chelsea: der perfekte Mix aus Design, Komfort und pers\u00f6nlicher Ma\u00dfarbeit.<\/strong><\/p>\n","protected":false},"featured_media":6930,"template":"","meta":{"_joinchat":[]},"product_brand":[],"product_cat":[122,121],"product_tag":[],"class_list":{"0":"post-8201","1":"product","2":"type-product","3":"status-publish","4":"has-post-thumbnail","6":"product_cat-esstische","7":"product_cat-tische","9":"first","10":"instock","11":"shipping-taxable","12":"product-type-simple"},"_links":{"self":[{"href":"https:\/\/pinedesign.nl\/de\/wp-json\/wp\/v2\/product\/8201","targetHints":{"allow":["GET"]}}],"collection":[{"href":"https:\/\/pinedesign.nl\/de\/wp-json\/wp\/v2\/product"}],"about":[{"href":"https:\/\/pinedesign.nl\/de\/wp-json\/wp\/v2\/types\/product"}],"wp:featuredmedia":[{"embeddable":true,"href":"https:\/\/pinedesign.nl\/de\/wp-json\/wp\/v2\/media\/6930"}],"wp:attachment":[{"href":"https:\/\/pinedesign.nl\/de\/wp-json\/wp\/v2\/media?parent=8201"}],"wp:term":[{"taxonomy":"product_brand","embeddable":true,"href":"https:\/\/pinedesign.nl\/de\/wp-json\/wp\/v2\/product_brand?post=8201"},{"taxonomy":"product_cat","embeddable":true,"href":"https:\/\/pinedesign.nl\/de\/wp-json\/wp\/v2\/product_cat?post=8201"},{"taxonomy":"product_tag","embeddable":true,"href":"https:\/\/pinedesign.nl\/de\/wp-json\/wp\/v2\/product_tag?post=8201"}],"curies":[{"name":"wp","href":"https:\/\/api.w.org\/{rel}","templated":true}]}}