{"id":8190,"date":"2026-01-13T11:34:43","date_gmt":"2026-01-13T11:34:43","guid":{"rendered":"https:\/\/pinedesign.nl\/product\/esszimmerbank-lola\/"},"modified":"2026-01-13T11:34:43","modified_gmt":"2026-01-13T11:34:43","slug":"esszimmerbank-lola","status":"publish","type":"product","link":"https:\/\/pinedesign.nl\/de\/product\/esszimmerbank-lola\/","title":{"rendered":"Esszimmerbank Lola"},"content":{"rendered":"<p>Entdecke die <strong data-start=\"104\" data-end=\"134\">Esszimmerbank Lola von Dyyk<\/strong> \u2013 eine perfekte Kombination aus Stil, Komfort und Flexibilit\u00e4t. Lola ist in verschiedenen Gr\u00f6\u00dfen und einer gro\u00dfen Auswahl an Stoffen erh\u00e4ltlich, sodass du die Bank perfekt auf dein Interieur abstimmen kannst. Diese Esszimmerbank ist auch in einer wundersch\u00f6nen Eckkonfiguration erh\u00e4ltlich, wie auf dem Foto zu sehen ist \u2013 ideal f\u00fcr einen gem\u00fctlichen und einladenden Essbereich. Komm in unserem Gesch\u00e4ft vorbei, bewundere Lola aus der N\u00e4he und erlebe den herrlichen Sitzkomfort selbst.   <\/p>\n","protected":false},"excerpt":{"rendered":"<p>Entdecke die <strong data-start=\"104\" data-end=\"134\">Esszimmerbank Lola von Dyyk<\/strong> \u2013 eine perfekte Kombination aus Stil, Komfort und Flexibilit\u00e4t. Lola ist in verschiedenen Gr\u00f6\u00dfen und einer gro\u00dfen Auswahl an Stoffen erh\u00e4ltlich, sodass du die Bank perfekt auf dein Interieur abstimmen kannst. Diese Esszimmerbank ist auch in einer wundersch\u00f6nen Eckkonfiguration erh\u00e4ltlich, wie auf dem Foto zu sehen ist \u2013 ideal f\u00fcr einen gem\u00fctlichen und einladenden Essbereich. Komm in unserem Gesch\u00e4ft vorbei, bewundere Lola aus der N\u00e4he und erlebe den herrlichen Sitzkomfort selbst.   <\/p>\n","protected":false},"featured_media":6947,"template":"","meta":{"_joinchat":[]},"product_brand":[],"product_cat":[137,127,136,124],"product_tag":[],"class_list":{"0":"post-8190","1":"product","2":"type-product","3":"status-publish","4":"has-post-thumbnail","6":"product_cat-dyyk","7":"product_cat-esszimmerbanke","8":"product_cat-marken","9":"product_cat-sitzmobel","11":"first","12":"instock","13":"shipping-taxable","14":"product-type-simple"},"_links":{"self":[{"href":"https:\/\/pinedesign.nl\/de\/wp-json\/wp\/v2\/product\/8190","targetHints":{"allow":["GET"]}}],"collection":[{"href":"https:\/\/pinedesign.nl\/de\/wp-json\/wp\/v2\/product"}],"about":[{"href":"https:\/\/pinedesign.nl\/de\/wp-json\/wp\/v2\/types\/product"}],"wp:featuredmedia":[{"embeddable":true,"href":"https:\/\/pinedesign.nl\/de\/wp-json\/wp\/v2\/media\/6947"}],"wp:attachment":[{"href":"https:\/\/pinedesign.nl\/de\/wp-json\/wp\/v2\/media?parent=8190"}],"wp:term":[{"taxonomy":"product_brand","embeddable":true,"href":"https:\/\/pinedesign.nl\/de\/wp-json\/wp\/v2\/product_brand?post=8190"},{"taxonomy":"product_cat","embeddable":true,"href":"https:\/\/pinedesign.nl\/de\/wp-json\/wp\/v2\/product_cat?post=8190"},{"taxonomy":"product_tag","embeddable":true,"href":"https:\/\/pinedesign.nl\/de\/wp-json\/wp\/v2\/product_tag?post=8190"}],"curies":[{"name":"wp","href":"https:\/\/api.w.org\/{rel}","templated":true}]}}