{"id":8189,"date":"2025-12-02T15:54:39","date_gmt":"2025-12-02T15:54:39","guid":{"rendered":"https:\/\/pinedesign.nl\/product\/couchtisch-fay\/"},"modified":"2025-12-02T15:54:39","modified_gmt":"2025-12-02T15:54:39","slug":"couchtisch-fay","status":"publish","type":"product","link":"https:\/\/pinedesign.nl\/de\/product\/couchtisch-fay\/","title":{"rendered":"Couchtisch Fay"},"content":{"rendered":"<p data-start=\"93\" data-end=\"486\">Verleihe deinem Wohnzimmer eine stilvolle und verspielte Ausstrahlung mit dem wundersch\u00f6nen <strong data-start=\"200\" data-end=\"218\">Couchtisch Fay<\/strong> von Eleonora. Dieser organisch geformte Couchtisch ist aus Holz gefertigt und strahlt pure Eleganz aus. Mit seinen gro\u00dfz\u00fcgigen Ma\u00dfen von <strong data-start=\"372\" data-end=\"393\">162 \u00d7 108 \u00d7 31 cm<\/strong> bietet Fay reichlich Platz f\u00fcr Accessoires, B\u00fccher oder Snacks und Getr\u00e4nke.  <\/p>\n<p data-start=\"488\" data-end=\"739\">Die sanften Rundungen und flie\u00dfenden Linien sorgen f\u00fcr einen luftigen, nat\u00fcrlichen Look. Dank der schlanken, hohen Beine wirkt der Tisch gleichzeitig modern und ger\u00e4umig. Das organische Design macht Fay zu einem echten Blickfang: subtil und doch pr\u00e4sent.  <\/p>\n<p data-start=\"741\" data-end=\"912\">Suchst du einen Couchtisch, der Charakter verleiht und Harmonie in deine Einrichtung bringt? <strong data-start=\"834\" data-end=\"912\">Couchtisch Fay ist ein echtes Highlight \u2013 ein Tisch, der Eindruck hinterl\u00e4sst.<\/strong><\/p>\n","protected":false},"excerpt":{"rendered":"<p data-start=\"93\" data-end=\"486\">Verleihe deinem Wohnzimmer eine stilvolle und verspielte Ausstrahlung mit dem wundersch\u00f6nen <strong data-start=\"200\" data-end=\"218\">Couchtisch Fay<\/strong> von Eleonora. Dieser organisch geformte Couchtisch ist aus Holz gefertigt und strahlt pure Eleganz aus. Mit seinen gro\u00dfz\u00fcgigen Ma\u00dfen von <strong data-start=\"372\" data-end=\"393\">162 \u00d7 108 \u00d7 31 cm<\/strong> bietet Fay reichlich Platz f\u00fcr Accessoires, B\u00fccher oder Snacks und Getr\u00e4nke.  <\/p>\n<p data-start=\"488\" data-end=\"739\">Die sanften Rundungen und flie\u00dfenden Linien sorgen f\u00fcr einen luftigen, nat\u00fcrlichen Look. Dank der schlanken, hohen Beine wirkt der Tisch gleichzeitig modern und ger\u00e4umig. Das organische Design macht Fay zu einem echten Blickfang: subtil und doch pr\u00e4sent.  <\/p>\n<p data-start=\"741\" data-end=\"912\">Suchst du einen Couchtisch, der Charakter verleiht und Harmonie in deine Einrichtung bringt? <strong data-start=\"834\" data-end=\"912\">Couchtisch Fay ist ein echtes Highlight \u2013 ein Tisch, der Eindruck hinterl\u00e4sst.<\/strong><\/p>\n","protected":false},"featured_media":6922,"template":"","meta":{"_joinchat":[]},"product_brand":[],"product_cat":[135,151,136,121],"product_tag":[],"class_list":{"0":"post-8189","1":"product","2":"type-product","3":"status-publish","4":"has-post-thumbnail","6":"product_cat-couchtische","7":"product_cat-eleonora","8":"product_cat-marken","9":"product_cat-tische","11":"first","12":"instock","13":"shipping-taxable","14":"product-type-simple"},"_links":{"self":[{"href":"https:\/\/pinedesign.nl\/de\/wp-json\/wp\/v2\/product\/8189","targetHints":{"allow":["GET"]}}],"collection":[{"href":"https:\/\/pinedesign.nl\/de\/wp-json\/wp\/v2\/product"}],"about":[{"href":"https:\/\/pinedesign.nl\/de\/wp-json\/wp\/v2\/types\/product"}],"wp:featuredmedia":[{"embeddable":true,"href":"https:\/\/pinedesign.nl\/de\/wp-json\/wp\/v2\/media\/6922"}],"wp:attachment":[{"href":"https:\/\/pinedesign.nl\/de\/wp-json\/wp\/v2\/media?parent=8189"}],"wp:term":[{"taxonomy":"product_brand","embeddable":true,"href":"https:\/\/pinedesign.nl\/de\/wp-json\/wp\/v2\/product_brand?post=8189"},{"taxonomy":"product_cat","embeddable":true,"href":"https:\/\/pinedesign.nl\/de\/wp-json\/wp\/v2\/product_cat?post=8189"},{"taxonomy":"product_tag","embeddable":true,"href":"https:\/\/pinedesign.nl\/de\/wp-json\/wp\/v2\/product_tag?post=8189"}],"curies":[{"name":"wp","href":"https:\/\/api.w.org\/{rel}","templated":true}]}}