{"id":8181,"date":"2025-11-14T10:58:51","date_gmt":"2025-11-14T10:58:51","guid":{"rendered":"https:\/\/pinedesign.nl\/product\/schrank-kentucky\/"},"modified":"2025-11-14T10:58:51","modified_gmt":"2025-11-14T10:58:51","slug":"schrank-kentucky","status":"publish","type":"product","link":"https:\/\/pinedesign.nl\/de\/product\/schrank-kentucky\/","title":{"rendered":"Schrank Kentucky"},"content":{"rendered":"<p data-start=\"91\" data-end=\"165\"><strong data-start=\"91\" data-end=\"165\">Robustes Handwerk mit raffinierter Ausstrahlung<\/strong><\/p>\n<p data-start=\"167\" data-end=\"508\">Die Vitrine Kentucky von New Routz ist eine Hommage an echtes Handwerk. Diese Metallvitrine wird mit Sorgfalt gefertigt und strahlt Charakter und Qualit\u00e4t aus. Der Schrank ist in vier stilvollen Farben erh\u00e4ltlich: Vintage-Olivgr\u00fcn, Sandfarben, Tiefblau und Schwarz, wodurch er sich m\u00fchelos in moderne sowie industrielle Interieurs einf\u00fcgt.  <\/p>\n<p data-start=\"510\" data-end=\"854\">Die zwei T\u00fcren und Seiten sind mit Klarglas versehen, sodass deine sch\u00f6nsten St\u00fccke immer im Rampenlicht stehen. Im Inneren sorgen die Metallb\u00f6den f\u00fcr eine robuste, zeitlose Ausstrahlung und eine praktische Einteilung. Dank der hohen Beine wirkt die Kentucky weitl\u00e4ufig und leicht, w\u00e4hrend sie dennoch ein robustes und verspieltes Statement in jedem Raum setzt.  <\/p>\n<p data-start=\"856\" data-end=\"1036\">Mit ihren gro\u00dfz\u00fcgigen Ma\u00dfen <strong data-start=\"883\" data-end=\"907\">H 130 x B 122 x T 36 cm<\/strong> bietet die Vitrine reichlich Stauraum, ohne dominant zu wirken. Ein perfekter Mix aus Funktionalit\u00e4t, Stil und Handwerkskunst. <\/p>\n","protected":false},"excerpt":{"rendered":"<p data-start=\"91\" data-end=\"165\"><strong data-start=\"91\" data-end=\"165\">Robustes Handwerk mit raffinierter Ausstrahlung<\/strong><\/p>\n<p data-start=\"167\" data-end=\"508\">Die Vitrine Kentucky von New Routz ist eine Hommage an echtes Handwerk. Diese Metallvitrine wird mit Sorgfalt gefertigt und strahlt Charakter und Qualit\u00e4t aus. Der Schrank ist in vier stilvollen Farben erh\u00e4ltlich: Vintage-Olivgr\u00fcn, Sandfarben, Tiefblau und Schwarz, wodurch er sich m\u00fchelos in moderne sowie industrielle Interieurs einf\u00fcgt.  <\/p>\n<p data-start=\"510\" data-end=\"854\">Die zwei T\u00fcren und Seiten sind mit Klarglas versehen, sodass deine sch\u00f6nsten St\u00fccke immer im Rampenlicht stehen. Im Inneren sorgen die Metallb\u00f6den f\u00fcr eine robuste, zeitlose Ausstrahlung und eine praktische Einteilung. Dank der hohen Beine wirkt die Kentucky weitl\u00e4ufig und leicht, w\u00e4hrend sie dennoch ein robustes und verspieltes Statement in jedem Raum setzt.  <\/p>\n<p data-start=\"856\" data-end=\"1036\">Mit ihren gro\u00dfz\u00fcgigen Ma\u00dfen <strong data-start=\"883\" data-end=\"907\">H 130 x B 122 x T 36 cm<\/strong> bietet die Vitrine reichlich Stauraum, ohne dominant zu wirken. Ein perfekter Mix aus Funktionalit\u00e4t, Stil und Handwerkskunst. <\/p>\n","protected":false},"featured_media":6894,"template":"","meta":{"_joinchat":[]},"product_brand":[],"product_cat":[136,138,115,117,131],"product_tag":[],"class_list":{"0":"post-8181","1":"product","2":"type-product","3":"status-publish","4":"has-post-thumbnail","6":"product_cat-marken","7":"product_cat-new-routz","8":"product_cat-schranke","9":"product_cat-sideboard","10":"product_cat-wandschranke","12":"first","13":"instock","14":"shipping-taxable","15":"product-type-simple"},"_links":{"self":[{"href":"https:\/\/pinedesign.nl\/de\/wp-json\/wp\/v2\/product\/8181","targetHints":{"allow":["GET"]}}],"collection":[{"href":"https:\/\/pinedesign.nl\/de\/wp-json\/wp\/v2\/product"}],"about":[{"href":"https:\/\/pinedesign.nl\/de\/wp-json\/wp\/v2\/types\/product"}],"wp:featuredmedia":[{"embeddable":true,"href":"https:\/\/pinedesign.nl\/de\/wp-json\/wp\/v2\/media\/6894"}],"wp:attachment":[{"href":"https:\/\/pinedesign.nl\/de\/wp-json\/wp\/v2\/media?parent=8181"}],"wp:term":[{"taxonomy":"product_brand","embeddable":true,"href":"https:\/\/pinedesign.nl\/de\/wp-json\/wp\/v2\/product_brand?post=8181"},{"taxonomy":"product_cat","embeddable":true,"href":"https:\/\/pinedesign.nl\/de\/wp-json\/wp\/v2\/product_cat?post=8181"},{"taxonomy":"product_tag","embeddable":true,"href":"https:\/\/pinedesign.nl\/de\/wp-json\/wp\/v2\/product_tag?post=8181"}],"curies":[{"name":"wp","href":"https:\/\/api.w.org\/{rel}","templated":true}]}}