{"id":8180,"date":"2025-12-02T14:52:20","date_gmt":"2025-12-02T14:52:20","guid":{"rendered":"https:\/\/pinedesign.nl\/product\/sofa-boogie\/"},"modified":"2025-12-02T14:52:20","modified_gmt":"2025-12-02T14:52:20","slug":"sofa-boogie","status":"publish","type":"product","link":"https:\/\/pinedesign.nl\/de\/product\/sofa-boogie\/","title":{"rendered":"Sofa Boogie"},"content":{"rendered":"<h3 data-start=\"93\" data-end=\"136\"><strong data-start=\"97\" data-end=\"136\">Das ultimative Lounge-Erlebnis<\/strong><\/h3>\n<p data-start=\"138\" data-end=\"353\">Entdecke <strong data-start=\"145\" data-end=\"155\">Boogie<\/strong>, das Modulsofa, das dein Wohnzimmer in eine luxuri\u00f6se Lounge-Zone verwandelt. Gestalte es ganz nach deinen W\u00fcnschen: W\u00e4hle aus verschiedenen Stoffen, Farben sowie Konfigurationen und erschaffe deinen perfekten Ort zum Entspannen. <\/p>\n<p data-start=\"355\" data-end=\"666\">Boogie ist f\u00fcr eine Sache gemacht: <strong data-start=\"388\" data-end=\"434\">Komfort, aus dem du nicht mehr aufstehen willst<\/strong>. Die gro\u00dfz\u00fcgige Sitztiefe und die weichen Kissen laden zum endlosen Entspannen ein. Und willst du noch mehr Lounge-Feeling? Nutze die Kissen als Erg\u00e4nzung, um die Sitzfl\u00e4che zu verl\u00e4ngern \u2013 ideal zum Ausstrecken, Cocooning oder f\u00fcr Filmabende.   <\/p>\n<p data-start=\"668\" data-end=\"794\">Neugierig, wie Boogie sitzt?<br data-start=\"692\" data-end=\"695\"><strong data-start=\"695\" data-end=\"794\">Komm zum Probesitzen vorbei und erlebe selbst, warum dies dein neuer Lieblingsplatz im Haus wird.<\/strong><\/p>\n","protected":false},"excerpt":{"rendered":"<h3 data-start=\"93\" data-end=\"136\"><strong data-start=\"97\" data-end=\"136\">Das ultimative Lounge-Erlebnis<\/strong><\/h3>\n<p data-start=\"138\" data-end=\"353\">Entdecke <strong data-start=\"145\" data-end=\"155\">Boogie<\/strong>, das Modulsofa, das dein Wohnzimmer in eine luxuri\u00f6se Lounge-Zone verwandelt. Gestalte es ganz nach deinen W\u00fcnschen: W\u00e4hle aus verschiedenen Stoffen, Farben sowie Konfigurationen und erschaffe deinen perfekten Ort zum Entspannen. <\/p>\n<p data-start=\"355\" data-end=\"666\">Boogie ist f\u00fcr eine Sache gemacht: <strong data-start=\"388\" data-end=\"434\">Komfort, aus dem du nicht mehr aufstehen willst<\/strong>. Die gro\u00dfz\u00fcgige Sitztiefe und die weichen Kissen laden zum endlosen Entspannen ein. Und willst du noch mehr Lounge-Feeling? Nutze die Kissen als Erg\u00e4nzung, um die Sitzfl\u00e4che zu verl\u00e4ngern \u2013 ideal zum Ausstrecken, Cocooning oder f\u00fcr Filmabende.   <\/p>\n<p data-start=\"668\" data-end=\"794\">Neugierig, wie Boogie sitzt?<br data-start=\"692\" data-end=\"695\"><strong data-start=\"695\" data-end=\"794\">Komm zum Probesitzen vorbei und erlebe selbst, warum dies dein neuer Lieblingsplatz im Haus wird.<\/strong><\/p>\n","protected":false},"featured_media":6919,"template":"","meta":{"_joinchat":[]},"product_brand":[],"product_cat":[124,125,134],"product_tag":[],"class_list":{"0":"post-8180","1":"product","2":"type-product","3":"status-publish","4":"has-post-thumbnail","6":"product_cat-sitzmobel","7":"product_cat-sofa","8":"product_cat-sofas","10":"first","11":"instock","12":"shipping-taxable","13":"product-type-simple"},"_links":{"self":[{"href":"https:\/\/pinedesign.nl\/de\/wp-json\/wp\/v2\/product\/8180","targetHints":{"allow":["GET"]}}],"collection":[{"href":"https:\/\/pinedesign.nl\/de\/wp-json\/wp\/v2\/product"}],"about":[{"href":"https:\/\/pinedesign.nl\/de\/wp-json\/wp\/v2\/types\/product"}],"wp:featuredmedia":[{"embeddable":true,"href":"https:\/\/pinedesign.nl\/de\/wp-json\/wp\/v2\/media\/6919"}],"wp:attachment":[{"href":"https:\/\/pinedesign.nl\/de\/wp-json\/wp\/v2\/media?parent=8180"}],"wp:term":[{"taxonomy":"product_brand","embeddable":true,"href":"https:\/\/pinedesign.nl\/de\/wp-json\/wp\/v2\/product_brand?post=8180"},{"taxonomy":"product_cat","embeddable":true,"href":"https:\/\/pinedesign.nl\/de\/wp-json\/wp\/v2\/product_cat?post=8180"},{"taxonomy":"product_tag","embeddable":true,"href":"https:\/\/pinedesign.nl\/de\/wp-json\/wp\/v2\/product_tag?post=8180"}],"curies":[{"name":"wp","href":"https:\/\/api.w.org\/{rel}","templated":true}]}}