{"id":8176,"date":"2025-11-14T10:47:40","date_gmt":"2025-11-14T10:47:40","guid":{"rendered":"https:\/\/pinedesign.nl\/product\/sofa-bond\/"},"modified":"2025-11-14T10:47:40","modified_gmt":"2025-11-14T10:47:40","slug":"sofa-bond","status":"publish","type":"product","link":"https:\/\/pinedesign.nl\/de\/product\/sofa-bond\/","title":{"rendered":"Sofa Bond"},"content":{"rendered":"<p data-start=\"51\" data-end=\"111\"><strong data-start=\"51\" data-end=\"111\">Zeitloses Design mit einer weichen, runden Ausstrahlung<\/strong><\/p>\n<p data-start=\"113\" data-end=\"396\">Das Bond-Sofa von Cartel Living wurde f\u00fcr alle entworfen, die Ruhe, Harmonie und Luxus im Interieur lieben. Die sch\u00f6nen runden Formen verleihen dem Sofa einen weichen, einladenden Look, w\u00e4hrend die bodentiefe Silhouette f\u00fcr einen modernen und gem\u00fctlichen Effekt sorgt. <\/p>\n<p data-start=\"398\" data-end=\"708\">Dank der festen Polsterung beh\u00e4lt Bond immer seine klare, hochwertige Ausstrahlung. Keine losen Kissen, sondern ein elegantes Ganzes, das zugleich komfortabel und praktisch ist. Zudem ist das Sofa in einer riesigen Auswahl an Stoffen, Farben und Texturen erh\u00e4ltlich, sodass es m\u00fchelos zu deinem Wohnstil passt.  <\/p>\n<p data-start=\"710\" data-end=\"936\">Ob du dich f\u00fcr einen kompakten Loveseat, eine gro\u00dfz\u00fcgige Eckkombination oder ein festes Sofa entscheidest \u2013 Bond bietet endlose M\u00f6glichkeiten. Ein echter Blickfang, der dein Wohnzimmer mit Stil, Komfort und Charakter zum Leben erweckt.  <\/p>\n","protected":false},"excerpt":{"rendered":"<p data-start=\"51\" data-end=\"111\"><strong data-start=\"51\" data-end=\"111\">Zeitloses Design mit einer weichen, runden Ausstrahlung<\/strong><\/p>\n<p data-start=\"113\" data-end=\"396\">Das Bond-Sofa von Cartel Living wurde f\u00fcr alle entworfen, die Ruhe, Harmonie und Luxus im Interieur lieben. Die sch\u00f6nen runden Formen verleihen dem Sofa einen weichen, einladenden Look, w\u00e4hrend die bodentiefe Silhouette f\u00fcr einen modernen und gem\u00fctlichen Effekt sorgt. <\/p>\n<p data-start=\"398\" data-end=\"708\">Dank der festen Polsterung beh\u00e4lt Bond immer seine klare, hochwertige Ausstrahlung. Keine losen Kissen, sondern ein elegantes Ganzes, das zugleich komfortabel und praktisch ist. Zudem ist das Sofa in einer riesigen Auswahl an Stoffen, Farben und Texturen erh\u00e4ltlich, sodass es m\u00fchelos zu deinem Wohnstil passt.  <\/p>\n<p data-start=\"710\" data-end=\"936\">Ob du dich f\u00fcr einen kompakten Loveseat, eine gro\u00dfz\u00fcgige Eckkombination oder ein festes Sofa entscheidest \u2013 Bond bietet endlose M\u00f6glichkeiten. Ein echter Blickfang, der dein Wohnzimmer mit Stil, Komfort und Charakter zum Leben erweckt.  <\/p>\n","protected":false},"featured_media":6892,"template":"","meta":{"_joinchat":[]},"product_brand":[],"product_cat":[133,136,124,125,134],"product_tag":[],"class_list":{"0":"post-8176","1":"product","2":"type-product","3":"status-publish","4":"has-post-thumbnail","6":"product_cat-cartel-living","7":"product_cat-marken","8":"product_cat-sitzmobel","9":"product_cat-sofa","10":"product_cat-sofas","12":"first","13":"instock","14":"shipping-taxable","15":"product-type-simple"},"_links":{"self":[{"href":"https:\/\/pinedesign.nl\/de\/wp-json\/wp\/v2\/product\/8176","targetHints":{"allow":["GET"]}}],"collection":[{"href":"https:\/\/pinedesign.nl\/de\/wp-json\/wp\/v2\/product"}],"about":[{"href":"https:\/\/pinedesign.nl\/de\/wp-json\/wp\/v2\/types\/product"}],"wp:featuredmedia":[{"embeddable":true,"href":"https:\/\/pinedesign.nl\/de\/wp-json\/wp\/v2\/media\/6892"}],"wp:attachment":[{"href":"https:\/\/pinedesign.nl\/de\/wp-json\/wp\/v2\/media?parent=8176"}],"wp:term":[{"taxonomy":"product_brand","embeddable":true,"href":"https:\/\/pinedesign.nl\/de\/wp-json\/wp\/v2\/product_brand?post=8176"},{"taxonomy":"product_cat","embeddable":true,"href":"https:\/\/pinedesign.nl\/de\/wp-json\/wp\/v2\/product_cat?post=8176"},{"taxonomy":"product_tag","embeddable":true,"href":"https:\/\/pinedesign.nl\/de\/wp-json\/wp\/v2\/product_tag?post=8176"}],"curies":[{"name":"wp","href":"https:\/\/api.w.org\/{rel}","templated":true}]}}