{"id":8172,"date":"2025-10-16T10:07:19","date_gmt":"2025-10-16T10:07:19","guid":{"rendered":"https:\/\/pinedesign.nl\/product\/sofa-popoline\/"},"modified":"2025-10-16T10:07:19","modified_gmt":"2025-10-16T10:07:19","slug":"sofa-popoline","status":"publish","type":"product","link":"https:\/\/pinedesign.nl\/de\/product\/sofa-popoline\/","title":{"rendered":"Sofa Popoline"},"content":{"rendered":"<h3 data-start=\"202\" data-end=\"258\">Sofa <strong data-start=\"211\" data-end=\"219\">Ella<\/strong> \u2013 das ultimative Lounge-Sofa f\u00fcr dein Zuhause<\/h3>\n<p data-start=\"260\" data-end=\"593\">Entdecke <strong data-start=\"267\" data-end=\"280\">Sofa Ella<\/strong>, die perfekte Kombination aus Komfort, Stil und Gem\u00fctlichkeit. Dieses echte <strong data-start=\"352\" data-end=\"366\">Lounge-Sofa<\/strong> l\u00e4dt dazu ein, nach einem langen Tag herrlich darin zu versinken. Die gro\u00dfz\u00fcgigen Sitzkissen und weichen <strong data-start=\"456\" data-end=\"474\">Zierkissen<\/strong> sorgen nicht nur f\u00fcr einen wunderbaren Sitzkomfort, sondern verleihen dem Sofa auch eine <strong data-start=\"551\" data-end=\"590\">gem\u00fctliche, einladende Ausstrahlung<\/strong>.  <\/p>\n<p data-start=\"595\" data-end=\"881\">Das Design von Ella ist bis ins kleinste Detail durchdacht. Das Sofa ist <strong data-start=\"667\" data-end=\"692\">bodenb\u00fcndig<\/strong>, was f\u00fcr eine gem\u00fctliche, volle Optik sorgt, die in jeder Einrichtung toll aussieht. Ob du dich f\u00fcr einen modernen, l\u00e4ndlichen oder zeitgen\u00f6ssischen Wohnstil entscheidest \u2013 Ella passt sich m\u00fchelos an.  <\/p>\n<p data-start=\"883\" data-end=\"1164\">Sofa Ella ist in <strong data-start=\"912\" data-end=\"940\">verschiedenen Gr\u00f6\u00dfen und Stoffen<\/strong> erh\u00e4ltlich, sodass du das Sofa ganz nach deinen W\u00fcnschen zusammenstellen kannst. Entscheidest du dich f\u00fcr ein <strong data-start=\"1021\" data-end=\"1033\">Ecksofa<\/strong>, ein <strong data-start=\"1039\" data-end=\"1049\">U-Sofa<\/strong> oder einen <strong data-start=\"1057\" data-end=\"1073\">festen 2-Sitzer<\/strong>? Alles ist m\u00f6glich! So gestaltest du deinen idealen Ort zum Loungen, Entspannen und Genie\u00dfen.   <\/p>\n<p data-start=\"1166\" data-end=\"1220\"><strong data-start=\"1166\" data-end=\"1218\">Ella \u2013 das Sofa, auf dem Komfort und Atmosph\u00e4re zusammenkommen.<\/strong><\/p>\n","protected":false},"excerpt":{"rendered":"<h3 data-start=\"202\" data-end=\"258\">Sofa <strong data-start=\"211\" data-end=\"219\">Ella<\/strong> \u2013 das ultimative Lounge-Sofa f\u00fcr dein Zuhause<\/h3>\n<p data-start=\"260\" data-end=\"593\">Entdecke <strong data-start=\"267\" data-end=\"280\">Sofa Ella<\/strong>, die perfekte Kombination aus Komfort, Stil und Gem\u00fctlichkeit. Dieses echte <strong data-start=\"352\" data-end=\"366\">Lounge-Sofa<\/strong> l\u00e4dt dazu ein, nach einem langen Tag herrlich darin zu versinken. Die gro\u00dfz\u00fcgigen Sitzkissen und weichen <strong data-start=\"456\" data-end=\"474\">Zierkissen<\/strong> sorgen nicht nur f\u00fcr einen wunderbaren Sitzkomfort, sondern verleihen dem Sofa auch eine <strong data-start=\"551\" data-end=\"590\">gem\u00fctliche, einladende Ausstrahlung<\/strong>.  <\/p>\n<p data-start=\"595\" data-end=\"881\">Das Design von Ella ist bis ins kleinste Detail durchdacht. Das Sofa ist <strong data-start=\"667\" data-end=\"692\">bodenb\u00fcndig<\/strong>, was f\u00fcr eine gem\u00fctliche, volle Optik sorgt, die in jeder Einrichtung toll aussieht. Ob du dich f\u00fcr einen modernen, l\u00e4ndlichen oder zeitgen\u00f6ssischen Wohnstil entscheidest \u2013 Ella passt sich m\u00fchelos an.  <\/p>\n<p data-start=\"883\" data-end=\"1164\">Sofa Ella ist in <strong data-start=\"912\" data-end=\"940\">verschiedenen Gr\u00f6\u00dfen und Stoffen<\/strong> erh\u00e4ltlich, sodass du das Sofa ganz nach deinen W\u00fcnschen zusammenstellen kannst. Entscheidest du dich f\u00fcr ein <strong data-start=\"1021\" data-end=\"1033\">Ecksofa<\/strong>, ein <strong data-start=\"1039\" data-end=\"1049\">U-Sofa<\/strong> oder einen <strong data-start=\"1057\" data-end=\"1073\">festen 2-Sitzer<\/strong>? Alles ist m\u00f6glich! So gestaltest du deinen idealen Ort zum Loungen, Entspannen und Genie\u00dfen.   <\/p>\n<p data-start=\"1166\" data-end=\"1220\"><strong data-start=\"1166\" data-end=\"1218\">Ella \u2013 das Sofa, auf dem Komfort und Atmosph\u00e4re zusammenkommen.<\/strong><\/p>\n","protected":false},"featured_media":6880,"template":"","meta":{"_joinchat":[]},"product_brand":[],"product_cat":[124,125,134],"product_tag":[],"class_list":{"0":"post-8172","1":"product","2":"type-product","3":"status-publish","4":"has-post-thumbnail","6":"product_cat-sitzmobel","7":"product_cat-sofa","8":"product_cat-sofas","10":"first","11":"instock","12":"shipping-taxable","13":"product-type-simple"},"_links":{"self":[{"href":"https:\/\/pinedesign.nl\/de\/wp-json\/wp\/v2\/product\/8172","targetHints":{"allow":["GET"]}}],"collection":[{"href":"https:\/\/pinedesign.nl\/de\/wp-json\/wp\/v2\/product"}],"about":[{"href":"https:\/\/pinedesign.nl\/de\/wp-json\/wp\/v2\/types\/product"}],"wp:featuredmedia":[{"embeddable":true,"href":"https:\/\/pinedesign.nl\/de\/wp-json\/wp\/v2\/media\/6880"}],"wp:attachment":[{"href":"https:\/\/pinedesign.nl\/de\/wp-json\/wp\/v2\/media?parent=8172"}],"wp:term":[{"taxonomy":"product_brand","embeddable":true,"href":"https:\/\/pinedesign.nl\/de\/wp-json\/wp\/v2\/product_brand?post=8172"},{"taxonomy":"product_cat","embeddable":true,"href":"https:\/\/pinedesign.nl\/de\/wp-json\/wp\/v2\/product_cat?post=8172"},{"taxonomy":"product_tag","embeddable":true,"href":"https:\/\/pinedesign.nl\/de\/wp-json\/wp\/v2\/product_tag?post=8172"}],"curies":[{"name":"wp","href":"https:\/\/api.w.org\/{rel}","templated":true}]}}