{"id":8171,"date":"2025-11-28T11:09:43","date_gmt":"2025-11-28T11:09:43","guid":{"rendered":"https:\/\/pinedesign.nl\/product\/schrank-dublin\/"},"modified":"2025-11-28T11:09:43","modified_gmt":"2025-11-28T11:09:43","slug":"schrank-dublin","status":"publish","type":"product","link":"https:\/\/pinedesign.nl\/de\/product\/schrank-dublin\/","title":{"rendered":"Schrank Dublin"},"content":{"rendered":"<p data-start=\"122\" data-end=\"178\"><strong data-start=\"122\" data-end=\"178\">Schrank Dublin \u2013 moderner Luxus mit warmer Ausstrahlung<\/strong><\/p>\n<p data-start=\"180\" data-end=\"436\">Lerne den <strong data-start=\"199\" data-end=\"214\">Schrank Dublin<\/strong> kennen: ein stilvoller Ma\u00dfschrank, der Design, Stauraum und Atmosph\u00e4re perfekt kombiniert. Der Schrank verf\u00fcgt \u00fcber einen wundersch\u00f6nen integrierten Kamin, der sofort W\u00e4rme und Ambiente in dein Interieur bringt. <\/p>\n<p data-start=\"438\" data-end=\"665\">Jeder Dublin-Schrank wird komplett nach Ma\u00df gefertigt. M\u00f6chtest du eine andere Breite, H\u00f6he oder Tiefe? Oder suchst du eine andere Aufteilung? Alles ist m\u00f6glich. Die Farbe w\u00e4hlst du selbst, damit der Schrank nahtlos zu deinem Wohnstil passt.    <\/p>\n<p data-start=\"667\" data-end=\"894\">Die offenen F\u00e4cher mit dezenter Beleuchtung sind ideal, um deine sch\u00f6nsten Accessoires hervorzuheben, w\u00e4hrend die geschlossenen Teile f\u00fcr klaren, praktischen Stauraum sorgen. So schaffst du eine luxuri\u00f6se und ruhige Atmosph\u00e4re in deinem Wohnzimmer. <\/p>\n<p data-start=\"896\" data-end=\"1073\">Komm gerne bei uns vorbei, um den Schrank Dublin live zu bewundern. Wir denken gerne mit dir mit und helfen dir bei der Gestaltung eines Schranks, der perfekt auf deine W\u00fcnsche abgestimmt ist. <\/p>\n","protected":false},"excerpt":{"rendered":"<p data-start=\"180\" data-end=\"436\">Lerne den <strong data-start=\"199\" data-end=\"214\">Schrank Dublin<\/strong> kennen: ein stilvoller Ma\u00dfschrank, der Design, Stauraum und Atmosph\u00e4re perfekt kombiniert. Der Schrank verf\u00fcgt \u00fcber einen wundersch\u00f6nen integrierten Kamin, der sofort W\u00e4rme und Ambiente in dein Interieur bringt. <\/p>\n<p data-start=\"438\" data-end=\"665\">Jeder Dublin-Schrank wird komplett nach Ma\u00df gefertigt. M\u00f6chtest du eine andere Breite, H\u00f6he oder Tiefe? Oder suchst du eine andere Aufteilung? Alles ist m\u00f6glich. Die Farbe w\u00e4hlst du selbst, damit der Schrank nahtlos zu deinem Wohnstil passt.    <\/p>\n<p data-start=\"667\" data-end=\"894\">Die offenen F\u00e4cher mit dezenter Beleuchtung sind ideal, um deine sch\u00f6nsten Accessoires hervorzuheben, w\u00e4hrend die geschlossenen Teile f\u00fcr klaren, praktischen Stauraum sorgen. So schaffst du eine luxuri\u00f6se und ruhige Atmosph\u00e4re in deinem Wohnzimmer. <\/p>\n<p data-start=\"896\" data-end=\"1073\">Komm gerne bei uns vorbei, um den Schrank Dublin live zu bewundern. Wir denken gerne mit dir mit und helfen dir bei der Gestaltung eines Schranks, der perfekt auf deine W\u00fcnsche abgestimmt ist. <\/p>\n","protected":false},"featured_media":6914,"template":"","meta":{"_joinchat":[]},"product_brand":[],"product_cat":[115,120,131],"product_tag":[],"class_list":{"0":"post-8171","1":"product","2":"type-product","3":"status-publish","4":"has-post-thumbnail","6":"product_cat-schranke","7":"product_cat-tv-mobel","8":"product_cat-wandschranke","10":"first","11":"instock","12":"shipping-taxable","13":"product-type-simple"},"_links":{"self":[{"href":"https:\/\/pinedesign.nl\/de\/wp-json\/wp\/v2\/product\/8171","targetHints":{"allow":["GET"]}}],"collection":[{"href":"https:\/\/pinedesign.nl\/de\/wp-json\/wp\/v2\/product"}],"about":[{"href":"https:\/\/pinedesign.nl\/de\/wp-json\/wp\/v2\/types\/product"}],"wp:featuredmedia":[{"embeddable":true,"href":"https:\/\/pinedesign.nl\/de\/wp-json\/wp\/v2\/media\/6914"}],"wp:attachment":[{"href":"https:\/\/pinedesign.nl\/de\/wp-json\/wp\/v2\/media?parent=8171"}],"wp:term":[{"taxonomy":"product_brand","embeddable":true,"href":"https:\/\/pinedesign.nl\/de\/wp-json\/wp\/v2\/product_brand?post=8171"},{"taxonomy":"product_cat","embeddable":true,"href":"https:\/\/pinedesign.nl\/de\/wp-json\/wp\/v2\/product_cat?post=8171"},{"taxonomy":"product_tag","embeddable":true,"href":"https:\/\/pinedesign.nl\/de\/wp-json\/wp\/v2\/product_tag?post=8171"}],"curies":[{"name":"wp","href":"https:\/\/api.w.org\/{rel}","templated":true}]}}