{"id":8166,"date":"2025-11-28T11:04:21","date_gmt":"2025-11-28T11:04:21","guid":{"rendered":"https:\/\/pinedesign.nl\/product\/cinewall\/"},"modified":"2025-11-28T11:04:21","modified_gmt":"2025-11-28T11:04:21","slug":"cinewall","status":"publish","type":"product","link":"https:\/\/pinedesign.nl\/de\/product\/cinewall\/","title":{"rendered":"Cinewall"},"content":{"rendered":"<p data-start=\"102\" data-end=\"162\"><strong data-start=\"102\" data-end=\"162\">Entdecke die Cinewall: komplett nach Ma\u00df, ganz nach deinem Stil<\/strong><\/p>\n<p data-start=\"164\" data-end=\"519\">Tr\u00e4umst du von einer stilvollen Cinewall, die perfekt zu deiner Einrichtung passt? Unser Cinewall-Schrank nach Ma\u00df wird ganz nach deinen W\u00fcnschen zusammengestellt. Ob du eine andere Breite, H\u00f6he oder Tiefe w\u00e4hlst \u2013 <em data-start=\"361\" data-end=\"368\">alles<\/em> ist m\u00f6glich. Lieber eine andere Aufteilung? Ein angepasstes TV-Fach oder gar kein TV-Fach? Mit oder ohne Kamin? Du bestimmst das Design bis ins Detail.      <\/p>\n<p data-start=\"521\" data-end=\"742\">Der Einbaukamin ist optional und in verschiedenen Ausf\u00fchrungen erh\u00e4ltlich, genau wie der Schrank selbst, der in diversen Farben und Oberfl\u00e4chen lieferbar ist. So gestaltest du eine einzigartige Wandl\u00f6sung, die zu deinem Geschmack und deinem Zuhause passt. <\/p>\n<p data-start=\"744\" data-end=\"910\">Komm gerne bei uns vorbei, um die Cinewall live zu bewundern. Wir beraten dich gerne und helfen dir Schritt f\u00fcr Schritt bei der Zusammenstellung deines idealen Traumschranks. <\/p>\n","protected":false},"excerpt":{"rendered":"<p data-start=\"102\" data-end=\"162\"><strong data-start=\"102\" data-end=\"162\">Entdecke die Cinewall: komplett nach Ma\u00df, ganz nach deinem Stil<\/strong><\/p>\n<p data-start=\"164\" data-end=\"519\">Tr\u00e4umst du von einer stilvollen Cinewall, die perfekt zu deiner Einrichtung passt? Unser Cinewall-Schrank nach Ma\u00df wird ganz nach deinen W\u00fcnschen zusammengestellt. Ob du eine andere Breite, H\u00f6he oder Tiefe w\u00e4hlst \u2013 <em data-start=\"361\" data-end=\"368\">alles<\/em> ist m\u00f6glich. Lieber eine andere Aufteilung? Ein angepasstes TV-Fach oder gar kein TV-Fach? Mit oder ohne Kamin? Du bestimmst das Design bis ins Detail.      <\/p>\n<p data-start=\"521\" data-end=\"742\">Der Einbaukamin ist optional und in verschiedenen Ausf\u00fchrungen erh\u00e4ltlich, genau wie der Schrank selbst, der in diversen Farben und Oberfl\u00e4chen lieferbar ist. So gestaltest du eine einzigartige Wandl\u00f6sung, die zu deinem Geschmack und deinem Zuhause passt. <\/p>\n<p data-start=\"744\" data-end=\"910\">Komm gerne bei uns vorbei, um die Cinewall live zu bewundern. Wir beraten dich gerne und helfen dir Schritt f\u00fcr Schritt bei der Zusammenstellung deines idealen Traumschranks. <\/p>\n","protected":false},"featured_media":6912,"template":"","meta":{"_joinchat":[]},"product_brand":[],"product_cat":[115,120,131],"product_tag":[],"class_list":{"0":"post-8166","1":"product","2":"type-product","3":"status-publish","4":"has-post-thumbnail","6":"product_cat-schranke","7":"product_cat-tv-mobel","8":"product_cat-wandschranke","10":"first","11":"instock","12":"shipping-taxable","13":"product-type-simple"},"_links":{"self":[{"href":"https:\/\/pinedesign.nl\/de\/wp-json\/wp\/v2\/product\/8166","targetHints":{"allow":["GET"]}}],"collection":[{"href":"https:\/\/pinedesign.nl\/de\/wp-json\/wp\/v2\/product"}],"about":[{"href":"https:\/\/pinedesign.nl\/de\/wp-json\/wp\/v2\/types\/product"}],"wp:featuredmedia":[{"embeddable":true,"href":"https:\/\/pinedesign.nl\/de\/wp-json\/wp\/v2\/media\/6912"}],"wp:attachment":[{"href":"https:\/\/pinedesign.nl\/de\/wp-json\/wp\/v2\/media?parent=8166"}],"wp:term":[{"taxonomy":"product_brand","embeddable":true,"href":"https:\/\/pinedesign.nl\/de\/wp-json\/wp\/v2\/product_brand?post=8166"},{"taxonomy":"product_cat","embeddable":true,"href":"https:\/\/pinedesign.nl\/de\/wp-json\/wp\/v2\/product_cat?post=8166"},{"taxonomy":"product_tag","embeddable":true,"href":"https:\/\/pinedesign.nl\/de\/wp-json\/wp\/v2\/product_tag?post=8166"}],"curies":[{"name":"wp","href":"https:\/\/api.w.org\/{rel}","templated":true}]}}