{"id":8165,"date":"2025-09-16T11:34:21","date_gmt":"2025-09-16T11:34:21","guid":{"rendered":"https:\/\/pinedesign.nl\/product\/vitrine-sutton\/"},"modified":"2025-09-16T11:34:21","modified_gmt":"2025-09-16T11:34:21","slug":"vitrine-sutton","status":"publish","type":"product","link":"https:\/\/pinedesign.nl\/de\/product\/vitrine-sutton\/","title":{"rendered":"Vitrine Sutton"},"content":{"rendered":"<p data-start=\"127\" data-end=\"452\"><strong data-start=\"127\" data-end=\"173\">Entdecke die Vitrine Sutton von New Routz<\/strong><br data-start=\"173\" data-end=\"176\">Ein echter Blickfang f\u00fcr dein Interieur. Die <strong data-start=\"221\" data-end=\"243\">Sutton Vitrine<\/strong> ist ein handgefertigtes M\u00f6belst\u00fcck mit coolem Vintage-Look. Aus Metall gefertigt und in stilvollen T\u00f6nen \u2013 <strong data-start=\"378\" data-end=\"408\">Olivgr\u00fcn, Bronze oder Terra<\/strong> \u2013 verleiht dieser Schrank jedem Interieur Charakter.  <\/p>\n<p data-start=\"454\" data-end=\"663\">Mit ihren <strong data-start=\"463\" data-end=\"485\">vier Glast\u00fcren<\/strong> bietet die Sutton nicht nur viel Platz f\u00fcr deine sch\u00f6nsten St\u00fccke, sondern auch einen modernen Look dank des <strong data-start=\"607\" data-end=\"627\">grifflosen Designs<\/strong> mit praktischem <em data-start=\"639\" data-end=\"652\">Push-and-Go<\/em>-System.<\/p>\n<p data-start=\"665\" data-end=\"807\">Mit ihren Ma\u00dfen (<strong data-start=\"686\" data-end=\"710\">H174 x B100 x T40 cm<\/strong>) ist die Vitrine kompakt genug f\u00fcr kleinere R\u00e4ume, aber gro\u00df genug, um Eindruck zu machen.<\/p>\n<p data-start=\"809\" data-end=\"969\">Komm die <strong data-start=\"816\" data-end=\"838\">Sutton Vitrine<\/strong> in unserem Gesch\u00e4ft bewundern \u2013 erlebe die Qualit\u00e4t, f\u00fchle die Verarbeitung und entdecke, welche Farbe am besten zu deinem Interieur passt.<\/p>\n","protected":false},"excerpt":{"rendered":"<p data-start=\"127\" data-end=\"452\"><strong data-start=\"127\" data-end=\"173\">Entdecke die Vitrine Sutton von New Routz<\/strong><br data-start=\"173\" data-end=\"176\">Ein echter Blickfang f\u00fcr dein Interieur. Die <strong data-start=\"221\" data-end=\"243\">Sutton Vitrine<\/strong> ist ein handgefertigtes M\u00f6belst\u00fcck mit coolem Vintage-Look. Aus Metall gefertigt und in stilvollen T\u00f6nen \u2013 <strong data-start=\"378\" data-end=\"408\">Olivgr\u00fcn, Bronze oder Terra<\/strong> \u2013 verleiht dieser Schrank jedem Interieur Charakter.  <\/p>\n<p data-start=\"454\" data-end=\"663\">Mit ihren <strong data-start=\"463\" data-end=\"485\">vier Glast\u00fcren<\/strong> bietet die Sutton nicht nur viel Platz f\u00fcr deine sch\u00f6nsten St\u00fccke, sondern auch einen modernen Look dank des <strong data-start=\"607\" data-end=\"627\">grifflosen Designs<\/strong> mit praktischem <em data-start=\"639\" data-end=\"652\">Push-and-Go<\/em>-System.<\/p>\n<p data-start=\"665\" data-end=\"807\">Mit ihren Ma\u00dfen (<strong data-start=\"686\" data-end=\"710\">H174 x B100 x T40 cm<\/strong>) ist die Vitrine kompakt genug f\u00fcr kleinere R\u00e4ume, aber gro\u00df genug, um Eindruck zu machen.<\/p>\n<p data-start=\"809\" data-end=\"969\">Komm die <strong data-start=\"816\" data-end=\"838\">Sutton Vitrine<\/strong> in unserem Gesch\u00e4ft bewundern \u2013 erlebe die Qualit\u00e4t, f\u00fchle die Verarbeitung und entdecke, welche Farbe am besten zu deinem Interieur passt.<\/p>\n","protected":false},"featured_media":6843,"template":"","meta":{"_joinchat":[]},"product_brand":[],"product_cat":[136,138,115,131],"product_tag":[],"class_list":{"0":"post-8165","1":"product","2":"type-product","3":"status-publish","4":"has-post-thumbnail","6":"product_cat-marken","7":"product_cat-new-routz","8":"product_cat-schranke","9":"product_cat-wandschranke","11":"first","12":"instock","13":"shipping-taxable","14":"product-type-simple"},"_links":{"self":[{"href":"https:\/\/pinedesign.nl\/de\/wp-json\/wp\/v2\/product\/8165","targetHints":{"allow":["GET"]}}],"collection":[{"href":"https:\/\/pinedesign.nl\/de\/wp-json\/wp\/v2\/product"}],"about":[{"href":"https:\/\/pinedesign.nl\/de\/wp-json\/wp\/v2\/types\/product"}],"wp:featuredmedia":[{"embeddable":true,"href":"https:\/\/pinedesign.nl\/de\/wp-json\/wp\/v2\/media\/6843"}],"wp:attachment":[{"href":"https:\/\/pinedesign.nl\/de\/wp-json\/wp\/v2\/media?parent=8165"}],"wp:term":[{"taxonomy":"product_brand","embeddable":true,"href":"https:\/\/pinedesign.nl\/de\/wp-json\/wp\/v2\/product_brand?post=8165"},{"taxonomy":"product_cat","embeddable":true,"href":"https:\/\/pinedesign.nl\/de\/wp-json\/wp\/v2\/product_cat?post=8165"},{"taxonomy":"product_tag","embeddable":true,"href":"https:\/\/pinedesign.nl\/de\/wp-json\/wp\/v2\/product_tag?post=8165"}],"curies":[{"name":"wp","href":"https:\/\/api.w.org\/{rel}","templated":true}]}}