{"id":8157,"date":"2025-11-14T11:17:57","date_gmt":"2025-11-14T11:17:57","guid":{"rendered":"https:\/\/pinedesign.nl\/product\/sofa-n701\/"},"modified":"2025-11-14T11:17:57","modified_gmt":"2025-11-14T11:17:57","slug":"sofa-n701","status":"publish","type":"product","link":"https:\/\/pinedesign.nl\/de\/product\/sofa-n701\/","title":{"rendered":"Sofa N701"},"content":{"rendered":"<p data-start=\"101\" data-end=\"156\"><strong data-start=\"101\" data-end=\"156\"> Das modulare Design-Sofa, das mit dir mitw\u00e4chst<\/strong><\/p>\n<p data-start=\"158\" data-end=\"462\">Das N701 Sofa von Ethnicraft ist das Paradebeispiel f\u00fcr smartes und stilvolles Wohnen. Dieses modulare Elementsofa l\u00e4sst dir alle Freiheiten, deine ideale Sitzecke zu kreieren. Dank der vielen verf\u00fcgbaren Module \u2013 von Eckelementen \u00fcber Hocker bis hin zu Zwischenelementen \u2013 baust du das Sofa genau so gro\u00df und spielerisch, wie du es m\u00f6chtest.  <\/p>\n<p data-start=\"464\" data-end=\"753\">Das N701 ist in verschiedenen hochwertigen Stoffen und luxuri\u00f6sen Lederarten erh\u00e4ltlich, wodurch es in jedem Interieur perfekt zur Geltung kommt. Die charakteristische Struktur und die weichen, runden Linien machen das N701 zu einem echten Blickfang. Es verleiht jedem Raum W\u00e4rme, Komfort und Design.  <\/p>\n<p data-start=\"755\" data-end=\"956\">Und mindestens genauso wichtig: Das N701 sitzt sich wirklich herrlich. Die tiefe Sitzfl\u00e4che und die weiche Unterst\u00fctzung sorgen daf\u00fcr, dass du m\u00fchelos entspannen kannst, egal ob beim Filmabend oder beim gem\u00fctlichen Lesen. <\/p>\n<p data-start=\"958\" data-end=\"1077\">\n","protected":false},"excerpt":{"rendered":"<p data-start=\"101\" data-end=\"156\"><strong data-start=\"101\" data-end=\"156\"> Das modulare Design-Sofa, das mit dir mitw\u00e4chst<\/strong><\/p>\n<p data-start=\"158\" data-end=\"462\">Das N701 Sofa von Ethnicraft ist das Paradebeispiel f\u00fcr smartes und stilvolles Wohnen. Dieses modulare Elementsofa l\u00e4sst dir alle Freiheiten, deine ideale Sitzecke zu kreieren. Dank der vielen verf\u00fcgbaren Module \u2013 von Eckelementen \u00fcber Hocker bis hin zu Zwischenelementen \u2013 baust du das Sofa genau so gro\u00df und spielerisch, wie du es m\u00f6chtest.  <\/p>\n<p data-start=\"464\" data-end=\"753\">Das N701 ist in verschiedenen hochwertigen Stoffen und luxuri\u00f6sen Lederarten erh\u00e4ltlich, wodurch es in jedem Interieur perfekt zur Geltung kommt. Die charakteristische Struktur und die weichen, runden Linien machen das N701 zu einem echten Blickfang. Es verleiht jedem Raum W\u00e4rme, Komfort und Design.  <\/p>\n<p data-start=\"755\" data-end=\"956\">Und mindestens genauso wichtig: Das N701 sitzt sich wirklich herrlich. Die tiefe Sitzfl\u00e4che und die weiche Unterst\u00fctzung sorgen daf\u00fcr, dass du m\u00fchelos entspannen kannst, egal ob beim Filmabend oder beim gem\u00fctlichen Lesen. <\/p>\n<p data-start=\"958\" data-end=\"1077\">\n","protected":false},"featured_media":6900,"template":"","meta":{"_joinchat":[]},"product_brand":[],"product_cat":[145,136,124,125,134],"product_tag":[],"class_list":{"0":"post-8157","1":"product","2":"type-product","3":"status-publish","4":"has-post-thumbnail","6":"product_cat-ethnicraft","7":"product_cat-marken","8":"product_cat-sitzmobel","9":"product_cat-sofa","10":"product_cat-sofas","12":"first","13":"instock","14":"shipping-taxable","15":"product-type-simple"},"_links":{"self":[{"href":"https:\/\/pinedesign.nl\/de\/wp-json\/wp\/v2\/product\/8157","targetHints":{"allow":["GET"]}}],"collection":[{"href":"https:\/\/pinedesign.nl\/de\/wp-json\/wp\/v2\/product"}],"about":[{"href":"https:\/\/pinedesign.nl\/de\/wp-json\/wp\/v2\/types\/product"}],"wp:featuredmedia":[{"embeddable":true,"href":"https:\/\/pinedesign.nl\/de\/wp-json\/wp\/v2\/media\/6900"}],"wp:attachment":[{"href":"https:\/\/pinedesign.nl\/de\/wp-json\/wp\/v2\/media?parent=8157"}],"wp:term":[{"taxonomy":"product_brand","embeddable":true,"href":"https:\/\/pinedesign.nl\/de\/wp-json\/wp\/v2\/product_brand?post=8157"},{"taxonomy":"product_cat","embeddable":true,"href":"https:\/\/pinedesign.nl\/de\/wp-json\/wp\/v2\/product_cat?post=8157"},{"taxonomy":"product_tag","embeddable":true,"href":"https:\/\/pinedesign.nl\/de\/wp-json\/wp\/v2\/product_tag?post=8157"}],"curies":[{"name":"wp","href":"https:\/\/api.w.org\/{rel}","templated":true}]}}