{"id":8156,"date":"2025-09-13T10:57:16","date_gmt":"2025-09-13T10:57:16","guid":{"rendered":"https:\/\/pinedesign.nl\/product\/esszimmerstuhl-kiq-deluxe\/"},"modified":"2025-09-13T10:57:16","modified_gmt":"2025-09-13T10:57:16","slug":"esszimmerstuhl-kiq-deluxe","status":"publish","type":"product","link":"https:\/\/pinedesign.nl\/de\/product\/esszimmerstuhl-kiq-deluxe\/","title":{"rendered":"Esszimmerstuhl Kiq Deluxe"},"content":{"rendered":"<h3 data-start=\"149\" data-end=\"184\">Kiq Deluxe<\/h3>\n<p data-start=\"185\" data-end=\"401\">Der <strong data-start=\"188\" data-end=\"202\">Kiq Deluxe<\/strong> von <strong data-start=\"207\" data-end=\"227\">Bree\u2019s New World<\/strong> hebt den Komfort im Esszimmer auf ein neues Level. W\u00e4hrend der bekannte Kiq bereits f\u00fcr sein angenehmes Sitzgef\u00fchl geliebt wird, f\u00fcgt die Deluxe-Version eine Extraportion Weichheit und Luxus hinzu. <\/p>\n<p data-start=\"403\" data-end=\"639\">Die <strong data-start=\"406\" data-end=\"427\">gro\u00dfz\u00fcgig gepolsterte Schale<\/strong> und die <strong data-start=\"434\" data-end=\"457\">\u201eflauschige\u201c Polsterung<\/strong> verleihen diesem Esszimmerstuhl seinen Spitznamen: der <strong data-start=\"500\" data-end=\"515\">\u201edicke Kiq\u201c<\/strong>. Das Ergebnis ist ein Essstuhl, der sich nicht nur herrlich weich anf\u00fchlt, sondern auch f\u00fcr stundenlangen Komfort bei Tisch sorgt. <\/p>\n<p data-start=\"641\" data-end=\"904\">Der Kiq Deluxe ist zudem <strong data-start=\"668\" data-end=\"713\">in verschiedenen Stoff- und Lederarten erh\u00e4ltlich<\/strong>, sodass du ihn perfekt auf deine Einrichtung abstimmen kannst. Beim Gestell hast du die Wahl zwischen einem <strong data-start=\"809\" data-end=\"823\">festen Fu\u00df<\/strong> oder einem <strong data-start=\"831\" data-end=\"844\">Drehfu\u00df<\/strong> \u2013 ideal f\u00fcr alle, die sich ein Plus an Flexibilit\u00e4t w\u00fcnschen. <\/p>\n<p data-start=\"906\" data-end=\"1105\">Entdecke selbst, wie bequem der <strong data-start=\"937\" data-end=\"951\">Kiq Deluxe<\/strong> ist, und erlebe den Unterschied in unserem Gesch\u00e4ft. Ein Stuhl, der nicht nur fantastisch aussieht, sondern auch eine echte Einladung ist, l\u00e4nger am Tisch zu verweilen. <\/p>\n","protected":false},"excerpt":{"rendered":"<h3 data-start=\"149\" data-end=\"184\">Kiq Deluxe<\/h3>\n<p data-start=\"185\" data-end=\"401\">Der <strong data-start=\"188\" data-end=\"202\">Kiq Deluxe<\/strong> von <strong data-start=\"207\" data-end=\"227\">Bree\u2019s New World<\/strong> hebt den Komfort im Esszimmer auf ein neues Level. W\u00e4hrend der bekannte Kiq bereits f\u00fcr sein angenehmes Sitzgef\u00fchl geliebt wird, f\u00fcgt die Deluxe-Version eine Extraportion Weichheit und Luxus hinzu. <\/p>\n<p data-start=\"403\" data-end=\"639\">Die <strong data-start=\"406\" data-end=\"427\">gro\u00dfz\u00fcgig gepolsterte Schale<\/strong> und die <strong data-start=\"434\" data-end=\"457\">\u201eflauschige\u201c Polsterung<\/strong> verleihen diesem Esszimmerstuhl seinen Spitznamen: der <strong data-start=\"500\" data-end=\"515\">\u201edicke Kiq\u201c<\/strong>. Das Ergebnis ist ein Essstuhl, der sich nicht nur herrlich weich anf\u00fchlt, sondern auch f\u00fcr stundenlangen Komfort bei Tisch sorgt. <\/p>\n<p data-start=\"641\" data-end=\"904\">Der Kiq Deluxe ist zudem <strong data-start=\"668\" data-end=\"713\">in verschiedenen Stoff- und Lederarten erh\u00e4ltlich<\/strong>, sodass du ihn perfekt auf deine Einrichtung abstimmen kannst. Beim Gestell hast du die Wahl zwischen einem <strong data-start=\"809\" data-end=\"823\">festen Fu\u00df<\/strong> oder einem <strong data-start=\"831\" data-end=\"844\">Drehfu\u00df<\/strong> \u2013 ideal f\u00fcr alle, die sich ein Plus an Flexibilit\u00e4t w\u00fcnschen. <\/p>\n<p data-start=\"906\" data-end=\"1105\">Entdecke selbst, wie bequem der <strong data-start=\"937\" data-end=\"951\">Kiq Deluxe<\/strong> ist, und erlebe den Unterschied in unserem Gesch\u00e4ft. Ein Stuhl, der nicht nur fantastisch aussieht, sondern auch eine echte Einladung ist, l\u00e4nger am Tisch zu verweilen. <\/p>\n","protected":false},"featured_media":6839,"template":"","meta":{"_joinchat":[]},"product_brand":[],"product_cat":[148,128,136,124,107],"product_tag":[],"class_list":{"0":"post-8156","1":"product","2":"type-product","3":"status-publish","4":"has-post-thumbnail","6":"product_cat-brees-new-world","7":"product_cat-esszimmerstuhle","8":"product_cat-marken","9":"product_cat-sitzmobel","10":"product_cat-nicht-kategorisiert","12":"first","13":"instock","14":"shipping-taxable","15":"product-type-simple"},"_links":{"self":[{"href":"https:\/\/pinedesign.nl\/de\/wp-json\/wp\/v2\/product\/8156","targetHints":{"allow":["GET"]}}],"collection":[{"href":"https:\/\/pinedesign.nl\/de\/wp-json\/wp\/v2\/product"}],"about":[{"href":"https:\/\/pinedesign.nl\/de\/wp-json\/wp\/v2\/types\/product"}],"wp:featuredmedia":[{"embeddable":true,"href":"https:\/\/pinedesign.nl\/de\/wp-json\/wp\/v2\/media\/6839"}],"wp:attachment":[{"href":"https:\/\/pinedesign.nl\/de\/wp-json\/wp\/v2\/media?parent=8156"}],"wp:term":[{"taxonomy":"product_brand","embeddable":true,"href":"https:\/\/pinedesign.nl\/de\/wp-json\/wp\/v2\/product_brand?post=8156"},{"taxonomy":"product_cat","embeddable":true,"href":"https:\/\/pinedesign.nl\/de\/wp-json\/wp\/v2\/product_cat?post=8156"},{"taxonomy":"product_tag","embeddable":true,"href":"https:\/\/pinedesign.nl\/de\/wp-json\/wp\/v2\/product_tag?post=8156"}],"curies":[{"name":"wp","href":"https:\/\/api.w.org\/{rel}","templated":true}]}}