{"id":8147,"date":"2025-09-13T09:25:22","date_gmt":"2025-09-13T09:25:22","guid":{"rendered":"https:\/\/pinedesign.nl\/product\/sofa-rover\/"},"modified":"2025-09-13T09:25:22","modified_gmt":"2025-09-13T09:25:22","slug":"sofa-rover","status":"publish","type":"product","link":"https:\/\/pinedesign.nl\/de\/product\/sofa-rover\/","title":{"rendered":"Sofa Rover"},"content":{"rendered":"<h3 data-start=\"147\" data-end=\"175\">Sofa Rover<\/h3>\n<p data-start=\"176\" data-end=\"429\">Suchst du ein Sofa, das Komfort, Stil und verspieltes Design m\u00fchelos kombiniert? Entdecke das <strong data-start=\"267\" data-end=\"276\">Rover<\/strong> von <strong data-start=\"281\" data-end=\"294\">Het Anker<\/strong>. Dieses einzigartige Sofa ist in verschiedenen Konfigurationen erh\u00e4ltlich: von einer gro\u00dfz\u00fcgigen U-Landschaft bis hin zu einem eleganten Ecksofa oder einem festen, kompakten Sofa.  <\/p>\n<p data-start=\"431\" data-end=\"665\">Das Rover strahlt Charakter durch seine <strong data-start=\"471\" data-end=\"493\">sch\u00f6nen runden Formen<\/strong> aus, wodurch es luftig und verspielt wirkt. Da das Sofa bis zum Boden reicht, entsteht eine <strong data-start=\"592\" data-end=\"626\">gem\u00fctliche und warme Ausstrahlung<\/strong>, die perfekt in jedes Interieur passt. <\/p>\n<p data-start=\"667\" data-end=\"883\">Mit einer gro\u00dfen Auswahl aus <strong data-start=\"691\" data-end=\"720\">vielen Stoff- und Lederarten<\/strong> stellst du das Rover ganz nach deinem Geschmack und Wohnstil zusammen. Dabei genie\u00dft du einen <strong data-start=\"809\" data-end=\"837\">au\u00dfergew\u00f6hnlichen Sitzkomfort<\/strong>: ein Ort, an dem du stundenlang entspannen m\u00f6chtest. <\/p>\n<p data-start=\"885\" data-end=\"1032\">Komm vorbei und erlebe das <strong data-start=\"892\" data-end=\"915\">Rover von Het Anker<\/strong> selbst in unserem Gesch\u00e4ft. Nimm Platz, sp\u00fcre die Qualit\u00e4t und entdecke, wie dieses Sofa dein Wohnzimmer komplett macht! <\/p>\n","protected":false},"excerpt":{"rendered":"<h3 data-start=\"147\" data-end=\"175\">Sofa Rover \u2013 Het Anker<\/h3>\n<p data-start=\"176\" data-end=\"429\">Suchst du ein Sofa, das Komfort, Stil und verspieltes Design m\u00fchelos kombiniert? Entdecke das <strong data-start=\"267\" data-end=\"276\">Rover<\/strong> von <strong data-start=\"281\" data-end=\"294\">Het Anker<\/strong>. Dieses einzigartige Sofa ist in verschiedenen Konfigurationen erh\u00e4ltlich: von einer gro\u00dfz\u00fcgigen U-Landschaft bis hin zu einem eleganten Ecksofa oder einem festen, kompakten Sofa.  <\/p>\n<p data-start=\"431\" data-end=\"665\">Das Rover strahlt Charakter durch seine <strong data-start=\"471\" data-end=\"493\">sch\u00f6nen runden Formen<\/strong> aus, wodurch es luftig und verspielt wirkt. Da das Sofa bis zum Boden reicht, entsteht eine <strong data-start=\"592\" data-end=\"626\">gem\u00fctliche und warme Ausstrahlung<\/strong>, die perfekt in jedes Interieur passt. <\/p>\n<p data-start=\"667\" data-end=\"883\">Mit einer gro\u00dfen Auswahl aus <strong data-start=\"691\" data-end=\"720\">vielen Stoff- und Lederarten<\/strong> stellst du das Rover ganz nach deinem Geschmack und Wohnstil zusammen. Dabei genie\u00dft du einen <strong data-start=\"809\" data-end=\"837\">au\u00dfergew\u00f6hnlichen Sitzkomfort<\/strong>: ein Ort, an dem du stundenlang entspannen m\u00f6chtest. <\/p>\n<p data-start=\"885\" data-end=\"1032\">Komm vorbei und erlebe das <strong data-start=\"892\" data-end=\"915\">Rover von Het Anker<\/strong> selbst in unserem Gesch\u00e4ft. Nimm Platz, sp\u00fcre die Qualit\u00e4t und entdecke, wie dieses Sofa dein Wohnzimmer komplett macht! <\/p>\n","protected":false},"featured_media":6834,"template":"","meta":{"_joinchat":[]},"product_brand":[],"product_cat":[142,136,124,125,134],"product_tag":[],"class_list":{"0":"post-8147","1":"product","2":"type-product","3":"status-publish","4":"has-post-thumbnail","6":"product_cat-het-anker","7":"product_cat-marken","8":"product_cat-sitzmobel","9":"product_cat-sofa","10":"product_cat-sofas","12":"first","13":"instock","14":"shipping-taxable","15":"product-type-simple"},"_links":{"self":[{"href":"https:\/\/pinedesign.nl\/de\/wp-json\/wp\/v2\/product\/8147","targetHints":{"allow":["GET"]}}],"collection":[{"href":"https:\/\/pinedesign.nl\/de\/wp-json\/wp\/v2\/product"}],"about":[{"href":"https:\/\/pinedesign.nl\/de\/wp-json\/wp\/v2\/types\/product"}],"wp:featuredmedia":[{"embeddable":true,"href":"https:\/\/pinedesign.nl\/de\/wp-json\/wp\/v2\/media\/6834"}],"wp:attachment":[{"href":"https:\/\/pinedesign.nl\/de\/wp-json\/wp\/v2\/media?parent=8147"}],"wp:term":[{"taxonomy":"product_brand","embeddable":true,"href":"https:\/\/pinedesign.nl\/de\/wp-json\/wp\/v2\/product_brand?post=8147"},{"taxonomy":"product_cat","embeddable":true,"href":"https:\/\/pinedesign.nl\/de\/wp-json\/wp\/v2\/product_cat?post=8147"},{"taxonomy":"product_tag","embeddable":true,"href":"https:\/\/pinedesign.nl\/de\/wp-json\/wp\/v2\/product_tag?post=8147"}],"curies":[{"name":"wp","href":"https:\/\/api.w.org\/{rel}","templated":true}]}}