{"id":8139,"date":"2025-08-30T13:52:57","date_gmt":"2025-08-30T13:52:57","guid":{"rendered":"https:\/\/pinedesign.nl\/product\/sofa-bomonti-2\/"},"modified":"2025-08-30T13:52:57","modified_gmt":"2025-08-30T13:52:57","slug":"sofa-bomonti-2","status":"publish","type":"product","link":"https:\/\/pinedesign.nl\/de\/product\/sofa-bomonti-2\/","title":{"rendered":"Sofa Bomonti"},"content":{"rendered":"<p data-start=\"117\" data-end=\"445\"><strong data-start=\"117\" data-end=\"156\">Bomonti \u2013 Komfort trifft Klasse<\/strong><br data-start=\"156\" data-end=\"159\">Das Bomonti wurde f\u00fcr alle entworfen, die Komfort und Stil kombinieren m\u00f6chten. Mit seiner gro\u00dfz\u00fcgigen Sitztiefe und den losen Kissen bietet dieses Sofa einen unvergleichlichen Sitzkomfort. Dank hochwertiger Materialien ist das Bomonti nicht nur langlebig, sondern auch ein echter Blickfang in deiner Einrichtung.  <\/p>\n<p data-start=\"447\" data-end=\"631\">Was das Bomonti besonders macht, ist die M\u00f6glichkeit, das Sofa mit einem eleganten Zwischenelement zu kombinieren \u2013 ideal, um deiner Sitzecke zus\u00e4tzliche Funktionalit\u00e4t und Atmosph\u00e4re zu verleihen.<\/p>\n<p data-start=\"633\" data-end=\"875\">Ob du dich f\u00fcr eine kompakte Ausf\u00fchrung oder eine gro\u00dfz\u00fcgige Wohnlandschaft entscheidest, das Bomonti l\u00e4sst sich vollst\u00e4ndig an deine Wohnw\u00fcnsche anpassen. Mit einer breiten Auswahl an Stoffen und Farben kreierst du ein Sofa, das perfekt zu deinem Stil und Interieur passt. <\/p>\n<p data-start=\"877\" data-end=\"1020\">Entdecke selbst die Vielseitigkeit und den Komfort des Bomonti. Komm in unserem Gesch\u00e4ft vorbei und erlebe, wie dieses Sofa dein Wohnzimmer verwandelt. <\/p>\n","protected":false},"excerpt":{"rendered":"<p data-start=\"117\" data-end=\"445\"><strong data-start=\"117\" data-end=\"156\">Bomonti \u2013 Komfort trifft Klasse<\/strong><br data-start=\"156\" data-end=\"159\">Das Bomonti wurde f\u00fcr alle entworfen, die Komfort und Stil kombinieren m\u00f6chten. Mit seiner gro\u00dfz\u00fcgigen Sitztiefe und den losen Kissen bietet dieses Sofa einen unvergleichlichen Sitzkomfort. Dank hochwertiger Materialien ist das Bomonti nicht nur langlebig, sondern auch ein echter Blickfang in deiner Einrichtung.  <\/p>\n<p data-start=\"447\" data-end=\"631\">Was das Bomonti besonders macht, ist die M\u00f6glichkeit, das Sofa mit einem eleganten Zwischenelement zu kombinieren \u2013 ideal, um deiner Sitzecke zus\u00e4tzliche Funktionalit\u00e4t und Atmosph\u00e4re zu verleihen.<\/p>\n<p data-start=\"633\" data-end=\"875\">Ob du dich f\u00fcr eine kompakte Ausf\u00fchrung oder eine gro\u00dfz\u00fcgige Wohnlandschaft entscheidest, das Bomonti l\u00e4sst sich vollst\u00e4ndig an deine Wohnw\u00fcnsche anpassen. Mit einer breiten Auswahl an Stoffen und Farben kreierst du ein Sofa, das perfekt zu deinem Stil und Interieur passt. <\/p>\n<p data-start=\"877\" data-end=\"1020\">Entdecke selbst die Vielseitigkeit und den Komfort des Bomonti. Komm in unserem Gesch\u00e4ft vorbei und erlebe, wie dieses Sofa dein Wohnzimmer verwandelt. <\/p>\n","protected":false},"featured_media":6830,"template":"","meta":{"_joinchat":[]},"product_brand":[],"product_cat":[124,125,134],"product_tag":[],"class_list":{"0":"post-8139","1":"product","2":"type-product","3":"status-publish","4":"has-post-thumbnail","6":"product_cat-sitzmobel","7":"product_cat-sofa","8":"product_cat-sofas","10":"first","11":"instock","12":"shipping-taxable","13":"product-type-simple"},"_links":{"self":[{"href":"https:\/\/pinedesign.nl\/de\/wp-json\/wp\/v2\/product\/8139","targetHints":{"allow":["GET"]}}],"collection":[{"href":"https:\/\/pinedesign.nl\/de\/wp-json\/wp\/v2\/product"}],"about":[{"href":"https:\/\/pinedesign.nl\/de\/wp-json\/wp\/v2\/types\/product"}],"wp:featuredmedia":[{"embeddable":true,"href":"https:\/\/pinedesign.nl\/de\/wp-json\/wp\/v2\/media\/6830"}],"wp:attachment":[{"href":"https:\/\/pinedesign.nl\/de\/wp-json\/wp\/v2\/media?parent=8139"}],"wp:term":[{"taxonomy":"product_brand","embeddable":true,"href":"https:\/\/pinedesign.nl\/de\/wp-json\/wp\/v2\/product_brand?post=8139"},{"taxonomy":"product_cat","embeddable":true,"href":"https:\/\/pinedesign.nl\/de\/wp-json\/wp\/v2\/product_cat?post=8139"},{"taxonomy":"product_tag","embeddable":true,"href":"https:\/\/pinedesign.nl\/de\/wp-json\/wp\/v2\/product_tag?post=8139"}],"curies":[{"name":"wp","href":"https:\/\/api.w.org\/{rel}","templated":true}]}}