{"id":8131,"date":"2025-08-30T13:45:44","date_gmt":"2025-08-30T13:45:44","guid":{"rendered":"https:\/\/pinedesign.nl\/product\/sofa-atlantis\/"},"modified":"2025-08-30T13:45:44","modified_gmt":"2025-08-30T13:45:44","slug":"sofa-atlantis","status":"publish","type":"product","link":"https:\/\/pinedesign.nl\/de\/product\/sofa-atlantis\/","title":{"rendered":"Sofa Atlantis"},"content":{"rendered":"<p data-start=\"155\" data-end=\"457\"><strong data-start=\"155\" data-end=\"204\">Das Atlantis \u2013 modernes Design, zeitloser Komfort<\/strong><br data-start=\"204\" data-end=\"207\">Das Atlantis ist nicht einfach nur ein Sofa \u2013 es ist ein Statement f\u00fcr Eleganz und ultimativen Sitzkomfort. Mit seinen raffinierten Linien, perfekten Proportionen und durchdachten Details strahlt das Atlantis eine moderne Klasse aus, die in jedem Interieur zur Geltung kommt. <\/p>\n<p data-start=\"459\" data-end=\"812\">Ob du dich f\u00fcr eine gem\u00fctliche Eckkombination oder ein gro\u00dfz\u00fcgiges Loungesofa entscheidest, das Atlantis bietet immer die perfekte Balance zwischen Design und Komfort. Dank der gro\u00dfen Auswahl an Stoffen, Farben und Konfigurationen stellst du es ganz nach deinen W\u00fcnschen zusammen. Von sanften, neutralen T\u00f6nen bis hin zu markanten Farben \u2013 das Atlantis passt sich m\u00fchelos deinem Wohnstil an.  <\/p>\n<p data-start=\"814\" data-end=\"981\">Lass dich von der Vielseitigkeit \u00fcberraschen und erlebe selbst, wie das Atlantis dein Wohnzimmer auf ein neues Level hebt. Besuche unser Gesch\u00e4ft und entdecke alle M\u00f6glichkeiten. <\/p>\n","protected":false},"excerpt":{"rendered":"<p data-start=\"155\" data-end=\"457\"><strong data-start=\"155\" data-end=\"204\">Das Atlantis \u2013 modernes Design, zeitloser Komfort<\/strong><br data-start=\"204\" data-end=\"207\">Das Atlantis ist nicht einfach nur ein Sofa \u2013 es ist ein Statement f\u00fcr Eleganz und ultimativen Sitzkomfort. Mit seinen raffinierten Linien, perfekten Proportionen und durchdachten Details strahlt das Atlantis eine moderne Klasse aus, die in jedem Interieur zur Geltung kommt. <\/p>\n<p data-start=\"459\" data-end=\"812\">Ob du dich f\u00fcr eine gem\u00fctliche Eckkombination oder ein gro\u00dfz\u00fcgiges Loungesofa entscheidest, das Atlantis bietet immer die perfekte Balance zwischen Design und Komfort. Dank der gro\u00dfen Auswahl an Stoffen, Farben und Konfigurationen stellst du es ganz nach deinen W\u00fcnschen zusammen. Von sanften, neutralen T\u00f6nen bis hin zu markanten Farben \u2013 das Atlantis passt sich m\u00fchelos deinem Wohnstil an.  <\/p>\n<p data-start=\"814\" data-end=\"981\">Lass dich von der Vielseitigkeit \u00fcberraschen und erlebe selbst, wie das Atlantis dein Wohnzimmer auf ein neues Level hebt. Besuche unser Gesch\u00e4ft und entdecke alle M\u00f6glichkeiten. <\/p>\n","protected":false},"featured_media":6826,"template":"","meta":{"_joinchat":[]},"product_brand":[],"product_cat":[124,125,134],"product_tag":[],"class_list":{"0":"post-8131","1":"product","2":"type-product","3":"status-publish","4":"has-post-thumbnail","6":"product_cat-sitzmobel","7":"product_cat-sofa","8":"product_cat-sofas","10":"first","11":"instock","12":"shipping-taxable","13":"product-type-simple"},"_links":{"self":[{"href":"https:\/\/pinedesign.nl\/de\/wp-json\/wp\/v2\/product\/8131","targetHints":{"allow":["GET"]}}],"collection":[{"href":"https:\/\/pinedesign.nl\/de\/wp-json\/wp\/v2\/product"}],"about":[{"href":"https:\/\/pinedesign.nl\/de\/wp-json\/wp\/v2\/types\/product"}],"wp:featuredmedia":[{"embeddable":true,"href":"https:\/\/pinedesign.nl\/de\/wp-json\/wp\/v2\/media\/6826"}],"wp:attachment":[{"href":"https:\/\/pinedesign.nl\/de\/wp-json\/wp\/v2\/media?parent=8131"}],"wp:term":[{"taxonomy":"product_brand","embeddable":true,"href":"https:\/\/pinedesign.nl\/de\/wp-json\/wp\/v2\/product_brand?post=8131"},{"taxonomy":"product_cat","embeddable":true,"href":"https:\/\/pinedesign.nl\/de\/wp-json\/wp\/v2\/product_cat?post=8131"},{"taxonomy":"product_tag","embeddable":true,"href":"https:\/\/pinedesign.nl\/de\/wp-json\/wp\/v2\/product_tag?post=8131"}],"curies":[{"name":"wp","href":"https:\/\/api.w.org\/{rel}","templated":true}]}}