{"id":8110,"date":"2025-08-28T11:27:14","date_gmt":"2025-08-28T11:27:14","guid":{"rendered":"https:\/\/pinedesign.nl\/product\/oliver-esszimmerstuehle\/"},"modified":"2025-08-28T11:27:14","modified_gmt":"2025-08-28T11:27:14","slug":"oliver-esszimmerstuehle","status":"publish","type":"product","link":"https:\/\/pinedesign.nl\/de\/product\/oliver-esszimmerstuehle\/","title":{"rendered":"Oliver Esszimmerst\u00fchle"},"content":{"rendered":"<p data-start=\"96\" data-end=\"366\"><strong data-start=\"96\" data-end=\"148\">Oliver Esszimmerstuhl \u2013 modern mit luxuri\u00f6sem Twist<\/strong><br data-start=\"148\" data-end=\"151\">Der <strong data-start=\"154\" data-end=\"178\">Oliver Esszimmerstuhl<\/strong> verleiht deinem Interieur sofort eine luxuri\u00f6se und moderne Ausstrahlung. Die horizontalen Steppn\u00e4hte am R\u00fccken machen den Stuhl besonders und sorgen f\u00fcr ein raffiniertes Detail, das ins Auge f\u00e4llt. <\/p>\n<p data-start=\"368\" data-end=\"583\">Neben seinem eleganten Design bietet Oliver auch Komfort und Benutzerfreundlichkeit. Das stabile Stahlbein verleiht dem Stuhl einen zeitgem\u00e4\u00dfen Look und ist mit einer <strong data-start=\"521\" data-end=\"549\">360\u00b0-Auto-Return-Funktion<\/strong> ausgestattet \u2013 praktisch und stilvoll zugleich. <\/p>\n<p data-start=\"585\" data-end=\"752\">Dank der Auswahl aus <strong data-start=\"606\" data-end=\"633\">48 hochwertigen Stoffen<\/strong> gestaltest du den Oliver ganz nach deinem Geschmack. So wird er zu dem Stuhl, der deinen Essbereich auf ein neues Level hebt. <\/p>\n<p data-start=\"754\" data-end=\"853\">\ud83d\udc49 Komm in unserem Gesch\u00e4ft vorbei, nimm Platz und erlebe selbst, wie der Oliver Luxus und Komfort vereint.<\/p>\n","protected":false},"excerpt":{"rendered":"<p data-start=\"96\" data-end=\"366\"><strong data-start=\"96\" data-end=\"148\">Oliver Esszimmerstuhl \u2013 modern mit luxuri\u00f6sem Twist<\/strong><br data-start=\"148\" data-end=\"151\">Der <strong data-start=\"154\" data-end=\"178\">Oliver Esszimmerstuhl<\/strong> verleiht deinem Interieur sofort eine luxuri\u00f6se und moderne Ausstrahlung. Die horizontalen Steppn\u00e4hte am R\u00fccken machen den Stuhl besonders und sorgen f\u00fcr ein raffiniertes Detail, das ins Auge f\u00e4llt. <\/p>\n<p data-start=\"368\" data-end=\"583\">Neben seinem eleganten Design bietet Oliver auch Komfort und Benutzerfreundlichkeit. Das stabile Stahlbein verleiht dem Stuhl einen zeitgem\u00e4\u00dfen Look und ist mit einer <strong data-start=\"521\" data-end=\"549\">360\u00b0-Auto-Return-Funktion<\/strong> ausgestattet \u2013 praktisch und stilvoll zugleich. <\/p>\n<p data-start=\"585\" data-end=\"752\">Dank der Auswahl aus <strong data-start=\"606\" data-end=\"633\">48 hochwertigen Stoffen<\/strong> gestaltest du den Oliver ganz nach deinem Geschmack. So wird er zu dem Stuhl, der deinen Essbereich auf ein neues Level hebt. <\/p>\n<p data-start=\"754\" data-end=\"853\">\ud83d\udc49 Komm in unserem Gesch\u00e4ft vorbei, nimm Platz und erlebe selbst, wie der Oliver Luxus und Komfort vereint.<\/p>\n","protected":false},"featured_media":6790,"template":"","meta":{"_joinchat":[]},"product_brand":[],"product_cat":[128,155,136,124],"product_tag":[],"class_list":{"0":"post-8110","1":"product","2":"type-product","3":"status-publish","4":"has-post-thumbnail","6":"product_cat-esszimmerstuhle","7":"product_cat-gusj","8":"product_cat-marken","9":"product_cat-sitzmobel","11":"first","12":"instock","13":"shipping-taxable","14":"product-type-simple"},"_links":{"self":[{"href":"https:\/\/pinedesign.nl\/de\/wp-json\/wp\/v2\/product\/8110","targetHints":{"allow":["GET"]}}],"collection":[{"href":"https:\/\/pinedesign.nl\/de\/wp-json\/wp\/v2\/product"}],"about":[{"href":"https:\/\/pinedesign.nl\/de\/wp-json\/wp\/v2\/types\/product"}],"wp:featuredmedia":[{"embeddable":true,"href":"https:\/\/pinedesign.nl\/de\/wp-json\/wp\/v2\/media\/6790"}],"wp:attachment":[{"href":"https:\/\/pinedesign.nl\/de\/wp-json\/wp\/v2\/media?parent=8110"}],"wp:term":[{"taxonomy":"product_brand","embeddable":true,"href":"https:\/\/pinedesign.nl\/de\/wp-json\/wp\/v2\/product_brand?post=8110"},{"taxonomy":"product_cat","embeddable":true,"href":"https:\/\/pinedesign.nl\/de\/wp-json\/wp\/v2\/product_cat?post=8110"},{"taxonomy":"product_tag","embeddable":true,"href":"https:\/\/pinedesign.nl\/de\/wp-json\/wp\/v2\/product_tag?post=8110"}],"curies":[{"name":"wp","href":"https:\/\/api.w.org\/{rel}","templated":true}]}}