{"id":8104,"date":"2025-08-28T11:16:06","date_gmt":"2025-08-28T11:16:06","guid":{"rendered":"https:\/\/pinedesign.nl\/product\/esszimmerstuhl-milo\/"},"modified":"2025-08-28T11:16:06","modified_gmt":"2025-08-28T11:16:06","slug":"esszimmerstuhl-milo","status":"publish","type":"product","link":"https:\/\/pinedesign.nl\/de\/product\/esszimmerstuhl-milo\/","title":{"rendered":"Esszimmerstuhl Milo"},"content":{"rendered":"<p data-start=\"89\" data-end=\"343\"><strong data-start=\"89\" data-end=\"133\">Esszimmerstuhl Milo \u2013 elegant und zeitlos<\/strong><br data-start=\"133\" data-end=\"136\">Der <strong data-start=\"139\" data-end=\"161\">Esszimmerstuhl Milo<\/strong> strahlt Eleganz aus und passt m\u00fchelos in jedes Interieur. Sein dezentes Design macht ihn vielseitig und stilvoll, was ihn zu einer wunderbaren Erg\u00e4nzung f\u00fcr deinen Esstisch macht. <\/p>\n<p data-start=\"345\" data-end=\"509\">Das moderne Stahlbein verleiht Milo eine zeitgem\u00e4\u00dfe Ausstrahlung und ist mit einer <strong data-start=\"430\" data-end=\"458\">360\u00b0-Auto-Return-Funktion<\/strong> ausgestattet \u2013 praktisch und immer ordentlich zur\u00fcck in der Ausgangsposition.<\/p>\n<p data-start=\"511\" data-end=\"682\">Mit einer Auswahl aus <strong data-start=\"525\" data-end=\"560\">48 wundersch\u00f6nen Farben und Stoffen<\/strong> stellst du den Milo ganz nach deinen W\u00fcnschen zusammen. So kreierst du einen Stuhl, der perfekt zu deinem pers\u00f6nlichen Stil passt. <\/p>\n<p data-start=\"684\" data-end=\"795\">\ud83d\udc49 Komm in unserem Gesch\u00e4ft vorbei, nimm Platz und entdecke selbst, wie der Milo deinem Esszimmer ein elegantes Upgrade verleiht.<\/p>\n","protected":false},"excerpt":{"rendered":"<p data-start=\"89\" data-end=\"343\"><strong data-start=\"89\" data-end=\"133\">Esszimmerstuhl Milo \u2013 elegant und zeitlos<\/strong><br data-start=\"133\" data-end=\"136\">Der <strong data-start=\"139\" data-end=\"161\">Esszimmerstuhl Milo<\/strong> strahlt Eleganz aus und passt m\u00fchelos in jedes Interieur. Sein dezentes Design macht ihn vielseitig und stilvoll, was ihn zu einer wunderbaren Erg\u00e4nzung f\u00fcr deinen Esstisch macht. <\/p>\n<p data-start=\"345\" data-end=\"509\">Das moderne Stahlbein verleiht Milo eine zeitgem\u00e4\u00dfe Ausstrahlung und ist mit einer <strong data-start=\"430\" data-end=\"458\">360\u00b0-Auto-Return-Funktion<\/strong> ausgestattet \u2013 praktisch und immer ordentlich zur\u00fcck in der Ausgangsposition.<\/p>\n<p data-start=\"511\" data-end=\"682\">Mit einer Auswahl aus <strong data-start=\"525\" data-end=\"560\">48 wundersch\u00f6nen Farben und Stoffen<\/strong> stellst du den Milo ganz nach deinen W\u00fcnschen zusammen. So kreierst du einen Stuhl, der perfekt zu deinem pers\u00f6nlichen Stil passt. <\/p>\n<p data-start=\"684\" data-end=\"795\">\ud83d\udc49 Komm in unserem Gesch\u00e4ft vorbei, nimm Platz und entdecke selbst, wie der Milo deinem Esszimmer ein elegantes Upgrade verleiht.<\/p>\n","protected":false},"featured_media":0,"template":"","meta":{"_joinchat":[]},"product_brand":[],"product_cat":[128,155,136,124],"product_tag":[],"class_list":{"0":"post-8104","1":"product","2":"type-product","3":"status-publish","5":"product_cat-esszimmerstuhle","6":"product_cat-gusj","7":"product_cat-marken","8":"product_cat-sitzmobel","10":"first","11":"instock","12":"shipping-taxable","13":"product-type-simple"},"_links":{"self":[{"href":"https:\/\/pinedesign.nl\/de\/wp-json\/wp\/v2\/product\/8104","targetHints":{"allow":["GET"]}}],"collection":[{"href":"https:\/\/pinedesign.nl\/de\/wp-json\/wp\/v2\/product"}],"about":[{"href":"https:\/\/pinedesign.nl\/de\/wp-json\/wp\/v2\/types\/product"}],"wp:attachment":[{"href":"https:\/\/pinedesign.nl\/de\/wp-json\/wp\/v2\/media?parent=8104"}],"wp:term":[{"taxonomy":"product_brand","embeddable":true,"href":"https:\/\/pinedesign.nl\/de\/wp-json\/wp\/v2\/product_brand?post=8104"},{"taxonomy":"product_cat","embeddable":true,"href":"https:\/\/pinedesign.nl\/de\/wp-json\/wp\/v2\/product_cat?post=8104"},{"taxonomy":"product_tag","embeddable":true,"href":"https:\/\/pinedesign.nl\/de\/wp-json\/wp\/v2\/product_tag?post=8104"}],"curies":[{"name":"wp","href":"https:\/\/api.w.org\/{rel}","templated":true}]}}