{"id":8098,"date":"2025-08-28T10:07:17","date_gmt":"2025-08-28T10:07:17","guid":{"rendered":"https:\/\/pinedesign.nl\/product\/esszimmerstuhl-lucas\/"},"modified":"2025-08-28T10:07:17","modified_gmt":"2025-08-28T10:07:17","slug":"esszimmerstuhl-lucas","status":"publish","type":"product","link":"https:\/\/pinedesign.nl\/de\/product\/esszimmerstuhl-lucas\/","title":{"rendered":"Esszimmerstuhl Lucas"},"content":{"rendered":"<p data-start=\"120\" data-end=\"506\"><strong data-start=\"120\" data-end=\"177\">Esszimmerstuhl Lucas \u2013 zeitloses Design, ultimativer Komfort<\/strong><br data-start=\"177\" data-end=\"180\">Verleihe deinem Esszimmer einen Hauch von Eleganz mit dem <strong data-start=\"226\" data-end=\"249\">Esszimmerstuhl Lucas<\/strong>. Mit seinem schicken und zeitlosen Design passt Lucas m\u00fchelos in jedes Interieur, von modern bis klassisch. Die weichen Sitz- und R\u00fcckenkissen sorgen f\u00fcr ein \u00fcberraschend komfortables Sitzerlebnis, wodurch lange Abendessen oder gesellige Abende am Tisch zum wahren Genuss werden.  <\/p>\n<p data-start=\"508\" data-end=\"649\">Das moderne Stahlbein verleiht dem Stuhl eine cleane Optik und ist mit einer <strong data-start=\"594\" data-end=\"622\">360\u00b0-Auto-Return-Funktion<\/strong> ausgestattet \u2013 praktisch und stilvoll.<\/p>\n<p data-start=\"651\" data-end=\"814\">Mach Lucas zu deinem ganz pers\u00f6nlichen M\u00f6belst\u00fcck: W\u00e4hle aus sage und schreibe <strong data-start=\"701\" data-end=\"728\">48 hochwertigen Stoffen<\/strong> und gestalte einen Stuhl, der perfekt zu deinem pers\u00f6nlichen Stil und Interieur passt.<\/p>\n<p data-start=\"816\" data-end=\"926\">\ud83d\udc49 Komm in unserem Gesch\u00e4ft vorbei, nimm Platz und sp\u00fcre selbst, wie der Lucas dein Esszimmer auf ein neues Level hebt!<\/p>\n<hr data-start=\"928\" data-end=\"931\">\n","protected":false},"excerpt":{"rendered":"<p data-start=\"120\" data-end=\"506\"><strong data-start=\"120\" data-end=\"177\">Esszimmerstuhl Lucas \u2013 zeitloses Design, ultimativer Komfort<\/strong><br data-start=\"177\" data-end=\"180\">Verleihe deinem Esszimmer einen Hauch von Eleganz mit dem <strong data-start=\"226\" data-end=\"249\">Esszimmerstuhl Lucas<\/strong>. Mit seinem schicken und zeitlosen Design passt Lucas m\u00fchelos in jedes Interieur, von modern bis klassisch. Die weichen Sitz- und R\u00fcckenkissen sorgen f\u00fcr ein \u00fcberraschend komfortables Sitzerlebnis, wodurch lange Abendessen oder gesellige Abende am Tisch zum wahren Genuss werden.  <\/p>\n<p data-start=\"508\" data-end=\"649\">Das moderne Stahlbein verleiht dem Stuhl eine cleane Optik und ist mit einer <strong data-start=\"594\" data-end=\"622\">360\u00b0-Auto-Return-Funktion<\/strong> ausgestattet \u2013 praktisch und stilvoll.<\/p>\n<p data-start=\"651\" data-end=\"814\">Mach Lucas zu deinem ganz pers\u00f6nlichen M\u00f6belst\u00fcck: W\u00e4hle aus sage und schreibe <strong data-start=\"701\" data-end=\"728\">48 hochwertigen Stoffen<\/strong> und gestalte einen Stuhl, der perfekt zu deinem pers\u00f6nlichen Stil und Interieur passt.<\/p>\n<p data-start=\"816\" data-end=\"926\">\ud83d\udc49 Komm in unserem Gesch\u00e4ft vorbei, nimm Platz und sp\u00fcre selbst, wie der Lucas dein Esszimmer auf ein neues Level hebt!<\/p>\n","protected":false},"featured_media":0,"template":"","meta":{"_joinchat":[]},"product_brand":[],"product_cat":[128,155,136,124],"product_tag":[],"class_list":{"0":"post-8098","1":"product","2":"type-product","3":"status-publish","5":"product_cat-esszimmerstuhle","6":"product_cat-gusj","7":"product_cat-marken","8":"product_cat-sitzmobel","10":"first","11":"instock","12":"shipping-taxable","13":"product-type-simple"},"_links":{"self":[{"href":"https:\/\/pinedesign.nl\/de\/wp-json\/wp\/v2\/product\/8098","targetHints":{"allow":["GET"]}}],"collection":[{"href":"https:\/\/pinedesign.nl\/de\/wp-json\/wp\/v2\/product"}],"about":[{"href":"https:\/\/pinedesign.nl\/de\/wp-json\/wp\/v2\/types\/product"}],"wp:attachment":[{"href":"https:\/\/pinedesign.nl\/de\/wp-json\/wp\/v2\/media?parent=8098"}],"wp:term":[{"taxonomy":"product_brand","embeddable":true,"href":"https:\/\/pinedesign.nl\/de\/wp-json\/wp\/v2\/product_brand?post=8098"},{"taxonomy":"product_cat","embeddable":true,"href":"https:\/\/pinedesign.nl\/de\/wp-json\/wp\/v2\/product_cat?post=8098"},{"taxonomy":"product_tag","embeddable":true,"href":"https:\/\/pinedesign.nl\/de\/wp-json\/wp\/v2\/product_tag?post=8098"}],"curies":[{"name":"wp","href":"https:\/\/api.w.org\/{rel}","templated":true}]}}