{"id":8080,"date":"2025-08-28T09:40:28","date_gmt":"2025-08-28T09:40:28","guid":{"rendered":"https:\/\/pinedesign.nl\/product\/sessel-logan\/"},"modified":"2025-08-28T09:40:28","modified_gmt":"2025-08-28T09:40:28","slug":"sessel-logan","status":"publish","type":"product","link":"https:\/\/pinedesign.nl\/de\/product\/sessel-logan\/","title":{"rendered":"Sessel Logan"},"content":{"rendered":"<p data-start=\"109\" data-end=\"432\"><strong data-start=\"109\" data-end=\"165\">Entdecke ultimativen Komfort mit dem Sessel Logan von Gusj<\/strong><br data-start=\"165\" data-end=\"168\">Tritt ein in eine Welt der Entspannung. Der Sessel Logan vereint Stil, Komfort und smarte Verstellbarkeit in einem. Dank der hohen R\u00fcckenlehne, die sich m\u00fchelos in eine Relaxposition bringen l\u00e4sst, und der drehbaren Kopfst\u00fctze genie\u00dft du immer perfekte Unterst\u00fctzung.  <\/p>\n<p data-start=\"434\" data-end=\"552\">Mach den Logan zu deinem ganz pers\u00f6nlichen Sessel: W\u00e4hle aus verschiedenen Luxusstoffen und stilvollen Fu\u00dffarben, die zu deiner Einrichtung passen.<\/p>\n<p data-start=\"554\" data-end=\"677\">\ud83d\udc49 Komm in unserem Gesch\u00e4ft vorbei, nimm Platz und erlebe selbst, wie herrlich bequem der Logan ist. Wetten, dass du nicht mehr aufstehen willst? <\/p>\n","protected":false},"excerpt":{"rendered":"<p data-start=\"109\" data-end=\"432\"><strong data-start=\"109\" data-end=\"165\">Entdecke ultimativen Komfort mit dem Sessel Logan von Gusj<\/strong><br data-start=\"165\" data-end=\"168\">Tritt ein in eine Welt der Entspannung. Der Sessel Logan vereint Stil, Komfort und smarte Verstellbarkeit in einem. Dank der hohen R\u00fcckenlehne, die sich m\u00fchelos in eine Relaxposition bringen l\u00e4sst, und der drehbaren Kopfst\u00fctze genie\u00dft du immer perfekte Unterst\u00fctzung.  <\/p>\n<p data-start=\"434\" data-end=\"552\">Mach den Logan zu deinem ganz pers\u00f6nlichen Sessel: W\u00e4hle aus verschiedenen Luxusstoffen und stilvollen Fu\u00dffarben, die zu deiner Einrichtung passen.<\/p>\n<p data-start=\"554\" data-end=\"677\">\ud83d\udc49 Komm in unserem Gesch\u00e4ft vorbei, nimm Platz und erlebe selbst, wie herrlich bequem der Logan ist. Wetten, dass du nicht mehr aufstehen willst? <\/p>\n","protected":false},"featured_media":0,"template":"","meta":{"_joinchat":[]},"product_brand":[],"product_cat":[155,130,124],"product_tag":[],"class_list":{"0":"post-8080","1":"product","2":"type-product","3":"status-publish","5":"product_cat-gusj","6":"product_cat-sessel","7":"product_cat-sitzmobel","9":"first","10":"instock","11":"shipping-taxable","12":"product-type-simple"},"_links":{"self":[{"href":"https:\/\/pinedesign.nl\/de\/wp-json\/wp\/v2\/product\/8080","targetHints":{"allow":["GET"]}}],"collection":[{"href":"https:\/\/pinedesign.nl\/de\/wp-json\/wp\/v2\/product"}],"about":[{"href":"https:\/\/pinedesign.nl\/de\/wp-json\/wp\/v2\/types\/product"}],"wp:attachment":[{"href":"https:\/\/pinedesign.nl\/de\/wp-json\/wp\/v2\/media?parent=8080"}],"wp:term":[{"taxonomy":"product_brand","embeddable":true,"href":"https:\/\/pinedesign.nl\/de\/wp-json\/wp\/v2\/product_brand?post=8080"},{"taxonomy":"product_cat","embeddable":true,"href":"https:\/\/pinedesign.nl\/de\/wp-json\/wp\/v2\/product_cat?post=8080"},{"taxonomy":"product_tag","embeddable":true,"href":"https:\/\/pinedesign.nl\/de\/wp-json\/wp\/v2\/product_tag?post=8080"}],"curies":[{"name":"wp","href":"https:\/\/api.w.org\/{rel}","templated":true}]}}