{"id":8071,"date":"2025-08-28T10:21:25","date_gmt":"2025-08-28T10:21:25","guid":{"rendered":"https:\/\/pinedesign.nl\/product\/esszimmerstuhl-alfie\/"},"modified":"2025-08-28T10:21:25","modified_gmt":"2025-08-28T10:21:25","slug":"esszimmerstuhl-alfie","status":"publish","type":"product","link":"https:\/\/pinedesign.nl\/de\/product\/esszimmerstuhl-alfie\/","title":{"rendered":"Esszimmerstuhl Alfie"},"content":{"rendered":"<p data-start=\"117\" data-end=\"420\"><strong data-start=\"117\" data-end=\"174\">Esszimmerstuhl Alfie \u2013 luxuri\u00f6ser Komfort in stilvollem Design<\/strong><br data-start=\"174\" data-end=\"177\">Der <strong data-start=\"180\" data-end=\"203\">Esszimmerstuhl Alfie<\/strong> vereint Luxus und Komfort in einem eleganten Design. Die kissenf\u00f6rmige Sitzfl\u00e4che l\u00e4dt zum Verweilen ein und bietet einen \u00fcberraschend angenehmen Sitzkomfort \u2013 perfekt f\u00fcr lange Abende mit Familie und Freunden. <\/p>\n<p data-start=\"422\" data-end=\"589\">Das moderne Stahlbein verleiht dem Alfie einen zeitgem\u00e4\u00dfen Look und ist mit einer <strong data-start=\"511\" data-end=\"539\">360\u00b0-Auto-Return-Funktion<\/strong> ausgestattet: praktisch und immer ordentlich an seinem Platz.<\/p>\n<p data-start=\"591\" data-end=\"783\">Mit einer Auswahl aus <strong data-start=\"605\" data-end=\"632\">48 hochwertigen Stoffen<\/strong> stellst du dir den Alfie ganz nach deinen W\u00fcnschen zusammen. So passt dieser Stuhl m\u00fchelos in jedes Interieur und wird garantiert zum Blickfang an deinem Esstisch. <\/p>\n<p data-start=\"785\" data-end=\"892\">\ud83d\udc49 Komm in unserem Gesch\u00e4ft vorbei, nimm Platz und entdecke, wie der Alfie deinem Esszimmer ein luxuri\u00f6ses Upgrade verleiht.<\/p>\n","protected":false},"excerpt":{"rendered":"<p data-start=\"117\" data-end=\"420\"><strong data-start=\"117\" data-end=\"174\">Esszimmerstuhl Alfie \u2013 luxuri\u00f6ser Komfort in stilvollem Design<\/strong><br data-start=\"174\" data-end=\"177\">Der <strong data-start=\"180\" data-end=\"203\">Esszimmerstuhl Alfie<\/strong> vereint Luxus und Komfort in einem eleganten Design. Die kissenf\u00f6rmige Sitzfl\u00e4che l\u00e4dt zum Verweilen ein und bietet einen \u00fcberraschend angenehmen Sitzkomfort \u2013 perfekt f\u00fcr lange Abende mit Familie und Freunden. <\/p>\n<p data-start=\"422\" data-end=\"589\">Das moderne Stahlbein verleiht dem Alfie einen zeitgem\u00e4\u00dfen Look und ist mit einer <strong data-start=\"511\" data-end=\"539\">360\u00b0-Auto-Return-Funktion<\/strong> ausgestattet: praktisch und immer ordentlich an seinem Platz.<\/p>\n<p data-start=\"591\" data-end=\"783\">Mit einer Auswahl aus <strong data-start=\"605\" data-end=\"632\">48 hochwertigen Stoffen<\/strong> stellst du dir den Alfie ganz nach deinen W\u00fcnschen zusammen. So passt dieser Stuhl m\u00fchelos in jedes Interieur und wird garantiert zum Blickfang an deinem Esstisch. <\/p>\n<p data-start=\"785\" data-end=\"892\">\ud83d\udc49 Komm in unserem Gesch\u00e4ft vorbei, nimm Platz und entdecke, wie der Alfie deinem Esszimmer ein luxuri\u00f6ses Upgrade verleiht.<\/p>\n","protected":false},"featured_media":6769,"template":"","meta":{"_joinchat":[]},"product_brand":[],"product_cat":[128,155,136,124],"product_tag":[],"class_list":{"0":"post-8071","1":"product","2":"type-product","3":"status-publish","4":"has-post-thumbnail","6":"product_cat-esszimmerstuhle","7":"product_cat-gusj","8":"product_cat-marken","9":"product_cat-sitzmobel","11":"first","12":"instock","13":"shipping-taxable","14":"product-type-simple"},"_links":{"self":[{"href":"https:\/\/pinedesign.nl\/de\/wp-json\/wp\/v2\/product\/8071","targetHints":{"allow":["GET"]}}],"collection":[{"href":"https:\/\/pinedesign.nl\/de\/wp-json\/wp\/v2\/product"}],"about":[{"href":"https:\/\/pinedesign.nl\/de\/wp-json\/wp\/v2\/types\/product"}],"wp:featuredmedia":[{"embeddable":true,"href":"https:\/\/pinedesign.nl\/de\/wp-json\/wp\/v2\/media\/6769"}],"wp:attachment":[{"href":"https:\/\/pinedesign.nl\/de\/wp-json\/wp\/v2\/media?parent=8071"}],"wp:term":[{"taxonomy":"product_brand","embeddable":true,"href":"https:\/\/pinedesign.nl\/de\/wp-json\/wp\/v2\/product_brand?post=8071"},{"taxonomy":"product_cat","embeddable":true,"href":"https:\/\/pinedesign.nl\/de\/wp-json\/wp\/v2\/product_cat?post=8071"},{"taxonomy":"product_tag","embeddable":true,"href":"https:\/\/pinedesign.nl\/de\/wp-json\/wp\/v2\/product_tag?post=8071"}],"curies":[{"name":"wp","href":"https:\/\/api.w.org\/{rel}","templated":true}]}}