{"id":8070,"date":"2025-07-03T10:41:55","date_gmt":"2025-07-03T10:41:55","guid":{"rendered":"https:\/\/pinedesign.nl\/product\/couchtisch-trapea-xl\/"},"modified":"2025-07-03T10:41:55","modified_gmt":"2025-07-03T10:41:55","slug":"couchtisch-trapea-xl","status":"publish","type":"product","link":"https:\/\/pinedesign.nl\/de\/product\/couchtisch-trapea-xl\/","title":{"rendered":"Couchtisch Trapea XL"},"content":{"rendered":"<p data-start=\"111\" data-end=\"167\"><strong data-start=\"111\" data-end=\"167\">Trapea XL \u2013 gro\u00df im Stil, endlos kombinierbar<\/strong><\/p>\n<p data-start=\"169\" data-end=\"517\">Der <em data-start=\"172\" data-end=\"183\">Trapea XL<\/em> ist der gro\u00dfz\u00fcgige Blickfang innerhalb der vielseitigen Trapea-Kollektion von Bree\u2019s New World. Als gr\u00f6\u00dfter Couchtisch der Serie bietet er nicht nur viel Platz, sondern auch unz\u00e4hlige M\u00f6glichkeiten. Kombiniere den Trapea XL m\u00fchelos mit dem Trapea Top Hoog f\u00fcr einen spielerischen, mehrschichtigen Effekt \u2013 perfekt f\u00fcr alle, die Dynamik im Interieur lieben.  <\/p>\n<p data-start=\"519\" data-end=\"874\">Genau wie der Rest der Trapea-Familie \u2013 verwandt mit Ikonen wie Twinny, Cloudy und Choq \u2013 besticht auch dieser Tisch durch seine asymmetrische, trapezf\u00f6rmige Platte. Diese einzigartige Form verleiht dem Tisch eine energetische Ausstrahlung, die sofort Atmosph\u00e4re in deine Sitzecke bringt. Die schlanken Metallbeine sorgen f\u00fcr eine stilvolle Balance und bringen Ruhe in das Design.  <\/p>\n<p data-start=\"876\" data-end=\"1146\">Mit zahlreichen Auswahlm\u00f6glichkeiten bei Plattenform, Material (wie HPL, Fenix, Keramik oder Massivholz) und einer Palette an Gestellfarben stellst du deinen Trapea XL ganz nach Wunsch zusammen. Gro\u00df im Format, gro\u00df in der Ausstrahlung \u2013 und immer passend zu deinem pers\u00f6nlichen Wohnstil. <\/p>\n<p data-start=\"1148\" data-end=\"1211\"><strong data-start=\"1148\" data-end=\"1211\">Entdecke die Kraft von Kontrast und Harmonie mit dem Trapea XL.<\/strong><\/p>\n","protected":false},"excerpt":{"rendered":"<p data-start=\"111\" data-end=\"167\"><strong data-start=\"111\" data-end=\"167\">Trapea XL \u2013 gro\u00df im Stil, endlos kombinierbar<\/strong><\/p>\n<p data-start=\"169\" data-end=\"517\">Der <em data-start=\"172\" data-end=\"183\">Trapea XL<\/em> ist der gro\u00dfz\u00fcgige Blickfang innerhalb der vielseitigen Trapea-Kollektion von Bree\u2019s New World. Als gr\u00f6\u00dfter Couchtisch der Serie bietet er nicht nur viel Platz, sondern auch unz\u00e4hlige M\u00f6glichkeiten. Kombiniere den Trapea XL m\u00fchelos mit dem Trapea Top Hoog f\u00fcr einen spielerischen, mehrschichtigen Effekt \u2013 perfekt f\u00fcr alle, die Dynamik im Interieur lieben.  <\/p>\n<p data-start=\"519\" data-end=\"874\">Genau wie der Rest der Trapea-Familie \u2013 verwandt mit Ikonen wie Twinny, Cloudy und Choq \u2013 besticht auch dieser Tisch durch seine asymmetrische, trapezf\u00f6rmige Platte. Diese einzigartige Form verleiht dem Tisch eine energetische Ausstrahlung, die sofort Atmosph\u00e4re in deine Sitzecke bringt. Die schlanken Metallbeine sorgen f\u00fcr eine stilvolle Balance und bringen Ruhe in das Design.  <\/p>\n<p data-start=\"876\" data-end=\"1146\">Mit zahlreichen Auswahlm\u00f6glichkeiten bei Plattenform, Material (wie HPL, Fenix, Keramik oder Massivholz) und einer Palette an Gestellfarben stellst du deinen Trapea XL ganz nach Wunsch zusammen. Gro\u00df im Format, gro\u00df in der Ausstrahlung \u2013 und immer passend zu deinem pers\u00f6nlichen Wohnstil. <\/p>\n<p data-start=\"1148\" data-end=\"1211\"><strong data-start=\"1148\" data-end=\"1211\">Entdecke die Kraft von Kontrast und Harmonie mit dem Trapea XL.<\/strong><\/p>\n","protected":false},"featured_media":6725,"template":"","meta":{"_joinchat":[]},"product_brand":[],"product_cat":[148,135,136,121],"product_tag":[],"class_list":{"0":"post-8070","1":"product","2":"type-product","3":"status-publish","4":"has-post-thumbnail","6":"product_cat-brees-new-world","7":"product_cat-couchtische","8":"product_cat-marken","9":"product_cat-tische","11":"first","12":"instock","13":"shipping-taxable","14":"product-type-simple"},"_links":{"self":[{"href":"https:\/\/pinedesign.nl\/de\/wp-json\/wp\/v2\/product\/8070","targetHints":{"allow":["GET"]}}],"collection":[{"href":"https:\/\/pinedesign.nl\/de\/wp-json\/wp\/v2\/product"}],"about":[{"href":"https:\/\/pinedesign.nl\/de\/wp-json\/wp\/v2\/types\/product"}],"wp:featuredmedia":[{"embeddable":true,"href":"https:\/\/pinedesign.nl\/de\/wp-json\/wp\/v2\/media\/6725"}],"wp:attachment":[{"href":"https:\/\/pinedesign.nl\/de\/wp-json\/wp\/v2\/media?parent=8070"}],"wp:term":[{"taxonomy":"product_brand","embeddable":true,"href":"https:\/\/pinedesign.nl\/de\/wp-json\/wp\/v2\/product_brand?post=8070"},{"taxonomy":"product_cat","embeddable":true,"href":"https:\/\/pinedesign.nl\/de\/wp-json\/wp\/v2\/product_cat?post=8070"},{"taxonomy":"product_tag","embeddable":true,"href":"https:\/\/pinedesign.nl\/de\/wp-json\/wp\/v2\/product_tag?post=8070"}],"curies":[{"name":"wp","href":"https:\/\/api.w.org\/{rel}","templated":true}]}}