{"id":8061,"date":"2025-08-28T10:14:25","date_gmt":"2025-08-28T10:14:25","guid":{"rendered":"https:\/\/pinedesign.nl\/product\/esszimmerstuhl-arthur\/"},"modified":"2025-08-28T10:14:25","modified_gmt":"2025-08-28T10:14:25","slug":"esszimmerstuhl-arthur","status":"publish","type":"product","link":"https:\/\/pinedesign.nl\/de\/product\/esszimmerstuhl-arthur\/","title":{"rendered":"Esszimmerstuhl Arthur"},"content":{"rendered":"<p data-start=\"126\" data-end=\"428\"><strong data-start=\"126\" data-end=\"182\">Esszimmerstuhl Arthur \u2013 zeitlos mit einem einzigartigen Detail<\/strong><br data-start=\"182\" data-end=\"185\">Suchst du einen Esszimmerstuhl, der klassisch und zugleich besonders ist? Dann ist der <strong data-start=\"263\" data-end=\"273\">Arthur<\/strong> genau das Richtige f\u00fcr dich. Sein zeitloses Design wird durch dezente vertikale Steppn\u00e4hte am R\u00fccken veredelt, die dem Stuhl das gewisse Extra verleihen.  <\/p>\n<p data-start=\"430\" data-end=\"632\">Neben seiner eleganten Ausstrahlung bietet Arthur auch jede Menge Komfort. Das stabile Stahlbein sorgt f\u00fcr einen modernen Touch und ist mit einer <strong data-start=\"570\" data-end=\"598\">360\u00b0-Auto-Return-Funktion<\/strong> ausgestattet \u2013 praktisch und stilvoll zugleich. <\/p>\n<p data-start=\"634\" data-end=\"766\">Gestalte Arthur ganz nach deinen W\u00fcnschen: W\u00e4hle aus <strong data-start=\"671\" data-end=\"695\">48 wundersch\u00f6nen Stoffen<\/strong> und kreiere einen Stuhl, der perfekt zu deiner Einrichtung und deinem Geschmack passt.<\/p>\n<p data-start=\"768\" data-end=\"870\">\ud83d\udc49 Komm in unserem Gesch\u00e4ft vorbei und erlebe selbst, wie der Arthur deinem Esszimmer ein stilvolles Upgrade verleiht.<\/p>\n","protected":false},"excerpt":{"rendered":"<p data-start=\"126\" data-end=\"428\"><strong data-start=\"126\" data-end=\"182\">Esszimmerstuhl Arthur \u2013 zeitlos mit einem einzigartigen Detail<\/strong><br data-start=\"182\" data-end=\"185\">Suchst du einen Esszimmerstuhl, der klassisch und zugleich besonders ist? Dann ist der <strong data-start=\"263\" data-end=\"273\">Arthur<\/strong> genau das Richtige f\u00fcr dich. Sein zeitloses Design wird durch dezente vertikale Steppn\u00e4hte am R\u00fccken veredelt, die dem Stuhl das gewisse Extra verleihen.  <\/p>\n<p data-start=\"430\" data-end=\"632\">Neben seiner eleganten Ausstrahlung bietet Arthur auch jede Menge Komfort. Das stabile Stahlbein sorgt f\u00fcr einen modernen Touch und ist mit einer <strong data-start=\"570\" data-end=\"598\">360\u00b0-Auto-Return-Funktion<\/strong> ausgestattet \u2013 praktisch und stilvoll zugleich. <\/p>\n<p data-start=\"634\" data-end=\"766\">Gestalte Arthur ganz nach deinen W\u00fcnschen: W\u00e4hle aus <strong data-start=\"671\" data-end=\"695\">48 wundersch\u00f6nen Stoffen<\/strong> und kreiere einen Stuhl, der perfekt zu deiner Einrichtung und deinem Geschmack passt.<\/p>\n<p data-start=\"768\" data-end=\"870\">\ud83d\udc49 Komm in unserem Gesch\u00e4ft vorbei und erlebe selbst, wie der Arthur deinem Esszimmer ein stilvolles Upgrade verleiht.<\/p>\n","protected":false},"featured_media":6763,"template":"","meta":{"_joinchat":[]},"product_brand":[],"product_cat":[128,155,136,124],"product_tag":[],"class_list":{"0":"post-8061","1":"product","2":"type-product","3":"status-publish","4":"has-post-thumbnail","6":"product_cat-esszimmerstuhle","7":"product_cat-gusj","8":"product_cat-marken","9":"product_cat-sitzmobel","11":"first","12":"instock","13":"shipping-taxable","14":"product-type-simple"},"_links":{"self":[{"href":"https:\/\/pinedesign.nl\/de\/wp-json\/wp\/v2\/product\/8061","targetHints":{"allow":["GET"]}}],"collection":[{"href":"https:\/\/pinedesign.nl\/de\/wp-json\/wp\/v2\/product"}],"about":[{"href":"https:\/\/pinedesign.nl\/de\/wp-json\/wp\/v2\/types\/product"}],"wp:featuredmedia":[{"embeddable":true,"href":"https:\/\/pinedesign.nl\/de\/wp-json\/wp\/v2\/media\/6763"}],"wp:attachment":[{"href":"https:\/\/pinedesign.nl\/de\/wp-json\/wp\/v2\/media?parent=8061"}],"wp:term":[{"taxonomy":"product_brand","embeddable":true,"href":"https:\/\/pinedesign.nl\/de\/wp-json\/wp\/v2\/product_brand?post=8061"},{"taxonomy":"product_cat","embeddable":true,"href":"https:\/\/pinedesign.nl\/de\/wp-json\/wp\/v2\/product_cat?post=8061"},{"taxonomy":"product_tag","embeddable":true,"href":"https:\/\/pinedesign.nl\/de\/wp-json\/wp\/v2\/product_tag?post=8061"}],"curies":[{"name":"wp","href":"https:\/\/api.w.org\/{rel}","templated":true}]}}