{"id":8060,"date":"2025-07-03T10:07:25","date_gmt":"2025-07-03T10:07:25","guid":{"rendered":"https:\/\/pinedesign.nl\/product\/couchtisch-trapea\/"},"modified":"2025-07-03T10:07:25","modified_gmt":"2025-07-03T10:07:25","slug":"couchtisch-trapea","status":"publish","type":"product","link":"https:\/\/pinedesign.nl\/de\/product\/couchtisch-trapea\/","title":{"rendered":"Couchtisch Trapea"},"content":{"rendered":"<p data-start=\"129\" data-end=\"186\"><strong data-start=\"129\" data-end=\"186\">Trapea \u2013 spielerisch, stilvoll und ganz nach deinem Geschmack<\/strong><\/p>\n<p data-start=\"188\" data-end=\"498\">Lerne <em data-start=\"204\" data-end=\"212\">Trapea<\/em> kennen, die neueste Couch- und Beistelltischkollektion von Bree\u2019s New World. Diese elegante Tischfamilie ist zum Kombinieren entworfen. Dank einer cleveren Variation an Plattengr\u00f6\u00dfen, -formen, Materialien und Gestellh\u00f6hen stellst du dir einfach ein einzigartiges Set zusammen, das perfekt zu deiner Einrichtung passt.  <\/p>\n<p data-start=\"500\" data-end=\"726\">Die charakteristischen, asymmetrischen Tischplatten in Trapezform sorgen f\u00fcr eine lebendige und moderne Ausstrahlung. Die schlanken Metallbeine \u2013 dezent und doch kraftvoll \u2013 bringen Balance ins Ganze und verleihen den Tischen einen raffinierten Touch. <\/p>\n<p data-start=\"728\" data-end=\"983\">Ob minimalistisches Design oder ein markanter Wohnstil: Mit einer gro\u00dfen Auswahl an verschiedenen Metallfarben und Dutzenden Plattenoptionen in HPL, Fenix, Keramik oder Massivholz passt Trapea immer nahtlos zu deinem pers\u00f6nlichen Geschmack.<\/p>\n<p data-start=\"985\" data-end=\"1066\"><strong data-start=\"985\" data-end=\"1066\">Entdecke die Vielseitigkeit von Trapea \u2013 und verleihe deiner Sitzecke einen kreativen Twist.<\/strong><\/p>\n","protected":false},"excerpt":{"rendered":"<p data-start=\"129\" data-end=\"186\"><strong data-start=\"129\" data-end=\"186\">Trapea \u2013 spielerisch, stilvoll und ganz nach deinem Geschmack<\/strong><\/p>\n<p data-start=\"188\" data-end=\"498\">Lerne <em data-start=\"204\" data-end=\"212\">Trapea<\/em> kennen, die neueste Couch- und Beistelltischkollektion von Bree\u2019s New World. Diese elegante Tischfamilie ist zum Kombinieren entworfen. Dank einer cleveren Variation an Plattengr\u00f6\u00dfen, -formen, Materialien und Gestellh\u00f6hen stellst du dir einfach ein einzigartiges Set zusammen, das perfekt zu deiner Einrichtung passt.  <\/p>\n<p data-start=\"500\" data-end=\"726\">Die charakteristischen, asymmetrischen Tischplatten in Trapezform sorgen f\u00fcr eine lebendige und moderne Ausstrahlung. Die schlanken Metallbeine \u2013 dezent und doch kraftvoll \u2013 bringen Balance ins Ganze und verleihen den Tischen einen raffinierten Touch. <\/p>\n<p data-start=\"728\" data-end=\"983\">Ob minimalistisches Design oder ein markanter Wohnstil: Mit einer gro\u00dfen Auswahl an verschiedenen Metallfarben und Dutzenden Plattenoptionen in HPL, Fenix, Keramik oder Massivholz passt Trapea immer nahtlos zu deinem pers\u00f6nlichen Geschmack.<\/p>\n<p data-start=\"985\" data-end=\"1066\"><strong data-start=\"985\" data-end=\"1066\">Entdecke die Vielseitigkeit von Trapea \u2013 und verleihe deiner Sitzecke einen kreativen Twist.<\/strong><\/p>\n","protected":false},"featured_media":6721,"template":"","meta":{"_joinchat":[]},"product_brand":[],"product_cat":[148,135,136,121],"product_tag":[],"class_list":{"0":"post-8060","1":"product","2":"type-product","3":"status-publish","4":"has-post-thumbnail","6":"product_cat-brees-new-world","7":"product_cat-couchtische","8":"product_cat-marken","9":"product_cat-tische","11":"first","12":"instock","13":"shipping-taxable","14":"product-type-simple"},"_links":{"self":[{"href":"https:\/\/pinedesign.nl\/de\/wp-json\/wp\/v2\/product\/8060","targetHints":{"allow":["GET"]}}],"collection":[{"href":"https:\/\/pinedesign.nl\/de\/wp-json\/wp\/v2\/product"}],"about":[{"href":"https:\/\/pinedesign.nl\/de\/wp-json\/wp\/v2\/types\/product"}],"wp:featuredmedia":[{"embeddable":true,"href":"https:\/\/pinedesign.nl\/de\/wp-json\/wp\/v2\/media\/6721"}],"wp:attachment":[{"href":"https:\/\/pinedesign.nl\/de\/wp-json\/wp\/v2\/media?parent=8060"}],"wp:term":[{"taxonomy":"product_brand","embeddable":true,"href":"https:\/\/pinedesign.nl\/de\/wp-json\/wp\/v2\/product_brand?post=8060"},{"taxonomy":"product_cat","embeddable":true,"href":"https:\/\/pinedesign.nl\/de\/wp-json\/wp\/v2\/product_cat?post=8060"},{"taxonomy":"product_tag","embeddable":true,"href":"https:\/\/pinedesign.nl\/de\/wp-json\/wp\/v2\/product_tag?post=8060"}],"curies":[{"name":"wp","href":"https:\/\/api.w.org\/{rel}","templated":true}]}}