{"id":8054,"date":"2025-06-28T11:39:17","date_gmt":"2025-06-28T11:39:17","guid":{"rendered":"https:\/\/pinedesign.nl\/product\/sofa-bomonti\/"},"modified":"2025-06-28T11:39:17","modified_gmt":"2025-06-28T11:39:17","slug":"sofa-bomonti","status":"publish","type":"product","link":"https:\/\/pinedesign.nl\/de\/product\/sofa-bomonti\/","title":{"rendered":"Sofa Bomonti"},"content":{"rendered":"<h3 data-start=\"114\" data-end=\"169\">Entdecke das Bomonti \u2013 Komfort und Stil auf hohem Niveau<\/h3>\n<p data-start=\"171\" data-end=\"395\">Das <strong data-start=\"174\" data-end=\"185\">Bomonti<\/strong> ist das ideale Sofa f\u00fcr alle, die modernes Design, erstklassigen Sitzkomfort und eine pers\u00f6nliche Note lieben. Mit klaren Linien, einladender Sitzfl\u00e4che und eleganten hohen F\u00fc\u00dfen ist das Bomonti ein echter Blickfang in jedem Interieur. <\/p>\n<p data-start=\"397\" data-end=\"672\"><strong data-start=\"397\" data-end=\"440\">W\u00e4hle deinen Stil \u2013 endlose M\u00f6glichkeiten<\/strong><br data-start=\"440\" data-end=\"443\">Das Bomonti ist in einer <strong data-start=\"474\" data-end=\"515\">gro\u00dfen Auswahl an Stoffen und Farben<\/strong> erh\u00e4ltlich. Ob weicher Samt, robuster Webstoff oder pflegeleichte Option \u2013 wir helfen dir gerne bei der richtigen Wahl. <\/p>\n<p data-start=\"674\" data-end=\"912\"><strong data-start=\"674\" data-end=\"702\">Ma\u00dfarbeit? Kein Problem.<\/strong><br data-start=\"702\" data-end=\"705\">Hast du spezielle W\u00fcnsche? M\u00f6chtest du zum Beispiel die Armlehne etwas breiter oder die Sitzfl\u00e4che etwas tiefer? Wir bieten <strong data-start=\"825\" data-end=\"837\">Ma\u00dfarbeit<\/strong> an, damit das Bomonti perfekt zu deinem Wohnraum und deinen Komfortbed\u00fcrfnissen passt.  <\/p>\n<p data-start=\"914\" data-end=\"950\"><strong data-start=\"914\" data-end=\"948\">Warum das Bomonti w\u00e4hlen?<\/strong><\/p>\n<ul data-start=\"951\" data-end=\"1217\">\n<li data-start=\"951\" data-end=\"1008\">\n<p data-start=\"953\" data-end=\"1008\">Herrlicher Sitzkomfort \u2013 ideal zum langen Entspannen<\/p>\n<\/li>\n<li data-start=\"1009\" data-end=\"1064\">\n<p data-start=\"1011\" data-end=\"1064\">Erh\u00e4ltlich in <strong data-start=\"1024\" data-end=\"1062\">verschiedenen Konfigurationen und Ma\u00dfen<\/strong><\/p>\n<\/li>\n<li data-start=\"1065\" data-end=\"1123\">\n<p data-start=\"1067\" data-end=\"1123\"><strong data-start=\"1067\" data-end=\"1088\">Ma\u00dfarbeit m\u00f6glich<\/strong>, ganz nach deinen W\u00fcnschen<\/p>\n<\/li>\n<li data-start=\"1124\" data-end=\"1169\">\n<p data-start=\"1126\" data-end=\"1169\">Wundersch\u00f6nes Design mit <strong data-start=\"1143\" data-end=\"1167\">hohen, eleganten F\u00fc\u00dfen<\/strong><\/p>\n<\/li>\n<li data-start=\"1170\" data-end=\"1217\">\n<p data-start=\"1172\" data-end=\"1217\">Passt sowohl in moderne als auch zeitlose Interieurs<\/p>\n<\/li>\n<\/ul>\n<p data-start=\"1219\" data-end=\"1413\"><strong data-start=\"1219\" data-end=\"1239\">Komm probesitzen!<\/strong><br data-start=\"1239\" data-end=\"1242\">Erlebe den Komfort des Bomonti selbst. Komm in unserem Gesch\u00e4ft vorbei und lass dich inspirieren. Wir helfen dir gerne dabei, dein ideales Sofa zusammenzustellen.  <\/p>\n","protected":false},"excerpt":{"rendered":"<h3 data-start=\"114\" data-end=\"169\">Entdecke das Bomonti \u2013 Komfort und Stil auf hohem Niveau<\/h3>\n<p data-start=\"171\" data-end=\"395\">Das <strong data-start=\"174\" data-end=\"185\">Bomonti<\/strong> ist das ideale Sofa f\u00fcr alle, die modernes Design, erstklassigen Sitzkomfort und eine pers\u00f6nliche Note lieben. Mit klaren Linien, einladender Sitzfl\u00e4che und eleganten hohen F\u00fc\u00dfen ist das Bomonti ein echter Blickfang in jedem Interieur. <\/p>\n<p data-start=\"397\" data-end=\"672\"><strong data-start=\"397\" data-end=\"440\">W\u00e4hle deinen Stil \u2013 endlose M\u00f6glichkeiten<\/strong><br data-start=\"440\" data-end=\"443\">Das Bomonti ist in einer <strong data-start=\"474\" data-end=\"515\">gro\u00dfen Auswahl an Stoffen und Farben<\/strong> erh\u00e4ltlich. Ob weicher Samt, robuster Webstoff oder pflegeleichte Option \u2013 wir helfen dir gerne bei der richtigen Wahl. <\/p>\n<p data-start=\"674\" data-end=\"912\"><strong data-start=\"674\" data-end=\"702\">Ma\u00dfarbeit? Kein Problem.<\/strong><br data-start=\"702\" data-end=\"705\">Hast du spezielle W\u00fcnsche? M\u00f6chtest du zum Beispiel die Armlehne etwas breiter oder die Sitzfl\u00e4che etwas tiefer? Wir bieten <strong data-start=\"825\" data-end=\"837\">Ma\u00dfarbeit<\/strong> an, damit das Bomonti perfekt zu deinem Wohnraum und deinen Komfortbed\u00fcrfnissen passt.  <\/p>\n<p data-start=\"914\" data-end=\"950\"><strong data-start=\"914\" data-end=\"948\">Warum das Bomonti w\u00e4hlen?<\/strong><\/p>\n<ul data-start=\"951\" data-end=\"1217\">\n<li data-start=\"951\" data-end=\"1008\">\n<p data-start=\"953\" data-end=\"1008\">Herrlicher Sitzkomfort \u2013 ideal zum langen Entspannen<\/p>\n<\/li>\n<li data-start=\"1009\" data-end=\"1064\">\n<p data-start=\"1011\" data-end=\"1064\">Erh\u00e4ltlich in <strong data-start=\"1024\" data-end=\"1062\">verschiedenen Konfigurationen und Ma\u00dfen<\/strong><\/p>\n<\/li>\n<li data-start=\"1065\" data-end=\"1123\">\n<p data-start=\"1067\" data-end=\"1123\"><strong data-start=\"1067\" data-end=\"1088\">Ma\u00dfarbeit m\u00f6glich<\/strong>, ganz nach deinen W\u00fcnschen<\/p>\n<\/li>\n<li data-start=\"1124\" data-end=\"1169\">\n<p data-start=\"1126\" data-end=\"1169\">Wundersch\u00f6nes Design mit <strong data-start=\"1143\" data-end=\"1167\">hohen, eleganten F\u00fc\u00dfen<\/strong><\/p>\n<\/li>\n<li data-start=\"1170\" data-end=\"1217\">\n<p data-start=\"1172\" data-end=\"1217\">Passt sowohl in moderne als auch zeitlose Interieurs<\/p>\n<\/li>\n<\/ul>\n<p data-start=\"1219\" data-end=\"1413\"><strong data-start=\"1219\" data-end=\"1239\">Komm probesitzen!<\/strong><br data-start=\"1239\" data-end=\"1242\">Erlebe den Komfort des Bomonti selbst. Komm in unserem Gesch\u00e4ft vorbei und lass dich inspirieren. Wir helfen dir gerne dabei, dein ideales Sofa zusammenzustellen.  <\/p>\n","protected":false},"featured_media":6687,"template":"","meta":{"_joinchat":[]},"product_brand":[],"product_cat":[124,125,134],"product_tag":[],"class_list":{"0":"post-8054","1":"product","2":"type-product","3":"status-publish","4":"has-post-thumbnail","6":"product_cat-sitzmobel","7":"product_cat-sofa","8":"product_cat-sofas","10":"first","11":"instock","12":"shipping-taxable","13":"product-type-simple"},"_links":{"self":[{"href":"https:\/\/pinedesign.nl\/de\/wp-json\/wp\/v2\/product\/8054","targetHints":{"allow":["GET"]}}],"collection":[{"href":"https:\/\/pinedesign.nl\/de\/wp-json\/wp\/v2\/product"}],"about":[{"href":"https:\/\/pinedesign.nl\/de\/wp-json\/wp\/v2\/types\/product"}],"wp:featuredmedia":[{"embeddable":true,"href":"https:\/\/pinedesign.nl\/de\/wp-json\/wp\/v2\/media\/6687"}],"wp:attachment":[{"href":"https:\/\/pinedesign.nl\/de\/wp-json\/wp\/v2\/media?parent=8054"}],"wp:term":[{"taxonomy":"product_brand","embeddable":true,"href":"https:\/\/pinedesign.nl\/de\/wp-json\/wp\/v2\/product_brand?post=8054"},{"taxonomy":"product_cat","embeddable":true,"href":"https:\/\/pinedesign.nl\/de\/wp-json\/wp\/v2\/product_cat?post=8054"},{"taxonomy":"product_tag","embeddable":true,"href":"https:\/\/pinedesign.nl\/de\/wp-json\/wp\/v2\/product_tag?post=8054"}],"curies":[{"name":"wp","href":"https:\/\/api.w.org\/{rel}","templated":true}]}}