{"id":8053,"date":"2025-06-19T14:42:46","date_gmt":"2025-06-19T14:42:46","guid":{"rendered":"https:\/\/pinedesign.nl\/product\/esszimmerstuhl-lutor\/"},"modified":"2025-06-19T14:42:46","modified_gmt":"2025-06-19T14:42:46","slug":"esszimmerstuhl-lutor","status":"publish","type":"product","link":"https:\/\/pinedesign.nl\/de\/product\/esszimmerstuhl-lutor\/","title":{"rendered":"Esszimmerstuhl Lutor"},"content":{"rendered":"<p data-start=\"152\" data-end=\"350\">Suchst du einen luftigen, bequemen Esszimmerstuhl mit stilvoller Ausstrahlung? Lerne den <strong data-start=\"254\" data-end=\"277\">Esszimmerstuhl Lutor<\/strong> von <strong data-start=\"282\" data-end=\"297\">Castle Line<\/strong> kennen \u2013 wo Design, Komfort und Vielseitigkeit verschmelzen. <\/p>\n<p data-start=\"352\" data-end=\"627\">Der Stuhl Conor ist leicht in der Form, aber robust in der Ausf\u00fchrung. Dank des <strong data-start=\"425\" data-end=\"466\">ergonomischen Designs und der weichen Sitzfl\u00e4che<\/strong> genie\u00dft du stundenlanges Speisen ohne Kompromisse beim Komfort. Die offene R\u00fcckenlehne sorgt f\u00fcr einen luftigen Look und verleiht deinem Interieur einen modernen, eleganten Touch.  <\/p>\n<p data-start=\"629\" data-end=\"679\"><strong data-start=\"629\" data-end=\"679\">Lutor l\u00e4sst sich ganz nach deinem Geschmack zusammenstellen:<\/strong><\/p>\n<ul data-start=\"680\" data-end=\"782\">\n<li data-start=\"680\" data-end=\"722\">\n<p data-start=\"682\" data-end=\"722\"><strong data-start=\"682\" data-end=\"698\">Beinfarben:<\/strong> Schwarz oder Naturholz<\/p>\n<\/li>\n<li data-start=\"723\" data-end=\"782\">\n<p data-start=\"725\" data-end=\"782\"><strong data-start=\"725\" data-end=\"739\">Bezug:<\/strong> In verschiedenen stilvollen Stoffen erh\u00e4ltlich<\/p>\n<\/li>\n<\/ul>\n<p data-start=\"784\" data-end=\"979\">Ob skandinavisches, modernes oder minimalistisches Interieur \u2013 Lutor <strong data-start=\"859\" data-end=\"880\">passt immer<\/strong>. Dieser Stuhl kombiniert m\u00fchelos Komfort mit Klasse und ist eine zeitlose Erg\u00e4nzung f\u00fcr deinen Essbereich. <\/p>\n","protected":false},"excerpt":{"rendered":"<p data-start=\"152\" data-end=\"350\">Suchst du einen luftigen, bequemen Esszimmerstuhl mit stilvoller Ausstrahlung? Lerne den <strong data-start=\"254\" data-end=\"277\">Esszimmerstuhl Lutor<\/strong> von <strong data-start=\"282\" data-end=\"297\">Castle Line<\/strong> kennen \u2013 wo Design, Komfort und Vielseitigkeit verschmelzen. <\/p>\n<p data-start=\"352\" data-end=\"627\">Der Stuhl Conor ist leicht in der Form, aber robust in der Ausf\u00fchrung. Dank des <strong data-start=\"425\" data-end=\"466\">ergonomischen Designs und der weichen Sitzfl\u00e4che<\/strong> genie\u00dft du stundenlanges Speisen ohne Kompromisse beim Komfort. Die offene R\u00fcckenlehne sorgt f\u00fcr einen luftigen Look und verleiht deinem Interieur einen modernen, eleganten Touch.  <\/p>\n<p data-start=\"629\" data-end=\"679\"><strong data-start=\"629\" data-end=\"679\">Lutor l\u00e4sst sich ganz nach deinem Geschmack zusammenstellen:<\/strong><\/p>\n<ul data-start=\"680\" data-end=\"782\">\n<li data-start=\"680\" data-end=\"722\">\n<p data-start=\"682\" data-end=\"722\"><strong data-start=\"682\" data-end=\"698\">Beinfarben:<\/strong> Schwarz oder Naturholz<\/p>\n<\/li>\n<li data-start=\"723\" data-end=\"782\">\n<p data-start=\"725\" data-end=\"782\"><strong data-start=\"725\" data-end=\"739\">Bezug:<\/strong> In verschiedenen stilvollen Stoffen erh\u00e4ltlich<\/p>\n<\/li>\n<\/ul>\n<p data-start=\"784\" data-end=\"979\">Ob skandinavisches, modernes oder minimalistisches Interieur \u2013 Lutor <strong data-start=\"859\" data-end=\"880\">passt immer<\/strong>. Dieser Stuhl kombiniert m\u00fchelos Komfort mit Klasse und ist eine zeitlose Erg\u00e4nzung f\u00fcr deinen Essbereich. <\/p>\n","protected":false},"featured_media":6642,"template":"","meta":{"_joinchat":[]},"product_brand":[],"product_cat":[128,124],"product_tag":[],"class_list":{"0":"post-8053","1":"product","2":"type-product","3":"status-publish","4":"has-post-thumbnail","6":"product_cat-esszimmerstuhle","7":"product_cat-sitzmobel","9":"first","10":"instock","11":"shipping-taxable","12":"product-type-simple"},"_links":{"self":[{"href":"https:\/\/pinedesign.nl\/de\/wp-json\/wp\/v2\/product\/8053","targetHints":{"allow":["GET"]}}],"collection":[{"href":"https:\/\/pinedesign.nl\/de\/wp-json\/wp\/v2\/product"}],"about":[{"href":"https:\/\/pinedesign.nl\/de\/wp-json\/wp\/v2\/types\/product"}],"wp:featuredmedia":[{"embeddable":true,"href":"https:\/\/pinedesign.nl\/de\/wp-json\/wp\/v2\/media\/6642"}],"wp:attachment":[{"href":"https:\/\/pinedesign.nl\/de\/wp-json\/wp\/v2\/media?parent=8053"}],"wp:term":[{"taxonomy":"product_brand","embeddable":true,"href":"https:\/\/pinedesign.nl\/de\/wp-json\/wp\/v2\/product_brand?post=8053"},{"taxonomy":"product_cat","embeddable":true,"href":"https:\/\/pinedesign.nl\/de\/wp-json\/wp\/v2\/product_cat?post=8053"},{"taxonomy":"product_tag","embeddable":true,"href":"https:\/\/pinedesign.nl\/de\/wp-json\/wp\/v2\/product_tag?post=8053"}],"curies":[{"name":"wp","href":"https:\/\/api.w.org\/{rel}","templated":true}]}}