{"id":8046,"date":"2025-06-23T15:17:57","date_gmt":"2025-06-23T15:17:57","guid":{"rendered":"https:\/\/pinedesign.nl\/product\/sessel-royal\/"},"modified":"2025-06-23T15:17:57","modified_gmt":"2025-06-23T15:17:57","slug":"sessel-royal","status":"publish","type":"product","link":"https:\/\/pinedesign.nl\/de\/product\/sessel-royal\/","title":{"rendered":"Sessel Royal"},"content":{"rendered":"<p data-start=\"182\" data-end=\"402\">Entdecke die perfekte Kombination aus Stil und Komfort mit dem <strong data-start=\"240\" data-end=\"258\">Sessel Royal<\/strong> von <strong data-start=\"263\" data-end=\"276\">HE Design<\/strong>. Dieser Drehsessel verleiht jedem Interieur einen Hauch von Luxus dank seines raffinierten Designs und der hochwertigen Verarbeitung. <\/p>\n<p data-start=\"404\" data-end=\"647\">Ob du dich f\u00fcr einen weichen Stoff oder eine charaktervolle Lederart entscheidest: Der Royal l\u00e4sst sich ganz nach deinen W\u00fcnschen zusammenstellen. Mit einer gro\u00dfen Auswahl an Materialien und Farben gestaltest du m\u00fchelos einen Sessel, der perfekt zu deinem Wohnstil passt. <\/p>\n<p data-start=\"649\" data-end=\"683\"><strong data-start=\"649\" data-end=\"683\">Einzigartige Merkmale des Royal:<\/strong><\/p>\n<ul data-start=\"684\" data-end=\"920\">\n<li data-start=\"684\" data-end=\"738\">\n<p data-start=\"686\" data-end=\"738\">Komfortabler Drehsessel mit moderner Ausstrahlung<\/p>\n<\/li>\n<li data-start=\"739\" data-end=\"803\">\n<p data-start=\"741\" data-end=\"803\">Erh\u00e4ltlich in einer riesigen Auswahl an Stoffen und Lederarten<\/p>\n<\/li>\n<li data-start=\"804\" data-end=\"867\">\n<p data-start=\"806\" data-end=\"867\">Verschiedene Fu\u00dffarben f\u00fcr eine pers\u00f6nliche Note verf\u00fcgbar<\/p>\n<\/li>\n<\/ul>\n<p data-start=\"922\" data-end=\"1037\">Der Royal ist nicht einfach nur ein Sessel, er ist ein Statement. Nimm Platz, entspann dich und genie\u00dfe Design vom Feinsten. <\/p>\n<p data-start=\"1039\" data-end=\"1116\"><strong data-start=\"1039\" data-end=\"1116\">Komm zum Probesitzen in unser Gesch\u00e4ft und stell deinen Royal so zusammen, wie du es m\u00f6chtest.<\/strong><\/p>\n","protected":false},"excerpt":{"rendered":"<p data-start=\"182\" data-end=\"402\">Entdecke die perfekte Kombination aus Stil und Komfort mit dem <strong data-start=\"240\" data-end=\"258\">Sessel Royal<\/strong> von <strong data-start=\"263\" data-end=\"276\">HE Design<\/strong>. Dieser Drehsessel verleiht jedem Interieur einen Hauch von Luxus dank seines raffinierten Designs und der hochwertigen Verarbeitung. <\/p>\n<p data-start=\"404\" data-end=\"647\">Ob du dich f\u00fcr einen weichen Stoff oder eine charaktervolle Lederart entscheidest: Der Royal l\u00e4sst sich ganz nach deinen W\u00fcnschen zusammenstellen. Mit einer gro\u00dfen Auswahl an Materialien und Farben gestaltest du m\u00fchelos einen Sessel, der perfekt zu deinem Wohnstil passt. <\/p>\n<p data-start=\"649\" data-end=\"683\"><strong data-start=\"649\" data-end=\"683\">Einzigartige Merkmale des Royal:<\/strong><\/p>\n<ul data-start=\"684\" data-end=\"920\">\n<li data-start=\"684\" data-end=\"738\">\n<p data-start=\"686\" data-end=\"738\">Komfortabler Drehsessel mit moderner Ausstrahlung<\/p>\n<\/li>\n<li data-start=\"739\" data-end=\"803\">\n<p data-start=\"741\" data-end=\"803\">Erh\u00e4ltlich in einer riesigen Auswahl an Stoffen und Lederarten<\/p>\n<\/li>\n<li data-start=\"804\" data-end=\"867\">\n<p data-start=\"806\" data-end=\"867\">Verschiedene Fu\u00dffarben f\u00fcr eine pers\u00f6nliche Note verf\u00fcgbar<\/p>\n<\/li>\n<\/ul>\n<p data-start=\"922\" data-end=\"1037\">Der Royal ist nicht einfach nur ein Sessel, er ist ein Statement. Nimm Platz, entspann dich und genie\u00dfe Design vom Feinsten. <\/p>\n<p data-start=\"1039\" data-end=\"1116\"><strong data-start=\"1039\" data-end=\"1116\">Komm zum Probesitzen in unser Gesch\u00e4ft und stell deinen Royal so zusammen, wie du es m\u00f6chtest.<\/strong><\/p>\n","protected":false},"featured_media":6665,"template":"","meta":{"_joinchat":[]},"product_brand":[],"product_cat":[143,136,130,124],"product_tag":[],"class_list":{"0":"post-8046","1":"product","2":"type-product","3":"status-publish","4":"has-post-thumbnail","6":"product_cat-he-design","7":"product_cat-marken","8":"product_cat-sessel","9":"product_cat-sitzmobel","11":"first","12":"instock","13":"shipping-taxable","14":"product-type-simple"},"_links":{"self":[{"href":"https:\/\/pinedesign.nl\/de\/wp-json\/wp\/v2\/product\/8046","targetHints":{"allow":["GET"]}}],"collection":[{"href":"https:\/\/pinedesign.nl\/de\/wp-json\/wp\/v2\/product"}],"about":[{"href":"https:\/\/pinedesign.nl\/de\/wp-json\/wp\/v2\/types\/product"}],"wp:featuredmedia":[{"embeddable":true,"href":"https:\/\/pinedesign.nl\/de\/wp-json\/wp\/v2\/media\/6665"}],"wp:attachment":[{"href":"https:\/\/pinedesign.nl\/de\/wp-json\/wp\/v2\/media?parent=8046"}],"wp:term":[{"taxonomy":"product_brand","embeddable":true,"href":"https:\/\/pinedesign.nl\/de\/wp-json\/wp\/v2\/product_brand?post=8046"},{"taxonomy":"product_cat","embeddable":true,"href":"https:\/\/pinedesign.nl\/de\/wp-json\/wp\/v2\/product_cat?post=8046"},{"taxonomy":"product_tag","embeddable":true,"href":"https:\/\/pinedesign.nl\/de\/wp-json\/wp\/v2\/product_tag?post=8046"}],"curies":[{"name":"wp","href":"https:\/\/api.w.org\/{rel}","templated":true}]}}