{"id":8045,"date":"2025-06-19T14:26:47","date_gmt":"2025-06-19T14:26:47","guid":{"rendered":"https:\/\/pinedesign.nl\/product\/couchtisch-rico\/"},"modified":"2025-06-19T14:26:47","modified_gmt":"2025-06-19T14:26:47","slug":"couchtisch-rico","status":"publish","type":"product","link":"https:\/\/pinedesign.nl\/de\/product\/couchtisch-rico\/","title":{"rendered":"Couchtisch Rico"},"content":{"rendered":"<p data-start=\"124\" data-end=\"400\">Geradlinig, stilvoll und zeitlos \u2013 <strong data-start=\"154\" data-end=\"173\">Couchtisch Rico<\/strong> der Marke <strong data-start=\"187\" data-end=\"199\">Eleonora<\/strong> verleiht jedem Interieur m\u00fchelos Klasse. Die elegante <strong data-start=\"260\" data-end=\"277\">Marmorplatte<\/strong> kombiniert mit dem robusten <strong data-start=\"308\" data-end=\"332\">schwarzen Metallgestell<\/strong> sorgt f\u00fcr einen luxuri\u00f6sen, modernen Look mit industriellem Twist. <\/p>\n<p data-start=\"402\" data-end=\"541\">Der Rico Couchtisch ist in zwei Gr\u00f6\u00dfen erh\u00e4ltlich \u2013 perfekt als Einzelst\u00fcck oder spielerisch kombiniert f\u00fcr einen Layering-Effekt.<\/p>\n<p data-start=\"543\" data-end=\"565\"><strong data-start=\"543\" data-end=\"565\">Verf\u00fcgbare Ma\u00dfe:<\/strong><\/p>\n<ul data-start=\"566\" data-end=\"604\">\n<li data-start=\"566\" data-end=\"585\">\n<p data-start=\"568\" data-end=\"585\">98 x 98 x 32 cm<\/p>\n<\/li>\n<li data-start=\"586\" data-end=\"604\">\n<p data-start=\"588\" data-end=\"604\">120 x 45 x 32 cm<\/p>\n<\/li>\n<\/ul>\n<p data-start=\"606\" data-end=\"623\"><strong data-start=\"606\" data-end=\"621\">Materialien:<\/strong><\/p>\n<ul data-start=\"624\" data-end=\"680\">\n<li data-start=\"624\" data-end=\"654\">\n<p data-start=\"626\" data-end=\"654\">Platte: Naturstein (Marmor)<\/p>\n<\/li>\n<li data-start=\"655\" data-end=\"680\">\n<p data-start=\"657\" data-end=\"680\">Gestell: Schwarzes Metall<\/p>\n<\/li>\n<\/ul>\n<p data-start=\"682\" data-end=\"861\">Mit seinem raffinierten Design und den hochwertigen Materialien ist der Rico Couchtisch ein echter Blickfang \u2013 die ideale Mischung aus Funktionalit\u00e4t und Design f\u00fcr Liebhaber von zeitgem\u00e4\u00dfem Luxus.<\/p>\n","protected":false},"excerpt":{"rendered":"<p data-start=\"124\" data-end=\"400\">Geradlinig, stilvoll und zeitlos \u2013 <strong data-start=\"154\" data-end=\"173\">Couchtisch Rico<\/strong> der Marke <strong data-start=\"187\" data-end=\"199\">Eleonora<\/strong> verleiht jedem Interieur m\u00fchelos Klasse. Die elegante <strong data-start=\"260\" data-end=\"277\">Marmorplatte<\/strong> kombiniert mit dem robusten <strong data-start=\"308\" data-end=\"332\">schwarzen Metallgestell<\/strong> sorgt f\u00fcr einen luxuri\u00f6sen, modernen Look mit industriellem Twist. <\/p>\n<p data-start=\"402\" data-end=\"541\">Der Rico Couchtisch ist in zwei Gr\u00f6\u00dfen erh\u00e4ltlich \u2013 perfekt als Einzelst\u00fcck oder spielerisch kombiniert f\u00fcr einen Layering-Effekt.<\/p>\n<p data-start=\"543\" data-end=\"565\"><strong data-start=\"543\" data-end=\"565\">Verf\u00fcgbare Ma\u00dfe:<\/strong><\/p>\n<ul data-start=\"566\" data-end=\"604\">\n<li data-start=\"566\" data-end=\"585\">\n<p data-start=\"568\" data-end=\"585\">98 x 98 x 32 cm<\/p>\n<\/li>\n<li data-start=\"586\" data-end=\"604\">\n<p data-start=\"588\" data-end=\"604\">120 x 45 x 32 cm<\/p>\n<\/li>\n<\/ul>\n<p data-start=\"606\" data-end=\"623\"><strong data-start=\"606\" data-end=\"621\">Materialien:<\/strong><\/p>\n<ul data-start=\"624\" data-end=\"680\">\n<li data-start=\"624\" data-end=\"654\">\n<p data-start=\"626\" data-end=\"654\">Platte: Naturstein (Marmor)<\/p>\n<\/li>\n<li data-start=\"655\" data-end=\"680\">\n<p data-start=\"657\" data-end=\"680\">Gestell: Schwarzes Metall<\/p>\n<\/li>\n<\/ul>\n<p data-start=\"682\" data-end=\"861\">Mit seinem raffinierten Design und den hochwertigen Materialien ist der Rico Couchtisch ein echter Blickfang \u2013 die ideale Mischung aus Funktionalit\u00e4t und Design f\u00fcr Liebhaber von zeitgem\u00e4\u00dfem Luxus.<\/p>\n","protected":false},"featured_media":6623,"template":"","meta":{"_joinchat":[]},"product_brand":[],"product_cat":[135,151,136,121,107],"product_tag":[],"class_list":{"0":"post-8045","1":"product","2":"type-product","3":"status-publish","4":"has-post-thumbnail","6":"product_cat-couchtische","7":"product_cat-eleonora","8":"product_cat-marken","9":"product_cat-tische","10":"product_cat-nicht-kategorisiert","12":"first","13":"instock","14":"shipping-taxable","15":"product-type-simple"},"_links":{"self":[{"href":"https:\/\/pinedesign.nl\/de\/wp-json\/wp\/v2\/product\/8045","targetHints":{"allow":["GET"]}}],"collection":[{"href":"https:\/\/pinedesign.nl\/de\/wp-json\/wp\/v2\/product"}],"about":[{"href":"https:\/\/pinedesign.nl\/de\/wp-json\/wp\/v2\/types\/product"}],"wp:featuredmedia":[{"embeddable":true,"href":"https:\/\/pinedesign.nl\/de\/wp-json\/wp\/v2\/media\/6623"}],"wp:attachment":[{"href":"https:\/\/pinedesign.nl\/de\/wp-json\/wp\/v2\/media?parent=8045"}],"wp:term":[{"taxonomy":"product_brand","embeddable":true,"href":"https:\/\/pinedesign.nl\/de\/wp-json\/wp\/v2\/product_brand?post=8045"},{"taxonomy":"product_cat","embeddable":true,"href":"https:\/\/pinedesign.nl\/de\/wp-json\/wp\/v2\/product_cat?post=8045"},{"taxonomy":"product_tag","embeddable":true,"href":"https:\/\/pinedesign.nl\/de\/wp-json\/wp\/v2\/product_tag?post=8045"}],"curies":[{"name":"wp","href":"https:\/\/api.w.org\/{rel}","templated":true}]}}