{"id":8039,"date":"2025-06-19T14:07:50","date_gmt":"2025-06-19T14:07:50","guid":{"rendered":"https:\/\/pinedesign.nl\/product\/couchtisch-kabo\/"},"modified":"2025-06-19T14:07:50","modified_gmt":"2025-06-19T14:07:50","slug":"couchtisch-kabo","status":"publish","type":"product","link":"https:\/\/pinedesign.nl\/de\/product\/couchtisch-kabo\/","title":{"rendered":"Couchtisch Kabo"},"content":{"rendered":"<p data-start=\"137\" data-end=\"460\">Setze ein organisches und stilvolles Statement in deinem Interieur mit dem <strong data-start=\"199\" data-end=\"218\">Couchtisch Kabo<\/strong> von ByBoo. Dieser einzigartige Designtisch besticht durch seine abgerundeten Formen und seine nat\u00fcrliche Ausstrahlung. Gefertigt aus nachhaltigem <strong data-start=\"339\" data-end=\"360\">Mangoholz<\/strong>, strahlt der Kabo W\u00e4rme und Charakter aus \u2013 perfekt f\u00fcr ein modernes, skandinavisches oder Boho-Interieur.  <\/p>\n<p data-start=\"462\" data-end=\"718\">Der Kabo ist nicht nur sch\u00f6n anzusehen, sondern auch funktional: Die <strong data-start=\"528\" data-end=\"569\">obere Platte ist um 360 Grad drehbar<\/strong>, sodass du die Anordnung ganz einfach an deinen Raum und deine W\u00fcnsche anpassen kannst. Ideal f\u00fcr gem\u00fctliche Abende oder wenn du mal etwas mehr Platz brauchst. <\/p>\n<p data-start=\"720\" data-end=\"753\"><strong data-start=\"720\" data-end=\"753\">Erh\u00e4ltlich in zwei Farben:<\/strong><\/p>\n<ul data-start=\"754\" data-end=\"782\">\n<li data-start=\"754\" data-end=\"765\">\n<p data-start=\"756\" data-end=\"765\"><strong data-start=\"756\" data-end=\"765\">Braun<\/strong><\/p>\n<\/li>\n<li data-start=\"766\" data-end=\"782\">\n<p data-start=\"768\" data-end=\"782\"><strong data-start=\"768\" data-end=\"782\">Hellbraun<\/strong><\/p>\n<\/li>\n<\/ul>\n<p data-start=\"784\" data-end=\"851\"><strong data-start=\"784\" data-end=\"799\">Ma\u00dfe:<\/strong> 100 x 80 x 27 cm<br data-start=\"816\" data-end=\"819\"><strong data-start=\"819\" data-end=\"833\">Material:<\/strong> Mangoholz<\/p>\n<p data-start=\"853\" data-end=\"971\">Mach deine Sitzecke zum Eyecatcher mit dem Kabo Couchtisch \u2013 eine Kombination aus Form, Funktion und nat\u00fcrlicher Eleganz.<\/p>\n","protected":false},"excerpt":{"rendered":"<p data-start=\"137\" data-end=\"460\">Setze ein organisches und stilvolles Statement in deinem Interieur mit dem <strong data-start=\"199\" data-end=\"218\">Couchtisch Kabo<\/strong> von ByBoo. Dieser einzigartige Designtisch besticht durch seine abgerundeten Formen und seine nat\u00fcrliche Ausstrahlung. Gefertigt aus nachhaltigem <strong data-start=\"339\" data-end=\"360\">Mangoholz<\/strong>, strahlt der Kabo W\u00e4rme und Charakter aus \u2013 perfekt f\u00fcr ein modernes, skandinavisches oder Boho-Interieur.  <\/p>\n<p data-start=\"462\" data-end=\"718\">Der Kabo ist nicht nur sch\u00f6n anzusehen, sondern auch funktional: Die <strong data-start=\"528\" data-end=\"569\">obere Platte ist um 360 Grad drehbar<\/strong>, sodass du die Anordnung ganz einfach an deinen Raum und deine W\u00fcnsche anpassen kannst. Ideal f\u00fcr gem\u00fctliche Abende oder wenn du mal etwas mehr Platz brauchst. <\/p>\n<p data-start=\"720\" data-end=\"753\"><strong data-start=\"720\" data-end=\"753\">Erh\u00e4ltlich in zwei Farben:<\/strong><\/p>\n<ul data-start=\"754\" data-end=\"782\">\n<li data-start=\"754\" data-end=\"765\">\n<p data-start=\"756\" data-end=\"765\"><strong data-start=\"756\" data-end=\"765\">Braun<\/strong><\/p>\n<\/li>\n<li data-start=\"766\" data-end=\"782\">\n<p data-start=\"768\" data-end=\"782\"><strong data-start=\"768\" data-end=\"782\">Hellbraun<\/strong><\/p>\n<\/li>\n<\/ul>\n<p data-start=\"784\" data-end=\"851\"><strong data-start=\"784\" data-end=\"799\">Ma\u00dfe:<\/strong> 100 x 80 x 27 cm<br data-start=\"816\" data-end=\"819\"><strong data-start=\"819\" data-end=\"833\">Material:<\/strong> Mangoholz<\/p>\n<p data-start=\"853\" data-end=\"971\">Mach deine Sitzecke zum Eyecatcher mit dem Kabo Couchtisch \u2013 eine Kombination aus Form, Funktion und nat\u00fcrlicher Eleganz.<\/p>\n","protected":false},"featured_media":6620,"template":"","meta":{"_joinchat":[]},"product_brand":[],"product_cat":[153,135,136,121],"product_tag":[],"class_list":{"0":"post-8039","1":"product","2":"type-product","3":"status-publish","4":"has-post-thumbnail","6":"product_cat-by-boo","7":"product_cat-couchtische","8":"product_cat-marken","9":"product_cat-tische","11":"first","12":"instock","13":"shipping-taxable","14":"product-type-simple"},"_links":{"self":[{"href":"https:\/\/pinedesign.nl\/de\/wp-json\/wp\/v2\/product\/8039","targetHints":{"allow":["GET"]}}],"collection":[{"href":"https:\/\/pinedesign.nl\/de\/wp-json\/wp\/v2\/product"}],"about":[{"href":"https:\/\/pinedesign.nl\/de\/wp-json\/wp\/v2\/types\/product"}],"wp:featuredmedia":[{"embeddable":true,"href":"https:\/\/pinedesign.nl\/de\/wp-json\/wp\/v2\/media\/6620"}],"wp:attachment":[{"href":"https:\/\/pinedesign.nl\/de\/wp-json\/wp\/v2\/media?parent=8039"}],"wp:term":[{"taxonomy":"product_brand","embeddable":true,"href":"https:\/\/pinedesign.nl\/de\/wp-json\/wp\/v2\/product_brand?post=8039"},{"taxonomy":"product_cat","embeddable":true,"href":"https:\/\/pinedesign.nl\/de\/wp-json\/wp\/v2\/product_cat?post=8039"},{"taxonomy":"product_tag","embeddable":true,"href":"https:\/\/pinedesign.nl\/de\/wp-json\/wp\/v2\/product_tag?post=8039"}],"curies":[{"name":"wp","href":"https:\/\/api.w.org\/{rel}","templated":true}]}}