{"id":8033,"date":"2025-06-20T09:50:22","date_gmt":"2025-06-20T09:50:22","guid":{"rendered":"https:\/\/pinedesign.nl\/product\/sessel-puffer\/"},"modified":"2025-06-20T09:50:22","modified_gmt":"2025-06-20T09:50:22","slug":"sessel-puffer","status":"publish","type":"product","link":"https:\/\/pinedesign.nl\/de\/product\/sessel-puffer\/","title":{"rendered":"Sessel Puffer"},"content":{"rendered":"<p data-start=\"146\" data-end=\"390\">Lerne den <strong data-start=\"165\" data-end=\"184\">Puffer Sessel<\/strong> von <strong data-start=\"189\" data-end=\"204\">Jess Design<\/strong> kennen \u2013 eine stilvolle Hommage an die ikonische Pufferjacke aus der Modewelt. Genau wie sein gro\u00dfer Bruder, das Puffer Sofa, steht dieser Sessel f\u00fcr ultimativen Komfort in einem gewagten Design. <\/p>\n<p data-start=\"392\" data-end=\"666\">Die gesteppten Formen und der weiche Bezug sorgen f\u00fcr eine warme, einladende Ausstrahlung, w\u00e4hrend das luftige Design und das raffinierte Gestell das Ganze leicht und elegant halten. Perfekt als Solit\u00e4r-Statement in deiner Einrichtung oder als stilvolle Erg\u00e4nzung zum Puffer Sofa. <\/p>\n<p data-start=\"668\" data-end=\"682\"><strong data-start=\"668\" data-end=\"682\">Merkmale:<\/strong><\/p>\n<ul data-start=\"683\" data-end=\"851\">\n<li data-start=\"683\" data-end=\"709\">\n<p data-start=\"685\" data-end=\"709\">Kompakt und komfortabel<\/p>\n<\/li>\n<li data-start=\"710\" data-end=\"760\">\n<p data-start=\"712\" data-end=\"760\">In verschiedenen Stoffen und Lederarten erh\u00e4ltlich<\/p>\n<\/li>\n<li data-start=\"761\" data-end=\"807\">\n<p data-start=\"763\" data-end=\"807\">Charaktervolles Design mit modischer Inspiration<\/p>\n<\/li>\n<li data-start=\"808\" data-end=\"851\">\n<p data-start=\"810\" data-end=\"851\">Entworfen und gefertigt von Jess Design<\/p>\n<\/li>\n<\/ul>\n<p data-start=\"853\" data-end=\"979\">Der Puffer Sessel ist mehr als nur ein bequemer Sitzplatz \u2013 er ist ein Designobjekt, das deiner Einrichtung das gewisse Etwas verleiht.<\/p>\n","protected":false},"excerpt":{"rendered":"<p data-start=\"146\" data-end=\"390\">Lerne den <strong data-start=\"165\" data-end=\"184\">Puffer Sessel<\/strong> von <strong data-start=\"189\" data-end=\"204\">Jess Design<\/strong> kennen \u2013 eine stilvolle Hommage an die ikonische Pufferjacke aus der Modewelt. Genau wie sein gro\u00dfer Bruder, das Puffer Sofa, steht dieser Sessel f\u00fcr ultimativen Komfort in einem gewagten Design. <\/p>\n<p data-start=\"392\" data-end=\"666\">Die gesteppten Formen und der weiche Bezug sorgen f\u00fcr eine warme, einladende Ausstrahlung, w\u00e4hrend das luftige Design und das raffinierte Gestell das Ganze leicht und elegant halten. Perfekt als Solit\u00e4r-Statement in deiner Einrichtung oder als stilvolle Erg\u00e4nzung zum Puffer Sofa. <\/p>\n<p data-start=\"668\" data-end=\"682\"><strong data-start=\"668\" data-end=\"682\">Merkmale:<\/strong><\/p>\n<ul data-start=\"683\" data-end=\"851\">\n<li data-start=\"683\" data-end=\"709\">\n<p data-start=\"685\" data-end=\"709\">Kompakt und komfortabel<\/p>\n<\/li>\n<li data-start=\"710\" data-end=\"760\">\n<p data-start=\"712\" data-end=\"760\">In verschiedenen Stoffen und Lederarten erh\u00e4ltlich<\/p>\n<\/li>\n<li data-start=\"761\" data-end=\"807\">\n<p data-start=\"763\" data-end=\"807\">Charaktervolles Design mit modischer Inspiration<\/p>\n<\/li>\n<li data-start=\"808\" data-end=\"851\">\n<p data-start=\"810\" data-end=\"851\">Entworfen und gefertigt von Jess Design<\/p>\n<\/li>\n<\/ul>\n<p data-start=\"853\" data-end=\"979\">Der Puffer Sessel ist mehr als nur ein bequemer Sitzplatz \u2013 er ist ein Designobjekt, das deiner Einrichtung das gewisse Etwas verleiht.<\/p>\n","protected":false},"featured_media":6637,"template":"","meta":{"_joinchat":[]},"product_brand":[],"product_cat":[154,136,130,124],"product_tag":[],"class_list":{"0":"post-8033","1":"product","2":"type-product","3":"status-publish","4":"has-post-thumbnail","6":"product_cat-jess-design","7":"product_cat-marken","8":"product_cat-sessel","9":"product_cat-sitzmobel","11":"first","12":"instock","13":"shipping-taxable","14":"product-type-simple"},"_links":{"self":[{"href":"https:\/\/pinedesign.nl\/de\/wp-json\/wp\/v2\/product\/8033","targetHints":{"allow":["GET"]}}],"collection":[{"href":"https:\/\/pinedesign.nl\/de\/wp-json\/wp\/v2\/product"}],"about":[{"href":"https:\/\/pinedesign.nl\/de\/wp-json\/wp\/v2\/types\/product"}],"wp:featuredmedia":[{"embeddable":true,"href":"https:\/\/pinedesign.nl\/de\/wp-json\/wp\/v2\/media\/6637"}],"wp:attachment":[{"href":"https:\/\/pinedesign.nl\/de\/wp-json\/wp\/v2\/media?parent=8033"}],"wp:term":[{"taxonomy":"product_brand","embeddable":true,"href":"https:\/\/pinedesign.nl\/de\/wp-json\/wp\/v2\/product_brand?post=8033"},{"taxonomy":"product_cat","embeddable":true,"href":"https:\/\/pinedesign.nl\/de\/wp-json\/wp\/v2\/product_cat?post=8033"},{"taxonomy":"product_tag","embeddable":true,"href":"https:\/\/pinedesign.nl\/de\/wp-json\/wp\/v2\/product_tag?post=8033"}],"curies":[{"name":"wp","href":"https:\/\/api.w.org\/{rel}","templated":true}]}}