{"id":8022,"date":"2025-06-12T11:37:33","date_gmt":"2025-06-12T11:37:33","guid":{"rendered":"https:\/\/pinedesign.nl\/product\/esszimmerstuhl-kobe-ohne-armlehnen\/"},"modified":"2025-06-12T11:37:33","modified_gmt":"2025-06-12T11:37:33","slug":"esszimmerstuhl-kobe-ohne-armlehnen","status":"publish","type":"product","link":"https:\/\/pinedesign.nl\/de\/product\/esszimmerstuhl-kobe-ohne-armlehnen\/","title":{"rendered":"Esszimmerstuhl Kobe ohne Armlehnen"},"content":{"rendered":"<p data-start=\"692\" data-end=\"1046\">Der Kobe Esszimmerstuhl von Dyyk ohne Armlehne ist die perfekte Mischung aus Stil und Funktionalit\u00e4t. Dieser schlanke, leichte Stuhl bietet \u00fcberraschend viel Komfort und ist ideal f\u00fcr alle, die ein klares und luftiges Interieur lieben. Dank seiner schmalen Form l\u00e4sst er sich leicht an den Tisch schieben, und mit der Auswahl an verschiedenen Stoffen verleihst du deinem Essbereich eine pers\u00f6nliche Note.  <\/p>\n","protected":false},"excerpt":{"rendered":"<p>Der Kobe Esszimmerstuhl von Dyyk ohne Armlehne ist die perfekte Mischung aus Stil und Funktionalit\u00e4t. Dieser schlanke, leichte Stuhl bietet \u00fcberraschend viel Komfort und ist ideal f\u00fcr alle, die ein klares und luftiges Interieur lieben. Dank seiner schmalen Form l\u00e4sst er sich leicht an den Tisch schieben, und mit der Auswahl an verschiedenen Stoffen verleihst du deinem Essbereich eine pers\u00f6nliche Note.  <\/p>\n","protected":false},"featured_media":6428,"template":"","meta":{"_joinchat":[]},"product_brand":[],"product_cat":[137,128,136,124],"product_tag":[],"class_list":{"0":"post-8022","1":"product","2":"type-product","3":"status-publish","4":"has-post-thumbnail","6":"product_cat-dyyk","7":"product_cat-esszimmerstuhle","8":"product_cat-marken","9":"product_cat-sitzmobel","11":"first","12":"instock","13":"shipping-taxable","14":"product-type-simple"},"_links":{"self":[{"href":"https:\/\/pinedesign.nl\/de\/wp-json\/wp\/v2\/product\/8022","targetHints":{"allow":["GET"]}}],"collection":[{"href":"https:\/\/pinedesign.nl\/de\/wp-json\/wp\/v2\/product"}],"about":[{"href":"https:\/\/pinedesign.nl\/de\/wp-json\/wp\/v2\/types\/product"}],"wp:featuredmedia":[{"embeddable":true,"href":"https:\/\/pinedesign.nl\/de\/wp-json\/wp\/v2\/media\/6428"}],"wp:attachment":[{"href":"https:\/\/pinedesign.nl\/de\/wp-json\/wp\/v2\/media?parent=8022"}],"wp:term":[{"taxonomy":"product_brand","embeddable":true,"href":"https:\/\/pinedesign.nl\/de\/wp-json\/wp\/v2\/product_brand?post=8022"},{"taxonomy":"product_cat","embeddable":true,"href":"https:\/\/pinedesign.nl\/de\/wp-json\/wp\/v2\/product_cat?post=8022"},{"taxonomy":"product_tag","embeddable":true,"href":"https:\/\/pinedesign.nl\/de\/wp-json\/wp\/v2\/product_tag?post=8022"}],"curies":[{"name":"wp","href":"https:\/\/api.w.org\/{rel}","templated":true}]}}