{"id":8021,"date":"2025-06-19T15:21:21","date_gmt":"2025-06-19T15:21:21","guid":{"rendered":"https:\/\/pinedesign.nl\/product\/sofa-puffer\/"},"modified":"2025-06-19T15:21:21","modified_gmt":"2025-06-19T15:21:21","slug":"sofa-puffer","status":"publish","type":"product","link":"https:\/\/pinedesign.nl\/de\/product\/sofa-puffer\/","title":{"rendered":"Sofa Puffer"},"content":{"rendered":"<p data-start=\"130\" data-end=\"394\"><strong data-start=\"130\" data-end=\"180\">Robust, stilvoll und unwiderstehlich bequem<\/strong> \u2013 das ist das <strong data-start=\"193\" data-end=\"203\">Puffer<\/strong> von <strong data-start=\"208\" data-end=\"223\">Jess Design<\/strong>. Inspiriert von der ikonischen <strong data-start=\"256\" data-end=\"269\">Pufferjacke<\/strong> aus der Modewelt, \u00fcbertr\u00e4gt dieses Sofa das Gef\u00fchl von Leichtigkeit und wohliger W\u00e4rme auf ein elegantes und modernes Sitzm\u00f6bel. <\/p>\n<p data-start=\"396\" data-end=\"629\">Die gro\u00dfz\u00fcgigen, gesteppten Formen verleihen dem Puffer nicht nur einen einladenden Charakter, sondern machen ihn auch zu einem echten <strong data-start=\"513\" data-end=\"527\">Eyecatcher<\/strong> in deiner Einrichtung. Jedes Detail ist sorgf\u00e4ltig gefertigt, vom weichen Bezug bis zum raffinierten Gestell. <\/p>\n<p data-start=\"631\" data-end=\"810\"><strong data-start=\"631\" data-end=\"686\">Erh\u00e4ltlich in verschiedenen Konfigurationen und Ausf\u00fchrungen<\/strong> \u2013 vom kompakten Sessel bis zur gro\u00dfz\u00fcgigen Eckkombination \u2013 sodass du das Puffer perfekt auf deinen Raum und Wohnstil abstimmen kannst.<\/p>\n<p data-start=\"812\" data-end=\"826\"><strong data-start=\"812\" data-end=\"826\">Merkmale:<\/strong><\/p>\n<ul data-start=\"827\" data-end=\"1043\">\n<li data-start=\"827\" data-end=\"862\">\n<p data-start=\"829\" data-end=\"862\">In verschiedenen Ma\u00dfen lieferbar<\/p>\n<\/li>\n<li data-start=\"863\" data-end=\"896\">\n<p data-start=\"865\" data-end=\"896\">Auch als Sessel erh\u00e4ltlich<\/p>\n<\/li>\n<li data-start=\"897\" data-end=\"953\">\n<p data-start=\"899\" data-end=\"953\">In verschiedenen Stoffen und Lederarten erh\u00e4ltlich<\/p>\n<\/li>\n<li data-start=\"954\" data-end=\"1003\">\n<p data-start=\"956\" data-end=\"1003\">Einzigartiges Design, inspiriert von der Modewelt<\/p>\n<\/li>\n<li data-start=\"1004\" data-end=\"1043\">\n<p data-start=\"1006\" data-end=\"1043\">Entworfen und hergestellt von Jess Design<\/p>\n<\/li>\n<\/ul>\n<p data-start=\"1045\" data-end=\"1189\">Mit dem Puffer holst du dir nicht nur ein Sitzm\u00f6bel ins Haus, sondern ein Design-Statement, das luxuri\u00f6sen Komfort und zeitgem\u00e4\u00dfe Gestaltung perfekt kombiniert.<\/p>\n<hr data-start=\"1191\" data-end=\"1194\">\n","protected":false},"excerpt":{"rendered":"<p data-start=\"130\" data-end=\"394\"><strong data-start=\"130\" data-end=\"180\">Robust, stilvoll und unwiderstehlich bequem<\/strong> \u2013 das ist das <strong data-start=\"193\" data-end=\"203\">Puffer<\/strong> von <strong data-start=\"208\" data-end=\"223\">Jess Design<\/strong>. Inspiriert von der ikonischen <strong data-start=\"256\" data-end=\"269\">Pufferjacke<\/strong> aus der Modewelt, \u00fcbertr\u00e4gt dieses Sofa das Gef\u00fchl von Leichtigkeit und wohliger W\u00e4rme auf ein elegantes und modernes Sitzm\u00f6bel. <\/p>\n<p data-start=\"396\" data-end=\"629\">Die gro\u00dfz\u00fcgigen, gesteppten Formen verleihen dem Puffer nicht nur einen einladenden Charakter, sondern machen ihn auch zu einem echten <strong data-start=\"513\" data-end=\"527\">Eyecatcher<\/strong> in deiner Einrichtung. Jedes Detail ist sorgf\u00e4ltig gefertigt, vom weichen Bezug bis zum raffinierten Gestell. <\/p>\n<p data-start=\"631\" data-end=\"810\"><strong data-start=\"631\" data-end=\"686\">Erh\u00e4ltlich in verschiedenen Konfigurationen und Ausf\u00fchrungen<\/strong> \u2013 vom kompakten Sessel bis zur gro\u00dfz\u00fcgigen Eckkombination \u2013 sodass du das Puffer perfekt auf deinen Raum und Wohnstil abstimmen kannst.<\/p>\n<p data-start=\"812\" data-end=\"826\"><strong data-start=\"812\" data-end=\"826\">Merkmale:<\/strong><\/p>\n<ul data-start=\"827\" data-end=\"1043\">\n<li data-start=\"827\" data-end=\"862\">\n<p data-start=\"829\" data-end=\"862\">In verschiedenen Ma\u00dfen lieferbar<\/p>\n<\/li>\n<li data-start=\"863\" data-end=\"896\">\n<p data-start=\"865\" data-end=\"896\">Auch als Sessel erh\u00e4ltlich<\/p>\n<\/li>\n<li data-start=\"897\" data-end=\"953\">\n<p data-start=\"899\" data-end=\"953\">In verschiedenen Stoffen und Lederarten erh\u00e4ltlich<\/p>\n<\/li>\n<li data-start=\"954\" data-end=\"1003\">\n<p data-start=\"956\" data-end=\"1003\">Einzigartiges Design, inspiriert von der Modewelt<\/p>\n<\/li>\n<li data-start=\"1004\" data-end=\"1043\">\n<p data-start=\"1006\" data-end=\"1043\">Entworfen und hergestellt von Jess Design<\/p>\n<\/li>\n<\/ul>\n<p data-start=\"1045\" data-end=\"1189\">Mit dem Puffer holst du dir nicht nur ein Sitzm\u00f6bel ins Haus, sondern ein Design-Statement, das luxuri\u00f6sen Komfort und zeitgem\u00e4\u00dfe Gestaltung perfekt kombiniert.<\/p>\n","protected":false},"featured_media":6630,"template":"","meta":{"_joinchat":[]},"product_brand":[],"product_cat":[154,136,124,125,134],"product_tag":[],"class_list":{"0":"post-8021","1":"product","2":"type-product","3":"status-publish","4":"has-post-thumbnail","6":"product_cat-jess-design","7":"product_cat-marken","8":"product_cat-sitzmobel","9":"product_cat-sofa","10":"product_cat-sofas","12":"first","13":"instock","14":"shipping-taxable","15":"product-type-simple"},"_links":{"self":[{"href":"https:\/\/pinedesign.nl\/de\/wp-json\/wp\/v2\/product\/8021","targetHints":{"allow":["GET"]}}],"collection":[{"href":"https:\/\/pinedesign.nl\/de\/wp-json\/wp\/v2\/product"}],"about":[{"href":"https:\/\/pinedesign.nl\/de\/wp-json\/wp\/v2\/types\/product"}],"wp:featuredmedia":[{"embeddable":true,"href":"https:\/\/pinedesign.nl\/de\/wp-json\/wp\/v2\/media\/6630"}],"wp:attachment":[{"href":"https:\/\/pinedesign.nl\/de\/wp-json\/wp\/v2\/media?parent=8021"}],"wp:term":[{"taxonomy":"product_brand","embeddable":true,"href":"https:\/\/pinedesign.nl\/de\/wp-json\/wp\/v2\/product_brand?post=8021"},{"taxonomy":"product_cat","embeddable":true,"href":"https:\/\/pinedesign.nl\/de\/wp-json\/wp\/v2\/product_cat?post=8021"},{"taxonomy":"product_tag","embeddable":true,"href":"https:\/\/pinedesign.nl\/de\/wp-json\/wp\/v2\/product_tag?post=8021"}],"curies":[{"name":"wp","href":"https:\/\/api.w.org\/{rel}","templated":true}]}}