{"id":8016,"date":"2025-06-05T11:33:46","date_gmt":"2025-06-05T11:33:46","guid":{"rendered":"https:\/\/pinedesign.nl\/product\/esszimmerbank-gavi\/"},"modified":"2025-06-05T11:33:46","modified_gmt":"2025-06-05T11:33:46","slug":"esszimmerbank-gavi","status":"publish","type":"product","link":"https:\/\/pinedesign.nl\/de\/product\/esszimmerbank-gavi\/","title":{"rendered":"Esszimmerbank Gavi"},"content":{"rendered":"<h3 data-start=\"198\" data-end=\"253\"><strong data-start=\"202\" data-end=\"251\">Entdecke die Gavi Esszimmerbank von Cartel Living<\/strong><\/h3>\n<p data-start=\"254\" data-end=\"296\"><strong data-start=\"254\" data-end=\"296\">Rund, stilvoll, \u00fcberraschend vielseitig.<\/strong><\/p>\n<p data-start=\"298\" data-end=\"624\">Auf der Suche nach etwas Besonderem f\u00fcr deinen Essbereich? Die <strong data-start=\"347\" data-end=\"368\">Gavi Esszimmerbank<\/strong> von Cartel Living ist kein gew\u00f6hnliches Sitzm\u00f6bel \u2013 sie ist ein echter Blickfang. Mit ihrem eleganten Design, das bis zum Boden reicht, und der Wahl zwischen einer oder zwei abgerundeten Seiten (oder gar keiner), passt du die Gavi m\u00fchelos an deinen Stil und Raum an.  <\/p>\n<p data-start=\"626\" data-end=\"772\">Und wusstest du, dass die Gavi auch als <strong data-start=\"670\" data-end=\"682\">Eckbank<\/strong> f\u00fcr das Esszimmer erh\u00e4ltlich ist? Perfekt f\u00fcr lange Abende beim Essen, Drinks oder einfach zum gem\u00fctlichen Sitzen. <\/p>\n<p data-start=\"774\" data-end=\"1028\"><strong data-start=\"774\" data-end=\"813\">Warum du sie live erleben solltest?<\/strong><br data-start=\"813\" data-end=\"816\">\u2714 Erh\u00e4ltlich in <strong data-start=\"834\" data-end=\"862\">vielen verschiedenen Gr\u00f6\u00dfen<\/strong><br data-start=\"862\" data-end=\"865\">\u2714 Auswahl aus einer <strong data-start=\"881\" data-end=\"919\">gro\u00dfen Kollektion an Stoffen und Farben<\/strong><br data-start=\"919\" data-end=\"922\">\u2714 <strong data-start=\"924\" data-end=\"944\">Modulares Design<\/strong> \u2013 von schlicht und gerade bis spielerisch abgerundet<br data-start=\"985\" data-end=\"988\">\u2714 Komfort und Design in perfekter Balance<\/p>\n<p data-start=\"1030\" data-end=\"1104\">Eine Bank, die sich dir anpasst \u2013 das musst du f\u00fchlen, sehen und erleben.<\/p>\n<p data-start=\"1106\" data-end=\"1247\"><strong data-start=\"1106\" data-end=\"1132\">Neugierig geworden?<\/strong><br data-start=\"1132\" data-end=\"1135\">Komm zum Probesitzen in unser Gesch\u00e4ft und lass dich von den vielen Kombinationen und Stoffen inspirieren. Die Gavi wartet auf dich. <\/p>\n","protected":false},"excerpt":{"rendered":"<h3 data-start=\"198\" data-end=\"253\"><strong data-start=\"202\" data-end=\"251\">Entdecke die Gavi Esszimmerbank von Cartel Living<\/strong><\/h3>\n<p data-start=\"254\" data-end=\"296\"><strong data-start=\"254\" data-end=\"296\">Rund, stilvoll, \u00fcberraschend vielseitig.<\/strong><\/p>\n<p data-start=\"298\" data-end=\"624\">Auf der Suche nach etwas Besonderem f\u00fcr deinen Essbereich? Die <strong data-start=\"347\" data-end=\"368\">Gavi Esszimmerbank<\/strong> von Cartel Living ist kein gew\u00f6hnliches Sitzm\u00f6bel \u2013 sie ist ein echter Blickfang. Mit ihrem eleganten Design, das bis zum Boden reicht, und der Wahl zwischen einer oder zwei abgerundeten Seiten (oder gar keiner), passt du die Gavi m\u00fchelos an deinen Stil und Raum an.  <\/p>\n<p data-start=\"626\" data-end=\"772\">Und wusstest du, dass die Gavi auch als <strong data-start=\"670\" data-end=\"682\">Eckbank<\/strong> f\u00fcr das Esszimmer erh\u00e4ltlich ist? Perfekt f\u00fcr lange Abende beim Essen, Drinks oder einfach zum gem\u00fctlichen Sitzen. <\/p>\n<p data-start=\"774\" data-end=\"1028\"><strong data-start=\"774\" data-end=\"813\">Warum du sie live erleben solltest?<\/strong><br data-start=\"813\" data-end=\"816\">\u2714 Erh\u00e4ltlich in <strong data-start=\"834\" data-end=\"862\">vielen verschiedenen Gr\u00f6\u00dfen<\/strong><br data-start=\"862\" data-end=\"865\">\u2714 Auswahl aus einer <strong data-start=\"881\" data-end=\"919\">gro\u00dfen Kollektion an Stoffen und Farben<\/strong><br data-start=\"919\" data-end=\"922\">\u2714 <strong data-start=\"924\" data-end=\"944\">Modulares Design<\/strong> \u2013 von schlicht und gerade bis spielerisch abgerundet<br data-start=\"985\" data-end=\"988\">\u2714 Komfort und Design in perfekter Balance<\/p>\n<p data-start=\"1030\" data-end=\"1104\">Eine Bank, die sich dir anpasst \u2013 das musst du f\u00fchlen, sehen und erleben.<\/p>\n<p data-start=\"1106\" data-end=\"1247\"><strong data-start=\"1106\" data-end=\"1132\">Neugierig geworden?<\/strong><br data-start=\"1132\" data-end=\"1135\">Komm zum Probesitzen in unser Gesch\u00e4ft und lass dich von den vielen Kombinationen und Stoffen inspirieren. Die Gavi wartet auf dich. <\/p>\n","protected":false},"featured_media":6418,"template":"","meta":{"_joinchat":[]},"product_brand":[],"product_cat":[133,149,127,136,124],"product_tag":[],"class_list":{"0":"post-8016","1":"product","2":"type-product","3":"status-publish","4":"has-post-thumbnail","6":"product_cat-cartel-living","7":"product_cat-esszimmerbanke","9":"product_cat-marken","10":"product_cat-sitzmobel","12":"first","13":"instock","14":"shipping-taxable","15":"product-type-simple"},"_links":{"self":[{"href":"https:\/\/pinedesign.nl\/de\/wp-json\/wp\/v2\/product\/8016","targetHints":{"allow":["GET"]}}],"collection":[{"href":"https:\/\/pinedesign.nl\/de\/wp-json\/wp\/v2\/product"}],"about":[{"href":"https:\/\/pinedesign.nl\/de\/wp-json\/wp\/v2\/types\/product"}],"wp:featuredmedia":[{"embeddable":true,"href":"https:\/\/pinedesign.nl\/de\/wp-json\/wp\/v2\/media\/6418"}],"wp:attachment":[{"href":"https:\/\/pinedesign.nl\/de\/wp-json\/wp\/v2\/media?parent=8016"}],"wp:term":[{"taxonomy":"product_brand","embeddable":true,"href":"https:\/\/pinedesign.nl\/de\/wp-json\/wp\/v2\/product_brand?post=8016"},{"taxonomy":"product_cat","embeddable":true,"href":"https:\/\/pinedesign.nl\/de\/wp-json\/wp\/v2\/product_cat?post=8016"},{"taxonomy":"product_tag","embeddable":true,"href":"https:\/\/pinedesign.nl\/de\/wp-json\/wp\/v2\/product_tag?post=8016"}],"curies":[{"name":"wp","href":"https:\/\/api.w.org\/{rel}","templated":true}]}}