{"id":8015,"date":"2025-05-13T15:26:41","date_gmt":"2025-05-13T15:26:41","guid":{"rendered":"https:\/\/pinedesign.nl\/product\/wandregal-ty\/"},"modified":"2025-05-13T15:26:41","modified_gmt":"2025-05-13T15:26:41","slug":"wandregal-ty","status":"publish","type":"product","link":"https:\/\/pinedesign.nl\/de\/product\/wandregal-ty\/","title":{"rendered":"Wandregal Ty"},"content":{"rendered":"<h3 class=\"\" data-start=\"114\" data-end=\"142\">Wandregal Ty \u2013 Eleonora<\/h3>\n<p class=\"\" data-start=\"143\" data-end=\"188\"><strong data-start=\"143\" data-end=\"188\">Luftiges Design mit starker Ausstrahlung<\/strong><\/p>\n<p class=\"\" data-start=\"190\" data-end=\"485\">Das <strong data-start=\"193\" data-end=\"208\">Wandregal Ty<\/strong> von Eleonora ist eine stilvolle B\u00fchne f\u00fcr alles, was gesehen werden darf. Dieses offene Regal atmet Raum und Ruhe. Durch das luftige Design bleibt dein Interieur offen und weitl\u00e4ufig, w\u00e4hrend deine Lieblingsb\u00fccher, Vasen und Accessoires perfekt zur Geltung kommen.  <\/p>\n<p class=\"\" data-start=\"487\" data-end=\"730\">Gefertigt aus wundersch\u00f6nem Eichenholz und erh\u00e4ltlich in zwei edlen Farben \u2013 <strong data-start=\"559\" data-end=\"570\">natur<\/strong> und <strong data-start=\"574\" data-end=\"583\">braun<\/strong> \u2013 strahlt Ty nat\u00fcrliche Eleganz aus. Mit einem gro\u00dfz\u00fcgigen Format von <strong data-start=\"651\" data-end=\"672\">180 x 40 x 180 cm<\/strong> ist dieses Regal ein echter Blickfang, ohne massiv zu wirken. <\/p>\n<p class=\"\" data-start=\"732\" data-end=\"789\"><strong data-start=\"732\" data-end=\"789\">Ideal f\u00fcr Liebhaber von Minimalismus mit Charakter.<\/strong><\/p>\n<p class=\"\" data-start=\"791\" data-end=\"942\">Komm in unserem Gesch\u00e4ft vorbei und entdecke, wie Ty dein Interieur bereichern kann. Lass dich vom offenen Charakter und den endlosen Styling-M\u00f6glichkeiten inspirieren! <\/p>\n","protected":false},"excerpt":{"rendered":"<h3 class=\"\" data-start=\"114\" data-end=\"142\">Wandregal Ty \u2013 Eleonora<\/h3>\n<p class=\"\" data-start=\"143\" data-end=\"188\"><strong data-start=\"143\" data-end=\"188\">Luftiges Design mit starker Ausstrahlung<\/strong><\/p>\n<p class=\"\" data-start=\"190\" data-end=\"485\">Das <strong data-start=\"193\" data-end=\"208\">Wandregal Ty<\/strong> von Eleonora ist eine stilvolle B\u00fchne f\u00fcr alles, was gesehen werden darf. Dieses offene Regal atmet Raum und Ruhe. Durch das luftige Design bleibt dein Interieur offen und weitl\u00e4ufig, w\u00e4hrend deine Lieblingsb\u00fccher, Vasen und Accessoires perfekt zur Geltung kommen.  <\/p>\n<p class=\"\" data-start=\"487\" data-end=\"730\">Gefertigt aus wundersch\u00f6nem Eichenholz und erh\u00e4ltlich in zwei edlen Farben \u2013 <strong data-start=\"559\" data-end=\"570\">natur<\/strong> und <strong data-start=\"574\" data-end=\"583\">braun<\/strong> \u2013 strahlt Ty nat\u00fcrliche Eleganz aus. Mit einem gro\u00dfz\u00fcgigen Format von <strong data-start=\"651\" data-end=\"672\">180 x 40 x 180 cm<\/strong> ist dieses Regal ein echter Blickfang, ohne massiv zu wirken. <\/p>\n<p class=\"\" data-start=\"732\" data-end=\"789\"><strong data-start=\"732\" data-end=\"789\">Ideal f\u00fcr Liebhaber von Minimalismus mit Charakter.<\/strong><\/p>\n<p class=\"\" data-start=\"791\" data-end=\"942\">Komm in unserem Gesch\u00e4ft vorbei und entdecke, wie Ty dein Interieur bereichern kann. Lass dich vom offenen Charakter und den endlosen Styling-M\u00f6glichkeiten inspirieren! <\/p>\n","protected":false},"featured_media":6374,"template":"","meta":{"_joinchat":[]},"product_brand":[],"product_cat":[151,136,115,131],"product_tag":[],"class_list":{"0":"post-8015","1":"product","2":"type-product","3":"status-publish","4":"has-post-thumbnail","6":"product_cat-eleonora","7":"product_cat-marken","8":"product_cat-schranke","9":"product_cat-wandschranke","11":"first","12":"instock","13":"shipping-taxable","14":"product-type-simple"},"_links":{"self":[{"href":"https:\/\/pinedesign.nl\/de\/wp-json\/wp\/v2\/product\/8015","targetHints":{"allow":["GET"]}}],"collection":[{"href":"https:\/\/pinedesign.nl\/de\/wp-json\/wp\/v2\/product"}],"about":[{"href":"https:\/\/pinedesign.nl\/de\/wp-json\/wp\/v2\/types\/product"}],"wp:featuredmedia":[{"embeddable":true,"href":"https:\/\/pinedesign.nl\/de\/wp-json\/wp\/v2\/media\/6374"}],"wp:attachment":[{"href":"https:\/\/pinedesign.nl\/de\/wp-json\/wp\/v2\/media?parent=8015"}],"wp:term":[{"taxonomy":"product_brand","embeddable":true,"href":"https:\/\/pinedesign.nl\/de\/wp-json\/wp\/v2\/product_brand?post=8015"},{"taxonomy":"product_cat","embeddable":true,"href":"https:\/\/pinedesign.nl\/de\/wp-json\/wp\/v2\/product_cat?post=8015"},{"taxonomy":"product_tag","embeddable":true,"href":"https:\/\/pinedesign.nl\/de\/wp-json\/wp\/v2\/product_tag?post=8015"}],"curies":[{"name":"wp","href":"https:\/\/api.w.org\/{rel}","templated":true}]}}